{"id":1521,"date":"2025-11-10T11:44:24","date_gmt":"2025-11-10T10:44:24","guid":{"rendered":"https:\/\/www.dsk.lu\/produits\/temps-de-presence\/logiciel-tim\/tim\/"},"modified":"2025-11-28T15:08:10","modified_gmt":"2025-11-28T14:08:10","slug":"tim-2","status":"publish","type":"page","link":"https:\/\/www.dsk.lu\/en\/produits\/temps-de-presence\/logiciel-tim\/tim-2\/","title":{"rendered":"TiM"},"content":{"rendered":"<p>TiM est un logiciel de gestion du temps de pr\u00e9sence professionnel, \u00e9labor\u00e9 pour faciliter la gestion et le suivi de votre personnel.<\/p>\n","protected":false},"excerpt":{"rendered":"<p>TiM est un logiciel de gestion du temps de pr\u00e9sence professionnel, \u00e9labor\u00e9 pour faciliter la gestion et le suivi de votre personnel.<\/p>\n","protected":false},"author":4,"featured_media":500,"parent":473,"menu_order":0,"comment_status":"closed","ping_status":"closed","template":"template-product.php","meta":{"_acf_changed":false,"footnotes":""},"class_list":["post-1521","page","type-page","status-publish","has-post-thumbnail","hentry"],"acf":[],"yoast_head":"<!-- This site is optimized with the Yoast SEO plugin v27.4 - https:\/\/yoast.com\/product\/yoast-seo-wordpress\/ -->\r\n<title>TiM - Logiciel Gestion du Temps de Travail | DSK Systems<\/title>\r\n<meta name=\"description\" content=\"Facilitez et automatisez la gestion du temps de travail de vos employ\u00e9s avec le logiciel TiM, de DSK Systems Luxembourg.\" \/>\r\n<meta name=\"robots\" content=\"index, follow, max-snippet:-1, max-image-preview:large, max-video-preview:-1\" \/>\r\n<link rel=\"canonical\" href=\"https:\/\/www.dsk.lu\/en\/produits\/temps-de-presence\/logiciel-tim\/tim-2\/\" \/>\r\n<meta property=\"og:locale\" content=\"en_US\" \/>\r\n<meta property=\"og:type\" content=\"article\" \/>\r\n<meta property=\"og:title\" content=\"TiM - Logiciel Gestion du Temps de Travail | DSK Systems\" \/>\r\n<meta property=\"og:description\" content=\"Facilitez et automatisez la gestion du temps de travail de vos employ\u00e9s avec le logiciel TiM, de DSK Systems Luxembourg.\" \/>\r\n<meta property=\"og:url\" content=\"https:\/\/www.dsk.lu\/en\/produits\/temps-de-presence\/logiciel-tim\/tim-2\/\" \/>\r\n<meta property=\"og:site_name\" content=\"DSK Systems\" \/>\r\n<meta property=\"article:modified_time\" content=\"2025-11-28T14:08:10+00:00\" \/>\r\n<meta property=\"og:image\" content=\"https:\/\/www.dsk.lu\/wp-content\/uploads\/2025\/02\/tim_pic-1-1.png\" \/>\r\n\t<meta property=\"og:image:width\" content=\"510\" \/>\r\n\t<meta property=\"og:image:height\" content=\"255\" \/>\r\n\t<meta property=\"og:image:type\" content=\"image\/png\" \/>\r\n<meta name=\"twitter:card\" content=\"summary_large_image\" \/>\r\n<meta name=\"twitter:label1\" content=\"Est. reading time\" \/>\n\t<meta name=\"twitter:data1\" content=\"1 minute\" \/>\r\n<script type=\"application\/ld+json\" class=\"yoast-schema-graph\">{\"@context\":\"https:\\\/\\\/schema.org\",\"@graph\":[{\"@type\":\"WebPage\",\"@id\":\"https:\\\/\\\/www.dsk.lu\\\/en\\\/produits\\\/temps-de-presence\\\/logiciel-tim\\\/tim-2\\\/\",\"url\":\"https:\\\/\\\/www.dsk.lu\\\/en\\\/produits\\\/temps-de-presence\\\/logiciel-tim\\\/tim-2\\\/\",\"name\":\"TiM - Logiciel Gestion du Temps de Travail | DSK Systems\",\"isPartOf\":{\"@id\":\"https:\\\/\\\/www.dsk.lu\\\/en\\\/#website\"},\"primaryImageOfPage\":{\"@id\":\"https:\\\/\\\/www.dsk.lu\\\/en\\\/produits\\\/temps-de-presence\\\/logiciel-tim\\\/tim-2\\\/#primaryimage\"},\"image\":{\"@id\":\"https:\\\/\\\/www.dsk.lu\\\/en\\\/produits\\\/temps-de-presence\\\/logiciel-tim\\\/tim-2\\\/#primaryimage\"},\"thumbnailUrl\":\"https:\\\/\\\/www.dsk.lu\\\/wp-content\\\/uploads\\\/2025\\\/02\\\/tim_pic-1-1.png\",\"datePublished\":\"2025-11-10T10:44:24+00:00\",\"dateModified\":\"2025-11-28T14:08:10+00:00\",\"description\":\"Facilitez et automatisez la gestion du temps de travail de vos employ\u00e9s avec le logiciel TiM, de DSK Systems Luxembourg.\",\"breadcrumb\":{\"@id\":\"https:\\\/\\\/www.dsk.lu\\\/en\\\/produits\\\/temps-de-presence\\\/logiciel-tim\\\/tim-2\\\/#breadcrumb\"},\"inLanguage\":\"en-US\",\"potentialAction\":[{\"@type\":\"ReadAction\",\"target\":[\"https:\\\/\\\/www.dsk.lu\\\/en\\\/produits\\\/temps-de-presence\\\/logiciel-tim\\\/tim-2\\\/\"]}]},{\"@type\":\"ImageObject\",\"inLanguage\":\"en-US\",\"@id\":\"https:\\\/\\\/www.dsk.lu\\\/en\\\/produits\\\/temps-de-presence\\\/logiciel-tim\\\/tim-2\\\/#primaryimage\",\"url\":\"https:\\\/\\\/www.dsk.lu\\\/wp-content\\\/uploads\\\/2025\\\/02\\\/tim_pic-1-1.png\",\"contentUrl\":\"https:\\\/\\\/www.dsk.lu\\\/wp-content\\\/uploads\\\/2025\\\/02\\\/tim_pic-1-1.png\",\"width\":510,\"height\":255},{\"@type\":\"BreadcrumbList\",\"@id\":\"https:\\\/\\\/www.dsk.lu\\\/en\\\/produits\\\/temps-de-presence\\\/logiciel-tim\\\/tim-2\\\/#breadcrumb\",\"itemListElement\":[{\"@type\":\"ListItem\",\"position\":1,\"name\":\"Accueil\",\"item\":\"https:\\\/\\\/www.dsk.lu\\\/en\\\/\"},{\"@type\":\"ListItem\",\"position\":2,\"name\":\"Produits\",\"item\":\"https:\\\/\\\/www.dsk.lu\\\/en\\\/produits\\\/\"},{\"@type\":\"ListItem\",\"position\":3,\"name\":\"Temps de pr\u00e9sence\",\"item\":\"https:\\\/\\\/www.dsk.lu\\\/en\\\/produits\\\/temps-de-presence\\\/\"},{\"@type\":\"ListItem\",\"position\":4,\"name\":\"Logiciel Tim\",\"item\":\"https:\\\/\\\/www.dsk.lu\\\/en\\\/produits\\\/temps-de-presence\\\/logiciel-tim\\\/\"},{\"@type\":\"ListItem\",\"position\":5,\"name\":\"TiM\"}]},{\"@type\":\"WebSite\",\"@id\":\"https:\\\/\\\/www.dsk.lu\\\/en\\\/#website\",\"url\":\"https:\\\/\\\/www.dsk.lu\\\/en\\\/\",\"name\":\"DSK Systems\",\"description\":\"\",\"potentialAction\":[{\"@type\":\"SearchAction\",\"target\":{\"@type\":\"EntryPoint\",\"urlTemplate\":\"https:\\\/\\\/www.dsk.lu\\\/en\\\/?s={search_term_string}\"},\"query-input\":{\"@type\":\"PropertyValueSpecification\",\"valueRequired\":true,\"valueName\":\"search_term_string\"}}],\"inLanguage\":\"en-US\"}]}<\/script>\r\n<!-- \/ Yoast SEO plugin. -->","yoast_head_json":{"title":"TiM - Logiciel Gestion du Temps de Travail | DSK Systems","description":"Facilitez et automatisez la gestion du temps de travail de vos employ\u00e9s avec le logiciel TiM, de DSK Systems Luxembourg.","robots":{"index":"index","follow":"follow","max-snippet":"max-snippet:-1","max-image-preview":"max-image-preview:large","max-video-preview":"max-video-preview:-1"},"canonical":"https:\/\/www.dsk.lu\/en\/produits\/temps-de-presence\/logiciel-tim\/tim-2\/","og_locale":"en_US","og_type":"article","og_title":"TiM - Logiciel Gestion du Temps de Travail | DSK Systems","og_description":"Facilitez et automatisez la gestion du temps de travail de vos employ\u00e9s avec le logiciel TiM, de DSK Systems Luxembourg.","og_url":"https:\/\/www.dsk.lu\/en\/produits\/temps-de-presence\/logiciel-tim\/tim-2\/","og_site_name":"DSK Systems","article_modified_time":"2025-11-28T14:08:10+00:00","og_image":[{"width":510,"height":255,"url":"https:\/\/www.dsk.lu\/wp-content\/uploads\/2025\/02\/tim_pic-1-1.png","type":"image\/png"}],"twitter_card":"summary_large_image","twitter_misc":{"Est. reading time":"1 minute"},"schema":{"@context":"https:\/\/schema.org","@graph":[{"@type":"WebPage","@id":"https:\/\/www.dsk.lu\/en\/produits\/temps-de-presence\/logiciel-tim\/tim-2\/","url":"https:\/\/www.dsk.lu\/en\/produits\/temps-de-presence\/logiciel-tim\/tim-2\/","name":"TiM - Logiciel Gestion du Temps de Travail | DSK Systems","isPartOf":{"@id":"https:\/\/www.dsk.lu\/en\/#website"},"primaryImageOfPage":{"@id":"https:\/\/www.dsk.lu\/en\/produits\/temps-de-presence\/logiciel-tim\/tim-2\/#primaryimage"},"image":{"@id":"https:\/\/www.dsk.lu\/en\/produits\/temps-de-presence\/logiciel-tim\/tim-2\/#primaryimage"},"thumbnailUrl":"https:\/\/www.dsk.lu\/wp-content\/uploads\/2025\/02\/tim_pic-1-1.png","datePublished":"2025-11-10T10:44:24+00:00","dateModified":"2025-11-28T14:08:10+00:00","description":"Facilitez et automatisez la gestion du temps de travail de vos employ\u00e9s avec le logiciel TiM, de DSK Systems Luxembourg.","breadcrumb":{"@id":"https:\/\/www.dsk.lu\/en\/produits\/temps-de-presence\/logiciel-tim\/tim-2\/#breadcrumb"},"inLanguage":"en-US","potentialAction":[{"@type":"ReadAction","target":["https:\/\/www.dsk.lu\/en\/produits\/temps-de-presence\/logiciel-tim\/tim-2\/"]}]},{"@type":"ImageObject","inLanguage":"en-US","@id":"https:\/\/www.dsk.lu\/en\/produits\/temps-de-presence\/logiciel-tim\/tim-2\/#primaryimage","url":"https:\/\/www.dsk.lu\/wp-content\/uploads\/2025\/02\/tim_pic-1-1.png","contentUrl":"https:\/\/www.dsk.lu\/wp-content\/uploads\/2025\/02\/tim_pic-1-1.png","width":510,"height":255},{"@type":"BreadcrumbList","@id":"https:\/\/www.dsk.lu\/en\/produits\/temps-de-presence\/logiciel-tim\/tim-2\/#breadcrumb","itemListElement":[{"@type":"ListItem","position":1,"name":"Accueil","item":"https:\/\/www.dsk.lu\/en\/"},{"@type":"ListItem","position":2,"name":"Produits","item":"https:\/\/www.dsk.lu\/en\/produits\/"},{"@type":"ListItem","position":3,"name":"Temps de pr\u00e9sence","item":"https:\/\/www.dsk.lu\/en\/produits\/temps-de-presence\/"},{"@type":"ListItem","position":4,"name":"Logiciel Tim","item":"https:\/\/www.dsk.lu\/en\/produits\/temps-de-presence\/logiciel-tim\/"},{"@type":"ListItem","position":5,"name":"TiM"}]},{"@type":"WebSite","@id":"https:\/\/www.dsk.lu\/en\/#website","url":"https:\/\/www.dsk.lu\/en\/","name":"DSK Systems","description":"","potentialAction":[{"@type":"SearchAction","target":{"@type":"EntryPoint","urlTemplate":"https:\/\/www.dsk.lu\/en\/?s={search_term_string}"},"query-input":{"@type":"PropertyValueSpecification","valueRequired":true,"valueName":"search_term_string"}}],"inLanguage":"en-US"}]}},"_links":{"self":[{"href":"https:\/\/www.dsk.lu\/en\/wp-json\/wp\/v2\/pages\/1521","targetHints":{"allow":["GET"]}}],"collection":[{"href":"https:\/\/www.dsk.lu\/en\/wp-json\/wp\/v2\/pages"}],"about":[{"href":"https:\/\/www.dsk.lu\/en\/wp-json\/wp\/v2\/types\/page"}],"author":[{"embeddable":true,"href":"https:\/\/www.dsk.lu\/en\/wp-json\/wp\/v2\/users\/4"}],"replies":[{"embeddable":true,"href":"https:\/\/www.dsk.lu\/en\/wp-json\/wp\/v2\/comments?post=1521"}],"version-history":[{"count":1,"href":"https:\/\/www.dsk.lu\/en\/wp-json\/wp\/v2\/pages\/1521\/revisions"}],"predecessor-version":[{"id":1595,"href":"https:\/\/www.dsk.lu\/en\/wp-json\/wp\/v2\/pages\/1521\/revisions\/1595"}],"up":[{"embeddable":true,"href":"https:\/\/www.dsk.lu\/en\/wp-json\/wp\/v2\/pages\/473"}],"wp:featuredmedia":[{"embeddable":true,"href":"https:\/\/www.dsk.lu\/en\/wp-json\/wp\/v2\/media\/500"}],"wp:attachment":[{"href":"https:\/\/www.dsk.lu\/en\/wp-json\/wp\/v2\/media?parent=1521"}],"curies":[{"name":"wp","href":"https:\/\/api.w.org\/{rel}","templated":true}]}}