{"id":730,"date":"2025-02-14T15:39:44","date_gmt":"2025-02-14T14:39:44","guid":{"rendered":"https:\/\/www.dsk.lu\/?page_id=730"},"modified":"2025-11-11T14:59:52","modified_gmt":"2025-11-11T13:59:52","slug":"hikvision","status":"publish","type":"page","link":"https:\/\/www.dsk.lu\/de\/produkte\/sicherheit\/videoueberwachung\/hikvision\/","title":{"rendered":"Hikvision"},"content":{"rendered":"<p>Hikvision ist einer der f\u00fchrenden chinesischen Hersteller von IoT-Hardware. Mit ihren eigenen Produktionslinien und einer starken Erfahrung in der Produktentwicklung gelingt es Hikvision, hochmoderne Hardware zu sehr wettbewerbsf\u00e4higen Preisen anzubieten.<\/p>\n","protected":false},"excerpt":{"rendered":"<p>Hikvision ist einer der f\u00fchrenden chinesischen Hersteller von IoT-Hardware. Mit ihren eigenen Produktionslinien und einer starken Erfahrung in der Produktentwicklung gelingt es Hikvision, hochmoderne Hardware zu sehr wettbewerbsf\u00e4higen Preisen anzubieten.<\/p>\n","protected":false},"author":1,"featured_media":598,"parent":711,"menu_order":0,"comment_status":"closed","ping_status":"closed","template":"template-product.php","meta":{"_acf_changed":false,"footnotes":""},"class_list":["post-730","page","type-page","status-publish","has-post-thumbnail","hentry"],"acf":[],"yoast_head":"<!-- This site is optimized with the Yoast SEO plugin v27.4 - https:\/\/yoast.com\/product\/yoast-seo-wordpress\/ -->\r\n<title>Hikvision - Kameras mit bestem Preis | DSK Systems<\/title>\r\n<meta name=\"description\" content=\"Hikvision bietet leistungsstarke Kameras und Rekorder f\u00fcr die Video\u00fcberwachung, \u00fcberall zug\u00e4nglich: Vertrauen Sie DSK Systems bei der Installation.\" \/>\r\n<meta name=\"robots\" content=\"index, follow, max-snippet:-1, max-image-preview:large, max-video-preview:-1\" \/>\r\n<link rel=\"canonical\" href=\"https:\/\/www.dsk.lu\/de\/produkte\/sicherheit\/videoueberwachung\/hikvision\/\" \/>\r\n<meta property=\"og:locale\" content=\"de_DE\" \/>\r\n<meta property=\"og:type\" content=\"article\" \/>\r\n<meta property=\"og:title\" content=\"Hikvision - Kameras mit bestem Preis | DSK Systems\" \/>\r\n<meta property=\"og:description\" content=\"Hikvision bietet leistungsstarke Kameras und Rekorder f\u00fcr die Video\u00fcberwachung, \u00fcberall zug\u00e4nglich: Vertrauen Sie DSK Systems bei der Installation.\" \/>\r\n<meta property=\"og:url\" content=\"https:\/\/www.dsk.lu\/de\/produkte\/sicherheit\/videoueberwachung\/hikvision\/\" \/>\r\n<meta property=\"og:site_name\" content=\"DSK Systems\" \/>\r\n<meta property=\"article:modified_time\" content=\"2025-11-11T13:59:52+00:00\" \/>\r\n<meta property=\"og:image\" content=\"https:\/\/www.dsk.lu\/wp-content\/uploads\/2025\/02\/Hikvision_logo-800x112-1.png\" \/>\r\n\t<meta property=\"og:image:width\" content=\"800\" \/>\r\n\t<meta property=\"og:image:height\" content=\"112\" \/>\r\n\t<meta property=\"og:image:type\" content=\"image\/png\" \/>\r\n<meta name=\"twitter:card\" content=\"summary_large_image\" \/>\r\n<meta name=\"twitter:label1\" content=\"Gesch\u00e4tzte Lesezeit\" \/>\n\t<meta name=\"twitter:data1\" content=\"1\u00a0Minute\" \/>\r\n<script type=\"application\/ld+json\" class=\"yoast-schema-graph\">{\"@context\":\"https:\\\/\\\/schema.org\",\"@graph\":[{\"@type\":\"WebPage\",\"@id\":\"https:\\\/\\\/www.dsk.lu\\\/de\\\/produkte\\\/sicherheit\\\/videoueberwachung\\\/hikvision\\\/\",\"url\":\"https:\\\/\\\/www.dsk.lu\\\/de\\\/produkte\\\/sicherheit\\\/videoueberwachung\\\/hikvision\\\/\",\"name\":\"Hikvision - Kameras mit bestem Preis | DSK Systems\",\"isPartOf\":{\"@id\":\"https:\\\/\\\/www.dsk.lu\\\/de\\\/#website\"},\"primaryImageOfPage\":{\"@id\":\"https:\\\/\\\/www.dsk.lu\\\/de\\\/produkte\\\/sicherheit\\\/videoueberwachung\\\/hikvision\\\/#primaryimage\"},\"image\":{\"@id\":\"https:\\\/\\\/www.dsk.lu\\\/de\\\/produkte\\\/sicherheit\\\/videoueberwachung\\\/hikvision\\\/#primaryimage\"},\"thumbnailUrl\":\"https:\\\/\\\/www.dsk.lu\\\/wp-content\\\/uploads\\\/2025\\\/02\\\/Hikvision_logo-800x112-1.png\",\"datePublished\":\"2025-02-14T14:39:44+00:00\",\"dateModified\":\"2025-11-11T13:59:52+00:00\",\"description\":\"Hikvision bietet leistungsstarke Kameras und Rekorder f\u00fcr die Video\u00fcberwachung, \u00fcberall zug\u00e4nglich: Vertrauen Sie DSK Systems bei der Installation.\",\"breadcrumb\":{\"@id\":\"https:\\\/\\\/www.dsk.lu\\\/de\\\/produkte\\\/sicherheit\\\/videoueberwachung\\\/hikvision\\\/#breadcrumb\"},\"inLanguage\":\"de\",\"potentialAction\":[{\"@type\":\"ReadAction\",\"target\":[\"https:\\\/\\\/www.dsk.lu\\\/de\\\/produkte\\\/sicherheit\\\/videoueberwachung\\\/hikvision\\\/\"]}]},{\"@type\":\"ImageObject\",\"inLanguage\":\"de\",\"@id\":\"https:\\\/\\\/www.dsk.lu\\\/de\\\/produkte\\\/sicherheit\\\/videoueberwachung\\\/hikvision\\\/#primaryimage\",\"url\":\"https:\\\/\\\/www.dsk.lu\\\/wp-content\\\/uploads\\\/2025\\\/02\\\/Hikvision_logo-800x112-1.png\",\"contentUrl\":\"https:\\\/\\\/www.dsk.lu\\\/wp-content\\\/uploads\\\/2025\\\/02\\\/Hikvision_logo-800x112-1.png\",\"width\":800,\"height\":112},{\"@type\":\"BreadcrumbList\",\"@id\":\"https:\\\/\\\/www.dsk.lu\\\/de\\\/produkte\\\/sicherheit\\\/videoueberwachung\\\/hikvision\\\/#breadcrumb\",\"itemListElement\":[{\"@type\":\"ListItem\",\"position\":1,\"name\":\"Accueil\",\"item\":\"https:\\\/\\\/www.dsk.lu\\\/de\\\/\"},{\"@type\":\"ListItem\",\"position\":2,\"name\":\"Produkte\",\"item\":\"https:\\\/\\\/www.dsk.lu\\\/de\\\/produkte\\\/\"},{\"@type\":\"ListItem\",\"position\":3,\"name\":\"Sicherheit\",\"item\":\"https:\\\/\\\/www.dsk.lu\\\/de\\\/produkte\\\/sicherheit\\\/\"},{\"@type\":\"ListItem\",\"position\":4,\"name\":\"Video\u00fcberwachung\",\"item\":\"https:\\\/\\\/www.dsk.lu\\\/de\\\/produkte\\\/sicherheit\\\/videoueberwachung\\\/\"},{\"@type\":\"ListItem\",\"position\":5,\"name\":\"Hikvision\"}]},{\"@type\":\"WebSite\",\"@id\":\"https:\\\/\\\/www.dsk.lu\\\/de\\\/#website\",\"url\":\"https:\\\/\\\/www.dsk.lu\\\/de\\\/\",\"name\":\"DSK Systems\",\"description\":\"\",\"potentialAction\":[{\"@type\":\"SearchAction\",\"target\":{\"@type\":\"EntryPoint\",\"urlTemplate\":\"https:\\\/\\\/www.dsk.lu\\\/de\\\/?s={search_term_string}\"},\"query-input\":{\"@type\":\"PropertyValueSpecification\",\"valueRequired\":true,\"valueName\":\"search_term_string\"}}],\"inLanguage\":\"de\"}]}<\/script>\r\n<!-- \/ Yoast SEO plugin. -->","yoast_head_json":{"title":"Hikvision - Kameras mit bestem Preis | DSK Systems","description":"Hikvision bietet leistungsstarke Kameras und Rekorder f\u00fcr die Video\u00fcberwachung, \u00fcberall zug\u00e4nglich: Vertrauen Sie DSK Systems bei der Installation.","robots":{"index":"index","follow":"follow","max-snippet":"max-snippet:-1","max-image-preview":"max-image-preview:large","max-video-preview":"max-video-preview:-1"},"canonical":"https:\/\/www.dsk.lu\/de\/produkte\/sicherheit\/videoueberwachung\/hikvision\/","og_locale":"de_DE","og_type":"article","og_title":"Hikvision - Kameras mit bestem Preis | DSK Systems","og_description":"Hikvision bietet leistungsstarke Kameras und Rekorder f\u00fcr die Video\u00fcberwachung, \u00fcberall zug\u00e4nglich: Vertrauen Sie DSK Systems bei der Installation.","og_url":"https:\/\/www.dsk.lu\/de\/produkte\/sicherheit\/videoueberwachung\/hikvision\/","og_site_name":"DSK Systems","article_modified_time":"2025-11-11T13:59:52+00:00","og_image":[{"width":800,"height":112,"url":"https:\/\/www.dsk.lu\/wp-content\/uploads\/2025\/02\/Hikvision_logo-800x112-1.png","type":"image\/png"}],"twitter_card":"summary_large_image","twitter_misc":{"Gesch\u00e4tzte Lesezeit":"1\u00a0Minute"},"schema":{"@context":"https:\/\/schema.org","@graph":[{"@type":"WebPage","@id":"https:\/\/www.dsk.lu\/de\/produkte\/sicherheit\/videoueberwachung\/hikvision\/","url":"https:\/\/www.dsk.lu\/de\/produkte\/sicherheit\/videoueberwachung\/hikvision\/","name":"Hikvision - Kameras mit bestem Preis | DSK Systems","isPartOf":{"@id":"https:\/\/www.dsk.lu\/de\/#website"},"primaryImageOfPage":{"@id":"https:\/\/www.dsk.lu\/de\/produkte\/sicherheit\/videoueberwachung\/hikvision\/#primaryimage"},"image":{"@id":"https:\/\/www.dsk.lu\/de\/produkte\/sicherheit\/videoueberwachung\/hikvision\/#primaryimage"},"thumbnailUrl":"https:\/\/www.dsk.lu\/wp-content\/uploads\/2025\/02\/Hikvision_logo-800x112-1.png","datePublished":"2025-02-14T14:39:44+00:00","dateModified":"2025-11-11T13:59:52+00:00","description":"Hikvision bietet leistungsstarke Kameras und Rekorder f\u00fcr die Video\u00fcberwachung, \u00fcberall zug\u00e4nglich: Vertrauen Sie DSK Systems bei der Installation.","breadcrumb":{"@id":"https:\/\/www.dsk.lu\/de\/produkte\/sicherheit\/videoueberwachung\/hikvision\/#breadcrumb"},"inLanguage":"de","potentialAction":[{"@type":"ReadAction","target":["https:\/\/www.dsk.lu\/de\/produkte\/sicherheit\/videoueberwachung\/hikvision\/"]}]},{"@type":"ImageObject","inLanguage":"de","@id":"https:\/\/www.dsk.lu\/de\/produkte\/sicherheit\/videoueberwachung\/hikvision\/#primaryimage","url":"https:\/\/www.dsk.lu\/wp-content\/uploads\/2025\/02\/Hikvision_logo-800x112-1.png","contentUrl":"https:\/\/www.dsk.lu\/wp-content\/uploads\/2025\/02\/Hikvision_logo-800x112-1.png","width":800,"height":112},{"@type":"BreadcrumbList","@id":"https:\/\/www.dsk.lu\/de\/produkte\/sicherheit\/videoueberwachung\/hikvision\/#breadcrumb","itemListElement":[{"@type":"ListItem","position":1,"name":"Accueil","item":"https:\/\/www.dsk.lu\/de\/"},{"@type":"ListItem","position":2,"name":"Produkte","item":"https:\/\/www.dsk.lu\/de\/produkte\/"},{"@type":"ListItem","position":3,"name":"Sicherheit","item":"https:\/\/www.dsk.lu\/de\/produkte\/sicherheit\/"},{"@type":"ListItem","position":4,"name":"Video\u00fcberwachung","item":"https:\/\/www.dsk.lu\/de\/produkte\/sicherheit\/videoueberwachung\/"},{"@type":"ListItem","position":5,"name":"Hikvision"}]},{"@type":"WebSite","@id":"https:\/\/www.dsk.lu\/de\/#website","url":"https:\/\/www.dsk.lu\/de\/","name":"DSK Systems","description":"","potentialAction":[{"@type":"SearchAction","target":{"@type":"EntryPoint","urlTemplate":"https:\/\/www.dsk.lu\/de\/?s={search_term_string}"},"query-input":{"@type":"PropertyValueSpecification","valueRequired":true,"valueName":"search_term_string"}}],"inLanguage":"de"}]}},"_links":{"self":[{"href":"https:\/\/www.dsk.lu\/de\/wp-json\/wp\/v2\/pages\/730","targetHints":{"allow":["GET"]}}],"collection":[{"href":"https:\/\/www.dsk.lu\/de\/wp-json\/wp\/v2\/pages"}],"about":[{"href":"https:\/\/www.dsk.lu\/de\/wp-json\/wp\/v2\/types\/page"}],"author":[{"embeddable":true,"href":"https:\/\/www.dsk.lu\/de\/wp-json\/wp\/v2\/users\/1"}],"replies":[{"embeddable":true,"href":"https:\/\/www.dsk.lu\/de\/wp-json\/wp\/v2\/comments?post=730"}],"version-history":[{"count":2,"href":"https:\/\/www.dsk.lu\/de\/wp-json\/wp\/v2\/pages\/730\/revisions"}],"predecessor-version":[{"id":1151,"href":"https:\/\/www.dsk.lu\/de\/wp-json\/wp\/v2\/pages\/730\/revisions\/1151"}],"up":[{"embeddable":true,"href":"https:\/\/www.dsk.lu\/de\/wp-json\/wp\/v2\/pages\/711"}],"wp:featuredmedia":[{"embeddable":true,"href":"https:\/\/www.dsk.lu\/de\/wp-json\/wp\/v2\/media\/598"}],"wp:attachment":[{"href":"https:\/\/www.dsk.lu\/de\/wp-json\/wp\/v2\/media?parent=730"}],"curies":[{"name":"wp","href":"https:\/\/api.w.org\/{rel}","templated":true}]}}