{"id":725,"date":"2025-02-28T16:09:35","date_gmt":"2025-02-28T15:09:35","guid":{"rendered":"https:\/\/www.dsk.lu\/?page_id=725"},"modified":"2025-11-11T15:03:35","modified_gmt":"2025-11-11T14:03:35","slug":"aritech","status":"publish","type":"page","link":"https:\/\/www.dsk.lu\/de\/produkte\/sicherheit\/einbruchmeldeanlagen\/aritech\/","title":{"rendered":"Aritech"},"content":{"rendered":"<p>Aritech (ehemals UTC Fire &amp; Security) geh\u00f6rt zur Carrier-Gruppe und ist einer der weltweit f\u00fchrenden Anbieter von Brandschutz- und elektronischen Sicherheitsl\u00f6sungen. Sie sind unser bevorzugter Lieferant f\u00fcr kabelgebundene L\u00f6sungen.<\/p>\n","protected":false},"excerpt":{"rendered":"<p>Aritech (ehemals UTC Fire &amp; Security) geh\u00f6rt zur Carrier-Gruppe und ist einer der weltweit f\u00fchrenden Anbieter von Brandschutz- und elektronischen Sicherheitsl\u00f6sungen. Sie sind unser bevorzugter Lieferant f\u00fcr kabelgebundene L\u00f6sungen.<\/p>\n","protected":false},"author":1,"featured_media":580,"parent":707,"menu_order":1,"comment_status":"closed","ping_status":"closed","template":"template-product.php","meta":{"_acf_changed":false,"footnotes":""},"class_list":["post-725","page","type-page","status-publish","has-post-thumbnail","hentry"],"acf":[],"yoast_head":"<!-- This site is optimized with the Yoast SEO plugin v27.4 - https:\/\/yoast.com\/product\/yoast-seo-wordpress\/ -->\r\n<title>Aritech Alarmanlagen | DSK Systems<\/title>\r\n<meta name=\"description\" content=\"Entdecken Sie die Produkte von Aritech, einem Anbieter von Einbruchmelde- und Zutrittskontrollsystemen, die von DSK Systems in Luxemburg installiert werden.\" \/>\r\n<meta name=\"robots\" content=\"index, follow, max-snippet:-1, max-image-preview:large, max-video-preview:-1\" \/>\r\n<link rel=\"canonical\" href=\"https:\/\/www.dsk.lu\/de\/produkte\/sicherheit\/einbruchmeldeanlagen\/aritech\/\" \/>\r\n<meta property=\"og:locale\" content=\"de_DE\" \/>\r\n<meta property=\"og:type\" content=\"article\" \/>\r\n<meta property=\"og:title\" content=\"Aritech Alarmanlagen | DSK Systems\" \/>\r\n<meta property=\"og:description\" content=\"Entdecken Sie die Produkte von Aritech, einem Anbieter von Einbruchmelde- und Zutrittskontrollsystemen, die von DSK Systems in Luxemburg installiert werden.\" \/>\r\n<meta property=\"og:url\" content=\"https:\/\/www.dsk.lu\/de\/produkte\/sicherheit\/einbruchmeldeanlagen\/aritech\/\" \/>\r\n<meta property=\"og:site_name\" content=\"DSK Systems\" \/>\r\n<meta property=\"article:modified_time\" content=\"2025-11-11T14:03:35+00:00\" \/>\r\n<meta property=\"og:image\" content=\"https:\/\/www.dsk.lu\/wp-content\/uploads\/2025\/02\/aritech-page-logo-300px_0.png\" \/>\r\n\t<meta property=\"og:image:width\" content=\"300\" \/>\r\n\t<meta property=\"og:image:height\" content=\"57\" \/>\r\n\t<meta property=\"og:image:type\" content=\"image\/png\" \/>\r\n<meta name=\"twitter:card\" content=\"summary_large_image\" \/>\r\n<meta name=\"twitter:label1\" content=\"Gesch\u00e4tzte Lesezeit\" \/>\n\t<meta name=\"twitter:data1\" content=\"1\u00a0Minute\" \/>\r\n<script type=\"application\/ld+json\" class=\"yoast-schema-graph\">{\"@context\":\"https:\\\/\\\/schema.org\",\"@graph\":[{\"@type\":\"WebPage\",\"@id\":\"https:\\\/\\\/www.dsk.lu\\\/de\\\/produkte\\\/sicherheit\\\/einbruchmeldeanlagen\\\/aritech\\\/\",\"url\":\"https:\\\/\\\/www.dsk.lu\\\/de\\\/produkte\\\/sicherheit\\\/einbruchmeldeanlagen\\\/aritech\\\/\",\"name\":\"Aritech Alarmanlagen | DSK Systems\",\"isPartOf\":{\"@id\":\"https:\\\/\\\/www.dsk.lu\\\/de\\\/#website\"},\"primaryImageOfPage\":{\"@id\":\"https:\\\/\\\/www.dsk.lu\\\/de\\\/produkte\\\/sicherheit\\\/einbruchmeldeanlagen\\\/aritech\\\/#primaryimage\"},\"image\":{\"@id\":\"https:\\\/\\\/www.dsk.lu\\\/de\\\/produkte\\\/sicherheit\\\/einbruchmeldeanlagen\\\/aritech\\\/#primaryimage\"},\"thumbnailUrl\":\"https:\\\/\\\/www.dsk.lu\\\/wp-content\\\/uploads\\\/2025\\\/02\\\/aritech-page-logo-300px_0.png\",\"datePublished\":\"2025-02-28T15:09:35+00:00\",\"dateModified\":\"2025-11-11T14:03:35+00:00\",\"description\":\"Entdecken Sie die Produkte von Aritech, einem Anbieter von Einbruchmelde- und Zutrittskontrollsystemen, die von DSK Systems in Luxemburg installiert werden.\",\"breadcrumb\":{\"@id\":\"https:\\\/\\\/www.dsk.lu\\\/de\\\/produkte\\\/sicherheit\\\/einbruchmeldeanlagen\\\/aritech\\\/#breadcrumb\"},\"inLanguage\":\"de\",\"potentialAction\":[{\"@type\":\"ReadAction\",\"target\":[\"https:\\\/\\\/www.dsk.lu\\\/de\\\/produkte\\\/sicherheit\\\/einbruchmeldeanlagen\\\/aritech\\\/\"]}]},{\"@type\":\"ImageObject\",\"inLanguage\":\"de\",\"@id\":\"https:\\\/\\\/www.dsk.lu\\\/de\\\/produkte\\\/sicherheit\\\/einbruchmeldeanlagen\\\/aritech\\\/#primaryimage\",\"url\":\"https:\\\/\\\/www.dsk.lu\\\/wp-content\\\/uploads\\\/2025\\\/02\\\/aritech-page-logo-300px_0.png\",\"contentUrl\":\"https:\\\/\\\/www.dsk.lu\\\/wp-content\\\/uploads\\\/2025\\\/02\\\/aritech-page-logo-300px_0.png\",\"width\":300,\"height\":57},{\"@type\":\"BreadcrumbList\",\"@id\":\"https:\\\/\\\/www.dsk.lu\\\/de\\\/produkte\\\/sicherheit\\\/einbruchmeldeanlagen\\\/aritech\\\/#breadcrumb\",\"itemListElement\":[{\"@type\":\"ListItem\",\"position\":1,\"name\":\"Accueil\",\"item\":\"https:\\\/\\\/www.dsk.lu\\\/de\\\/\"},{\"@type\":\"ListItem\",\"position\":2,\"name\":\"Produkte\",\"item\":\"https:\\\/\\\/www.dsk.lu\\\/de\\\/produkte\\\/\"},{\"@type\":\"ListItem\",\"position\":3,\"name\":\"Sicherheit\",\"item\":\"https:\\\/\\\/www.dsk.lu\\\/de\\\/produkte\\\/sicherheit\\\/\"},{\"@type\":\"ListItem\",\"position\":4,\"name\":\"Einbruchmeldeanlagen\",\"item\":\"https:\\\/\\\/www.dsk.lu\\\/de\\\/produkte\\\/sicherheit\\\/einbruchmeldeanlagen\\\/\"},{\"@type\":\"ListItem\",\"position\":5,\"name\":\"Aritech\"}]},{\"@type\":\"WebSite\",\"@id\":\"https:\\\/\\\/www.dsk.lu\\\/de\\\/#website\",\"url\":\"https:\\\/\\\/www.dsk.lu\\\/de\\\/\",\"name\":\"DSK Systems\",\"description\":\"\",\"potentialAction\":[{\"@type\":\"SearchAction\",\"target\":{\"@type\":\"EntryPoint\",\"urlTemplate\":\"https:\\\/\\\/www.dsk.lu\\\/de\\\/?s={search_term_string}\"},\"query-input\":{\"@type\":\"PropertyValueSpecification\",\"valueRequired\":true,\"valueName\":\"search_term_string\"}}],\"inLanguage\":\"de\"}]}<\/script>\r\n<!-- \/ Yoast SEO plugin. -->","yoast_head_json":{"title":"Aritech Alarmanlagen | DSK Systems","description":"Entdecken Sie die Produkte von Aritech, einem Anbieter von Einbruchmelde- und Zutrittskontrollsystemen, die von DSK Systems in Luxemburg installiert werden.","robots":{"index":"index","follow":"follow","max-snippet":"max-snippet:-1","max-image-preview":"max-image-preview:large","max-video-preview":"max-video-preview:-1"},"canonical":"https:\/\/www.dsk.lu\/de\/produkte\/sicherheit\/einbruchmeldeanlagen\/aritech\/","og_locale":"de_DE","og_type":"article","og_title":"Aritech Alarmanlagen | DSK Systems","og_description":"Entdecken Sie die Produkte von Aritech, einem Anbieter von Einbruchmelde- und Zutrittskontrollsystemen, die von DSK Systems in Luxemburg installiert werden.","og_url":"https:\/\/www.dsk.lu\/de\/produkte\/sicherheit\/einbruchmeldeanlagen\/aritech\/","og_site_name":"DSK Systems","article_modified_time":"2025-11-11T14:03:35+00:00","og_image":[{"width":300,"height":57,"url":"https:\/\/www.dsk.lu\/wp-content\/uploads\/2025\/02\/aritech-page-logo-300px_0.png","type":"image\/png"}],"twitter_card":"summary_large_image","twitter_misc":{"Gesch\u00e4tzte Lesezeit":"1\u00a0Minute"},"schema":{"@context":"https:\/\/schema.org","@graph":[{"@type":"WebPage","@id":"https:\/\/www.dsk.lu\/de\/produkte\/sicherheit\/einbruchmeldeanlagen\/aritech\/","url":"https:\/\/www.dsk.lu\/de\/produkte\/sicherheit\/einbruchmeldeanlagen\/aritech\/","name":"Aritech Alarmanlagen | DSK Systems","isPartOf":{"@id":"https:\/\/www.dsk.lu\/de\/#website"},"primaryImageOfPage":{"@id":"https:\/\/www.dsk.lu\/de\/produkte\/sicherheit\/einbruchmeldeanlagen\/aritech\/#primaryimage"},"image":{"@id":"https:\/\/www.dsk.lu\/de\/produkte\/sicherheit\/einbruchmeldeanlagen\/aritech\/#primaryimage"},"thumbnailUrl":"https:\/\/www.dsk.lu\/wp-content\/uploads\/2025\/02\/aritech-page-logo-300px_0.png","datePublished":"2025-02-28T15:09:35+00:00","dateModified":"2025-11-11T14:03:35+00:00","description":"Entdecken Sie die Produkte von Aritech, einem Anbieter von Einbruchmelde- und Zutrittskontrollsystemen, die von DSK Systems in Luxemburg installiert werden.","breadcrumb":{"@id":"https:\/\/www.dsk.lu\/de\/produkte\/sicherheit\/einbruchmeldeanlagen\/aritech\/#breadcrumb"},"inLanguage":"de","potentialAction":[{"@type":"ReadAction","target":["https:\/\/www.dsk.lu\/de\/produkte\/sicherheit\/einbruchmeldeanlagen\/aritech\/"]}]},{"@type":"ImageObject","inLanguage":"de","@id":"https:\/\/www.dsk.lu\/de\/produkte\/sicherheit\/einbruchmeldeanlagen\/aritech\/#primaryimage","url":"https:\/\/www.dsk.lu\/wp-content\/uploads\/2025\/02\/aritech-page-logo-300px_0.png","contentUrl":"https:\/\/www.dsk.lu\/wp-content\/uploads\/2025\/02\/aritech-page-logo-300px_0.png","width":300,"height":57},{"@type":"BreadcrumbList","@id":"https:\/\/www.dsk.lu\/de\/produkte\/sicherheit\/einbruchmeldeanlagen\/aritech\/#breadcrumb","itemListElement":[{"@type":"ListItem","position":1,"name":"Accueil","item":"https:\/\/www.dsk.lu\/de\/"},{"@type":"ListItem","position":2,"name":"Produkte","item":"https:\/\/www.dsk.lu\/de\/produkte\/"},{"@type":"ListItem","position":3,"name":"Sicherheit","item":"https:\/\/www.dsk.lu\/de\/produkte\/sicherheit\/"},{"@type":"ListItem","position":4,"name":"Einbruchmeldeanlagen","item":"https:\/\/www.dsk.lu\/de\/produkte\/sicherheit\/einbruchmeldeanlagen\/"},{"@type":"ListItem","position":5,"name":"Aritech"}]},{"@type":"WebSite","@id":"https:\/\/www.dsk.lu\/de\/#website","url":"https:\/\/www.dsk.lu\/de\/","name":"DSK Systems","description":"","potentialAction":[{"@type":"SearchAction","target":{"@type":"EntryPoint","urlTemplate":"https:\/\/www.dsk.lu\/de\/?s={search_term_string}"},"query-input":{"@type":"PropertyValueSpecification","valueRequired":true,"valueName":"search_term_string"}}],"inLanguage":"de"}]}},"_links":{"self":[{"href":"https:\/\/www.dsk.lu\/de\/wp-json\/wp\/v2\/pages\/725","targetHints":{"allow":["GET"]}}],"collection":[{"href":"https:\/\/www.dsk.lu\/de\/wp-json\/wp\/v2\/pages"}],"about":[{"href":"https:\/\/www.dsk.lu\/de\/wp-json\/wp\/v2\/types\/page"}],"author":[{"embeddable":true,"href":"https:\/\/www.dsk.lu\/de\/wp-json\/wp\/v2\/users\/1"}],"replies":[{"embeddable":true,"href":"https:\/\/www.dsk.lu\/de\/wp-json\/wp\/v2\/comments?post=725"}],"version-history":[{"count":2,"href":"https:\/\/www.dsk.lu\/de\/wp-json\/wp\/v2\/pages\/725\/revisions"}],"predecessor-version":[{"id":1133,"href":"https:\/\/www.dsk.lu\/de\/wp-json\/wp\/v2\/pages\/725\/revisions\/1133"}],"up":[{"embeddable":true,"href":"https:\/\/www.dsk.lu\/de\/wp-json\/wp\/v2\/pages\/707"}],"wp:featuredmedia":[{"embeddable":true,"href":"https:\/\/www.dsk.lu\/de\/wp-json\/wp\/v2\/media\/580"}],"wp:attachment":[{"href":"https:\/\/www.dsk.lu\/de\/wp-json\/wp\/v2\/media?parent=725"}],"curies":[{"name":"wp","href":"https:\/\/api.w.org\/{rel}","templated":true}]}}