{"id":714,"date":"2025-02-28T15:59:35","date_gmt":"2025-02-28T14:59:35","guid":{"rendered":"https:\/\/www.dsk.lu\/?page_id=714"},"modified":"2025-11-11T14:53:41","modified_gmt":"2025-11-11T13:53:41","slug":"autec","status":"publish","type":"page","link":"https:\/\/www.dsk.lu\/de\/produkte\/sicherheit\/zugangskontrolle\/autec\/","title":{"rendered":"Autec"},"content":{"rendered":"<p class=\"f16-w400\">Autec ist bekannt f\u00fcr seine funktionalen und robusten Zugangsverwaltungsl\u00f6sungen, die problemlos mehrere tausend Benutzer mit sehr hoher Zuverl\u00e4ssigkeit verwalten k\u00f6nnen.<\/p>\n","protected":false},"excerpt":{"rendered":"<p>Autec ist bekannt f\u00fcr seine funktionalen und robusten Zugangsverwaltungsl\u00f6sungen, die problemlos mehrere tausend Benutzer mit sehr hoher Zuverl\u00e4ssigkeit verwalten k\u00f6nnen.<\/p>\n","protected":false},"author":1,"featured_media":557,"parent":705,"menu_order":4,"comment_status":"closed","ping_status":"closed","template":"template-product.php","meta":{"_acf_changed":false,"footnotes":""},"class_list":["post-714","page","type-page","status-publish","has-post-thumbnail","hentry"],"acf":[],"yoast_head":"<!-- This site is optimized with the Yoast SEO plugin v27.4 - https:\/\/yoast.com\/product\/yoast-seo-wordpress\/ -->\r\n<title>Autec - Hochsicherheit f\u00fcr Zutrittskontrolle | DSK Systems<\/title>\r\n<meta name=\"description\" content=\"DSK arbeitet mit Autec zusammen, einem Anbieter von Zutrittskontrolll\u00f6sungen mit sehr hoher Zuverl\u00e4ssigkeit, geeignet f\u00fcr Installationen in Unternehmen jeder Art.\" \/>\r\n<meta name=\"robots\" content=\"index, follow, max-snippet:-1, max-image-preview:large, max-video-preview:-1\" \/>\r\n<link rel=\"canonical\" href=\"https:\/\/www.dsk.lu\/de\/produkte\/sicherheit\/zugangskontrolle\/autec\/\" \/>\r\n<meta property=\"og:locale\" content=\"de_DE\" \/>\r\n<meta property=\"og:type\" content=\"article\" \/>\r\n<meta property=\"og:title\" content=\"Autec - Hochsicherheit f\u00fcr Zutrittskontrolle | DSK Systems\" \/>\r\n<meta property=\"og:description\" content=\"DSK arbeitet mit Autec zusammen, einem Anbieter von Zutrittskontrolll\u00f6sungen mit sehr hoher Zuverl\u00e4ssigkeit, geeignet f\u00fcr Installationen in Unternehmen jeder Art.\" \/>\r\n<meta property=\"og:url\" content=\"https:\/\/www.dsk.lu\/de\/produkte\/sicherheit\/zugangskontrolle\/autec\/\" \/>\r\n<meta property=\"og:site_name\" content=\"DSK Systems\" \/>\r\n<meta property=\"article:modified_time\" content=\"2025-11-11T13:53:41+00:00\" \/>\r\n<meta property=\"og:image\" content=\"https:\/\/www.dsk.lu\/wp-content\/uploads\/2025\/02\/autec_logo-800x198-1.png\" \/>\r\n\t<meta property=\"og:image:width\" content=\"800\" \/>\r\n\t<meta property=\"og:image:height\" content=\"198\" \/>\r\n\t<meta property=\"og:image:type\" content=\"image\/png\" \/>\r\n<meta name=\"twitter:card\" content=\"summary_large_image\" \/>\r\n<meta name=\"twitter:label1\" content=\"Gesch\u00e4tzte Lesezeit\" \/>\n\t<meta name=\"twitter:data1\" content=\"1\u00a0Minute\" \/>\r\n<script type=\"application\/ld+json\" class=\"yoast-schema-graph\">{\"@context\":\"https:\\\/\\\/schema.org\",\"@graph\":[{\"@type\":\"WebPage\",\"@id\":\"https:\\\/\\\/www.dsk.lu\\\/de\\\/produkte\\\/sicherheit\\\/zugangskontrolle\\\/autec\\\/\",\"url\":\"https:\\\/\\\/www.dsk.lu\\\/de\\\/produkte\\\/sicherheit\\\/zugangskontrolle\\\/autec\\\/\",\"name\":\"Autec - Hochsicherheit f\u00fcr Zutrittskontrolle | DSK Systems\",\"isPartOf\":{\"@id\":\"https:\\\/\\\/www.dsk.lu\\\/de\\\/#website\"},\"primaryImageOfPage\":{\"@id\":\"https:\\\/\\\/www.dsk.lu\\\/de\\\/produkte\\\/sicherheit\\\/zugangskontrolle\\\/autec\\\/#primaryimage\"},\"image\":{\"@id\":\"https:\\\/\\\/www.dsk.lu\\\/de\\\/produkte\\\/sicherheit\\\/zugangskontrolle\\\/autec\\\/#primaryimage\"},\"thumbnailUrl\":\"https:\\\/\\\/www.dsk.lu\\\/wp-content\\\/uploads\\\/2025\\\/02\\\/autec_logo-800x198-1.png\",\"datePublished\":\"2025-02-28T14:59:35+00:00\",\"dateModified\":\"2025-11-11T13:53:41+00:00\",\"description\":\"DSK arbeitet mit Autec zusammen, einem Anbieter von Zutrittskontrolll\u00f6sungen mit sehr hoher Zuverl\u00e4ssigkeit, geeignet f\u00fcr Installationen in Unternehmen jeder Art.\",\"breadcrumb\":{\"@id\":\"https:\\\/\\\/www.dsk.lu\\\/de\\\/produkte\\\/sicherheit\\\/zugangskontrolle\\\/autec\\\/#breadcrumb\"},\"inLanguage\":\"de\",\"potentialAction\":[{\"@type\":\"ReadAction\",\"target\":[\"https:\\\/\\\/www.dsk.lu\\\/de\\\/produkte\\\/sicherheit\\\/zugangskontrolle\\\/autec\\\/\"]}]},{\"@type\":\"ImageObject\",\"inLanguage\":\"de\",\"@id\":\"https:\\\/\\\/www.dsk.lu\\\/de\\\/produkte\\\/sicherheit\\\/zugangskontrolle\\\/autec\\\/#primaryimage\",\"url\":\"https:\\\/\\\/www.dsk.lu\\\/wp-content\\\/uploads\\\/2025\\\/02\\\/autec_logo-800x198-1.png\",\"contentUrl\":\"https:\\\/\\\/www.dsk.lu\\\/wp-content\\\/uploads\\\/2025\\\/02\\\/autec_logo-800x198-1.png\",\"width\":800,\"height\":198},{\"@type\":\"BreadcrumbList\",\"@id\":\"https:\\\/\\\/www.dsk.lu\\\/de\\\/produkte\\\/sicherheit\\\/zugangskontrolle\\\/autec\\\/#breadcrumb\",\"itemListElement\":[{\"@type\":\"ListItem\",\"position\":1,\"name\":\"Accueil\",\"item\":\"https:\\\/\\\/www.dsk.lu\\\/de\\\/\"},{\"@type\":\"ListItem\",\"position\":2,\"name\":\"Produkte\",\"item\":\"https:\\\/\\\/www.dsk.lu\\\/de\\\/produkte\\\/\"},{\"@type\":\"ListItem\",\"position\":3,\"name\":\"Sicherheit\",\"item\":\"https:\\\/\\\/www.dsk.lu\\\/de\\\/produkte\\\/sicherheit\\\/\"},{\"@type\":\"ListItem\",\"position\":4,\"name\":\"Zugangskontrolle\",\"item\":\"https:\\\/\\\/www.dsk.lu\\\/de\\\/produkte\\\/sicherheit\\\/zugangskontrolle\\\/\"},{\"@type\":\"ListItem\",\"position\":5,\"name\":\"Autec\"}]},{\"@type\":\"WebSite\",\"@id\":\"https:\\\/\\\/www.dsk.lu\\\/de\\\/#website\",\"url\":\"https:\\\/\\\/www.dsk.lu\\\/de\\\/\",\"name\":\"DSK Systems\",\"description\":\"\",\"potentialAction\":[{\"@type\":\"SearchAction\",\"target\":{\"@type\":\"EntryPoint\",\"urlTemplate\":\"https:\\\/\\\/www.dsk.lu\\\/de\\\/?s={search_term_string}\"},\"query-input\":{\"@type\":\"PropertyValueSpecification\",\"valueRequired\":true,\"valueName\":\"search_term_string\"}}],\"inLanguage\":\"de\"}]}<\/script>\r\n<!-- \/ Yoast SEO plugin. -->","yoast_head_json":{"title":"Autec - Hochsicherheit f\u00fcr Zutrittskontrolle | DSK Systems","description":"DSK arbeitet mit Autec zusammen, einem Anbieter von Zutrittskontrolll\u00f6sungen mit sehr hoher Zuverl\u00e4ssigkeit, geeignet f\u00fcr Installationen in Unternehmen jeder Art.","robots":{"index":"index","follow":"follow","max-snippet":"max-snippet:-1","max-image-preview":"max-image-preview:large","max-video-preview":"max-video-preview:-1"},"canonical":"https:\/\/www.dsk.lu\/de\/produkte\/sicherheit\/zugangskontrolle\/autec\/","og_locale":"de_DE","og_type":"article","og_title":"Autec - Hochsicherheit f\u00fcr Zutrittskontrolle | DSK Systems","og_description":"DSK arbeitet mit Autec zusammen, einem Anbieter von Zutrittskontrolll\u00f6sungen mit sehr hoher Zuverl\u00e4ssigkeit, geeignet f\u00fcr Installationen in Unternehmen jeder Art.","og_url":"https:\/\/www.dsk.lu\/de\/produkte\/sicherheit\/zugangskontrolle\/autec\/","og_site_name":"DSK Systems","article_modified_time":"2025-11-11T13:53:41+00:00","og_image":[{"width":800,"height":198,"url":"https:\/\/www.dsk.lu\/wp-content\/uploads\/2025\/02\/autec_logo-800x198-1.png","type":"image\/png"}],"twitter_card":"summary_large_image","twitter_misc":{"Gesch\u00e4tzte Lesezeit":"1\u00a0Minute"},"schema":{"@context":"https:\/\/schema.org","@graph":[{"@type":"WebPage","@id":"https:\/\/www.dsk.lu\/de\/produkte\/sicherheit\/zugangskontrolle\/autec\/","url":"https:\/\/www.dsk.lu\/de\/produkte\/sicherheit\/zugangskontrolle\/autec\/","name":"Autec - Hochsicherheit f\u00fcr Zutrittskontrolle | DSK Systems","isPartOf":{"@id":"https:\/\/www.dsk.lu\/de\/#website"},"primaryImageOfPage":{"@id":"https:\/\/www.dsk.lu\/de\/produkte\/sicherheit\/zugangskontrolle\/autec\/#primaryimage"},"image":{"@id":"https:\/\/www.dsk.lu\/de\/produkte\/sicherheit\/zugangskontrolle\/autec\/#primaryimage"},"thumbnailUrl":"https:\/\/www.dsk.lu\/wp-content\/uploads\/2025\/02\/autec_logo-800x198-1.png","datePublished":"2025-02-28T14:59:35+00:00","dateModified":"2025-11-11T13:53:41+00:00","description":"DSK arbeitet mit Autec zusammen, einem Anbieter von Zutrittskontrolll\u00f6sungen mit sehr hoher Zuverl\u00e4ssigkeit, geeignet f\u00fcr Installationen in Unternehmen jeder Art.","breadcrumb":{"@id":"https:\/\/www.dsk.lu\/de\/produkte\/sicherheit\/zugangskontrolle\/autec\/#breadcrumb"},"inLanguage":"de","potentialAction":[{"@type":"ReadAction","target":["https:\/\/www.dsk.lu\/de\/produkte\/sicherheit\/zugangskontrolle\/autec\/"]}]},{"@type":"ImageObject","inLanguage":"de","@id":"https:\/\/www.dsk.lu\/de\/produkte\/sicherheit\/zugangskontrolle\/autec\/#primaryimage","url":"https:\/\/www.dsk.lu\/wp-content\/uploads\/2025\/02\/autec_logo-800x198-1.png","contentUrl":"https:\/\/www.dsk.lu\/wp-content\/uploads\/2025\/02\/autec_logo-800x198-1.png","width":800,"height":198},{"@type":"BreadcrumbList","@id":"https:\/\/www.dsk.lu\/de\/produkte\/sicherheit\/zugangskontrolle\/autec\/#breadcrumb","itemListElement":[{"@type":"ListItem","position":1,"name":"Accueil","item":"https:\/\/www.dsk.lu\/de\/"},{"@type":"ListItem","position":2,"name":"Produkte","item":"https:\/\/www.dsk.lu\/de\/produkte\/"},{"@type":"ListItem","position":3,"name":"Sicherheit","item":"https:\/\/www.dsk.lu\/de\/produkte\/sicherheit\/"},{"@type":"ListItem","position":4,"name":"Zugangskontrolle","item":"https:\/\/www.dsk.lu\/de\/produkte\/sicherheit\/zugangskontrolle\/"},{"@type":"ListItem","position":5,"name":"Autec"}]},{"@type":"WebSite","@id":"https:\/\/www.dsk.lu\/de\/#website","url":"https:\/\/www.dsk.lu\/de\/","name":"DSK Systems","description":"","potentialAction":[{"@type":"SearchAction","target":{"@type":"EntryPoint","urlTemplate":"https:\/\/www.dsk.lu\/de\/?s={search_term_string}"},"query-input":{"@type":"PropertyValueSpecification","valueRequired":true,"valueName":"search_term_string"}}],"inLanguage":"de"}]}},"_links":{"self":[{"href":"https:\/\/www.dsk.lu\/de\/wp-json\/wp\/v2\/pages\/714","targetHints":{"allow":["GET"]}}],"collection":[{"href":"https:\/\/www.dsk.lu\/de\/wp-json\/wp\/v2\/pages"}],"about":[{"href":"https:\/\/www.dsk.lu\/de\/wp-json\/wp\/v2\/types\/page"}],"author":[{"embeddable":true,"href":"https:\/\/www.dsk.lu\/de\/wp-json\/wp\/v2\/users\/1"}],"replies":[{"embeddable":true,"href":"https:\/\/www.dsk.lu\/de\/wp-json\/wp\/v2\/comments?post=714"}],"version-history":[{"count":2,"href":"https:\/\/www.dsk.lu\/de\/wp-json\/wp\/v2\/pages\/714\/revisions"}],"predecessor-version":[{"id":1069,"href":"https:\/\/www.dsk.lu\/de\/wp-json\/wp\/v2\/pages\/714\/revisions\/1069"}],"up":[{"embeddable":true,"href":"https:\/\/www.dsk.lu\/de\/wp-json\/wp\/v2\/pages\/705"}],"wp:featuredmedia":[{"embeddable":true,"href":"https:\/\/www.dsk.lu\/de\/wp-json\/wp\/v2\/media\/557"}],"wp:attachment":[{"href":"https:\/\/www.dsk.lu\/de\/wp-json\/wp\/v2\/media?parent=714"}],"curies":[{"name":"wp","href":"https:\/\/api.w.org\/{rel}","templated":true}]}}