{"id":713,"date":"2025-02-28T16:00:11","date_gmt":"2025-02-28T15:00:11","guid":{"rendered":"https:\/\/www.dsk.lu\/?page_id=713"},"modified":"2025-11-11T15:07:29","modified_gmt":"2025-11-11T14:07:29","slug":"datafox","status":"publish","type":"page","link":"https:\/\/www.dsk.lu\/de\/produkte\/sicherheit\/zugangskontrolle\/datafox\/","title":{"rendered":"Datafox"},"content":{"rendered":"<p>Datafox bietet robuste und vielseitige Produkte f\u00fcr Ihre Bed\u00fcrfnisse im Bereich vom Zugangsmanagement an. Ihre Produkte lassen sich vollst\u00e4ndig in unsere Softwarel\u00f6sungen integrieren.<\/p>\n","protected":false},"excerpt":{"rendered":"<p>Datafox bietet robuste und vielseitige Produkte f\u00fcr Ihre Bed\u00fcrfnisse im Bereich vom Zugangsmanagement an. Ihre Produkte lassen sich vollst\u00e4ndig in unsere Softwarel\u00f6sungen integrieren.<\/p>\n","protected":false},"author":1,"featured_media":554,"parent":705,"menu_order":0,"comment_status":"closed","ping_status":"closed","template":"template-product.php","meta":{"_acf_changed":false,"footnotes":""},"class_list":["post-713","page","type-page","status-publish","has-post-thumbnail","hentry"],"acf":[],"yoast_head":"<!-- This site is optimized with the Yoast SEO plugin v27.4 - https:\/\/yoast.com\/product\/yoast-seo-wordpress\/ -->\r\n<title>Datafox - Modulare Zutrittskontrolle | DSK Systems<\/title>\r\n<meta name=\"description\" content=\"DSK installiert Datafox-L\u00f6sungen: robuste, modulare Produkte, die in unsere Softwarel\u00f6sungen f\u00fcr ein flexibles Zutrittsmanagement integriert werden k\u00f6nnen.\" \/>\r\n<meta name=\"robots\" content=\"index, follow, max-snippet:-1, max-image-preview:large, max-video-preview:-1\" \/>\r\n<link rel=\"canonical\" href=\"https:\/\/www.dsk.lu\/de\/produkte\/sicherheit\/zugangskontrolle\/datafox\/\" \/>\r\n<meta property=\"og:locale\" content=\"de_DE\" \/>\r\n<meta property=\"og:type\" content=\"article\" \/>\r\n<meta property=\"og:title\" content=\"Datafox - Modulare Zutrittskontrolle | DSK Systems\" \/>\r\n<meta property=\"og:description\" content=\"DSK installiert Datafox-L\u00f6sungen: robuste, modulare Produkte, die in unsere Softwarel\u00f6sungen f\u00fcr ein flexibles Zutrittsmanagement integriert werden k\u00f6nnen.\" \/>\r\n<meta property=\"og:url\" content=\"https:\/\/www.dsk.lu\/de\/produkte\/sicherheit\/zugangskontrolle\/datafox\/\" \/>\r\n<meta property=\"og:site_name\" content=\"DSK Systems\" \/>\r\n<meta property=\"article:modified_time\" content=\"2025-11-11T14:07:29+00:00\" \/>\r\n<meta property=\"og:image\" content=\"https:\/\/www.dsk.lu\/wp-content\/uploads\/2025\/02\/Datafox-Devices-Logo-150dpi-RGB-800x406-1.jpg\" \/>\r\n\t<meta property=\"og:image:width\" content=\"800\" \/>\r\n\t<meta property=\"og:image:height\" content=\"406\" \/>\r\n\t<meta property=\"og:image:type\" content=\"image\/jpeg\" \/>\r\n<meta name=\"twitter:card\" content=\"summary_large_image\" \/>\r\n<meta name=\"twitter:label1\" content=\"Gesch\u00e4tzte Lesezeit\" \/>\n\t<meta name=\"twitter:data1\" content=\"1\u00a0Minute\" \/>\r\n<script type=\"application\/ld+json\" class=\"yoast-schema-graph\">{\"@context\":\"https:\\\/\\\/schema.org\",\"@graph\":[{\"@type\":\"WebPage\",\"@id\":\"https:\\\/\\\/www.dsk.lu\\\/de\\\/produkte\\\/sicherheit\\\/zugangskontrolle\\\/datafox\\\/\",\"url\":\"https:\\\/\\\/www.dsk.lu\\\/de\\\/produkte\\\/sicherheit\\\/zugangskontrolle\\\/datafox\\\/\",\"name\":\"Datafox - Modulare Zutrittskontrolle | DSK Systems\",\"isPartOf\":{\"@id\":\"https:\\\/\\\/www.dsk.lu\\\/de\\\/#website\"},\"primaryImageOfPage\":{\"@id\":\"https:\\\/\\\/www.dsk.lu\\\/de\\\/produkte\\\/sicherheit\\\/zugangskontrolle\\\/datafox\\\/#primaryimage\"},\"image\":{\"@id\":\"https:\\\/\\\/www.dsk.lu\\\/de\\\/produkte\\\/sicherheit\\\/zugangskontrolle\\\/datafox\\\/#primaryimage\"},\"thumbnailUrl\":\"https:\\\/\\\/www.dsk.lu\\\/wp-content\\\/uploads\\\/2025\\\/02\\\/Datafox-Devices-Logo-150dpi-RGB-800x406-1.jpg\",\"datePublished\":\"2025-02-28T15:00:11+00:00\",\"dateModified\":\"2025-11-11T14:07:29+00:00\",\"description\":\"DSK installiert Datafox-L\u00f6sungen: robuste, modulare Produkte, die in unsere Softwarel\u00f6sungen f\u00fcr ein flexibles Zutrittsmanagement integriert werden k\u00f6nnen.\",\"breadcrumb\":{\"@id\":\"https:\\\/\\\/www.dsk.lu\\\/de\\\/produkte\\\/sicherheit\\\/zugangskontrolle\\\/datafox\\\/#breadcrumb\"},\"inLanguage\":\"de\",\"potentialAction\":[{\"@type\":\"ReadAction\",\"target\":[\"https:\\\/\\\/www.dsk.lu\\\/de\\\/produkte\\\/sicherheit\\\/zugangskontrolle\\\/datafox\\\/\"]}]},{\"@type\":\"ImageObject\",\"inLanguage\":\"de\",\"@id\":\"https:\\\/\\\/www.dsk.lu\\\/de\\\/produkte\\\/sicherheit\\\/zugangskontrolle\\\/datafox\\\/#primaryimage\",\"url\":\"https:\\\/\\\/www.dsk.lu\\\/wp-content\\\/uploads\\\/2025\\\/02\\\/Datafox-Devices-Logo-150dpi-RGB-800x406-1.jpg\",\"contentUrl\":\"https:\\\/\\\/www.dsk.lu\\\/wp-content\\\/uploads\\\/2025\\\/02\\\/Datafox-Devices-Logo-150dpi-RGB-800x406-1.jpg\",\"width\":800,\"height\":406},{\"@type\":\"BreadcrumbList\",\"@id\":\"https:\\\/\\\/www.dsk.lu\\\/de\\\/produkte\\\/sicherheit\\\/zugangskontrolle\\\/datafox\\\/#breadcrumb\",\"itemListElement\":[{\"@type\":\"ListItem\",\"position\":1,\"name\":\"Accueil\",\"item\":\"https:\\\/\\\/www.dsk.lu\\\/de\\\/\"},{\"@type\":\"ListItem\",\"position\":2,\"name\":\"Produkte\",\"item\":\"https:\\\/\\\/www.dsk.lu\\\/de\\\/produkte\\\/\"},{\"@type\":\"ListItem\",\"position\":3,\"name\":\"Sicherheit\",\"item\":\"https:\\\/\\\/www.dsk.lu\\\/de\\\/produkte\\\/sicherheit\\\/\"},{\"@type\":\"ListItem\",\"position\":4,\"name\":\"Zugangskontrolle\",\"item\":\"https:\\\/\\\/www.dsk.lu\\\/de\\\/produkte\\\/sicherheit\\\/zugangskontrolle\\\/\"},{\"@type\":\"ListItem\",\"position\":5,\"name\":\"Datafox\"}]},{\"@type\":\"WebSite\",\"@id\":\"https:\\\/\\\/www.dsk.lu\\\/de\\\/#website\",\"url\":\"https:\\\/\\\/www.dsk.lu\\\/de\\\/\",\"name\":\"DSK Systems\",\"description\":\"\",\"potentialAction\":[{\"@type\":\"SearchAction\",\"target\":{\"@type\":\"EntryPoint\",\"urlTemplate\":\"https:\\\/\\\/www.dsk.lu\\\/de\\\/?s={search_term_string}\"},\"query-input\":{\"@type\":\"PropertyValueSpecification\",\"valueRequired\":true,\"valueName\":\"search_term_string\"}}],\"inLanguage\":\"de\"}]}<\/script>\r\n<!-- \/ Yoast SEO plugin. -->","yoast_head_json":{"title":"Datafox - Modulare Zutrittskontrolle | DSK Systems","description":"DSK installiert Datafox-L\u00f6sungen: robuste, modulare Produkte, die in unsere Softwarel\u00f6sungen f\u00fcr ein flexibles Zutrittsmanagement integriert werden k\u00f6nnen.","robots":{"index":"index","follow":"follow","max-snippet":"max-snippet:-1","max-image-preview":"max-image-preview:large","max-video-preview":"max-video-preview:-1"},"canonical":"https:\/\/www.dsk.lu\/de\/produkte\/sicherheit\/zugangskontrolle\/datafox\/","og_locale":"de_DE","og_type":"article","og_title":"Datafox - Modulare Zutrittskontrolle | DSK Systems","og_description":"DSK installiert Datafox-L\u00f6sungen: robuste, modulare Produkte, die in unsere Softwarel\u00f6sungen f\u00fcr ein flexibles Zutrittsmanagement integriert werden k\u00f6nnen.","og_url":"https:\/\/www.dsk.lu\/de\/produkte\/sicherheit\/zugangskontrolle\/datafox\/","og_site_name":"DSK Systems","article_modified_time":"2025-11-11T14:07:29+00:00","og_image":[{"width":800,"height":406,"url":"https:\/\/www.dsk.lu\/wp-content\/uploads\/2025\/02\/Datafox-Devices-Logo-150dpi-RGB-800x406-1.jpg","type":"image\/jpeg"}],"twitter_card":"summary_large_image","twitter_misc":{"Gesch\u00e4tzte Lesezeit":"1\u00a0Minute"},"schema":{"@context":"https:\/\/schema.org","@graph":[{"@type":"WebPage","@id":"https:\/\/www.dsk.lu\/de\/produkte\/sicherheit\/zugangskontrolle\/datafox\/","url":"https:\/\/www.dsk.lu\/de\/produkte\/sicherheit\/zugangskontrolle\/datafox\/","name":"Datafox - Modulare Zutrittskontrolle | DSK Systems","isPartOf":{"@id":"https:\/\/www.dsk.lu\/de\/#website"},"primaryImageOfPage":{"@id":"https:\/\/www.dsk.lu\/de\/produkte\/sicherheit\/zugangskontrolle\/datafox\/#primaryimage"},"image":{"@id":"https:\/\/www.dsk.lu\/de\/produkte\/sicherheit\/zugangskontrolle\/datafox\/#primaryimage"},"thumbnailUrl":"https:\/\/www.dsk.lu\/wp-content\/uploads\/2025\/02\/Datafox-Devices-Logo-150dpi-RGB-800x406-1.jpg","datePublished":"2025-02-28T15:00:11+00:00","dateModified":"2025-11-11T14:07:29+00:00","description":"DSK installiert Datafox-L\u00f6sungen: robuste, modulare Produkte, die in unsere Softwarel\u00f6sungen f\u00fcr ein flexibles Zutrittsmanagement integriert werden k\u00f6nnen.","breadcrumb":{"@id":"https:\/\/www.dsk.lu\/de\/produkte\/sicherheit\/zugangskontrolle\/datafox\/#breadcrumb"},"inLanguage":"de","potentialAction":[{"@type":"ReadAction","target":["https:\/\/www.dsk.lu\/de\/produkte\/sicherheit\/zugangskontrolle\/datafox\/"]}]},{"@type":"ImageObject","inLanguage":"de","@id":"https:\/\/www.dsk.lu\/de\/produkte\/sicherheit\/zugangskontrolle\/datafox\/#primaryimage","url":"https:\/\/www.dsk.lu\/wp-content\/uploads\/2025\/02\/Datafox-Devices-Logo-150dpi-RGB-800x406-1.jpg","contentUrl":"https:\/\/www.dsk.lu\/wp-content\/uploads\/2025\/02\/Datafox-Devices-Logo-150dpi-RGB-800x406-1.jpg","width":800,"height":406},{"@type":"BreadcrumbList","@id":"https:\/\/www.dsk.lu\/de\/produkte\/sicherheit\/zugangskontrolle\/datafox\/#breadcrumb","itemListElement":[{"@type":"ListItem","position":1,"name":"Accueil","item":"https:\/\/www.dsk.lu\/de\/"},{"@type":"ListItem","position":2,"name":"Produkte","item":"https:\/\/www.dsk.lu\/de\/produkte\/"},{"@type":"ListItem","position":3,"name":"Sicherheit","item":"https:\/\/www.dsk.lu\/de\/produkte\/sicherheit\/"},{"@type":"ListItem","position":4,"name":"Zugangskontrolle","item":"https:\/\/www.dsk.lu\/de\/produkte\/sicherheit\/zugangskontrolle\/"},{"@type":"ListItem","position":5,"name":"Datafox"}]},{"@type":"WebSite","@id":"https:\/\/www.dsk.lu\/de\/#website","url":"https:\/\/www.dsk.lu\/de\/","name":"DSK Systems","description":"","potentialAction":[{"@type":"SearchAction","target":{"@type":"EntryPoint","urlTemplate":"https:\/\/www.dsk.lu\/de\/?s={search_term_string}"},"query-input":{"@type":"PropertyValueSpecification","valueRequired":true,"valueName":"search_term_string"}}],"inLanguage":"de"}]}},"_links":{"self":[{"href":"https:\/\/www.dsk.lu\/de\/wp-json\/wp\/v2\/pages\/713","targetHints":{"allow":["GET"]}}],"collection":[{"href":"https:\/\/www.dsk.lu\/de\/wp-json\/wp\/v2\/pages"}],"about":[{"href":"https:\/\/www.dsk.lu\/de\/wp-json\/wp\/v2\/types\/page"}],"author":[{"embeddable":true,"href":"https:\/\/www.dsk.lu\/de\/wp-json\/wp\/v2\/users\/1"}],"replies":[{"embeddable":true,"href":"https:\/\/www.dsk.lu\/de\/wp-json\/wp\/v2\/comments?post=713"}],"version-history":[{"count":3,"href":"https:\/\/www.dsk.lu\/de\/wp-json\/wp\/v2\/pages\/713\/revisions"}],"predecessor-version":[{"id":1064,"href":"https:\/\/www.dsk.lu\/de\/wp-json\/wp\/v2\/pages\/713\/revisions\/1064"}],"up":[{"embeddable":true,"href":"https:\/\/www.dsk.lu\/de\/wp-json\/wp\/v2\/pages\/705"}],"wp:featuredmedia":[{"embeddable":true,"href":"https:\/\/www.dsk.lu\/de\/wp-json\/wp\/v2\/media\/554"}],"wp:attachment":[{"href":"https:\/\/www.dsk.lu\/de\/wp-json\/wp\/v2\/media?parent=713"}],"curies":[{"name":"wp","href":"https:\/\/api.w.org\/{rel}","templated":true}]}}