{"id":711,"date":"2025-02-14T15:39:27","date_gmt":"2025-02-14T14:39:27","guid":{"rendered":"https:\/\/www.dsk.lu\/?page_id=711"},"modified":"2025-11-11T15:01:14","modified_gmt":"2025-11-11T14:01:14","slug":"videoueberwachung","status":"publish","type":"page","link":"https:\/\/www.dsk.lu\/de\/produkte\/sicherheit\/videoueberwachung\/","title":{"rendered":"Video\u00fcberwachung"},"content":{"rendered":"<p>Der Schutz von Menschen und G\u00fctern ist seit <strong>\u00fcber 20 Jahren<\/strong> unser Gesch\u00e4ft. Gemeinsam mit unseren Partnern k\u00f6nnen wir Ihnen L\u00f6sungen anbieten, die auf <strong>Ihre Bed\u00fcrfnisse zugeschnitten sind<\/strong> &#8211; von einer einfachen T\u00fcr bis hin zu einer standort\u00fcbergreifenden L\u00f6sung mit vollst\u00e4ndiger Integration in ein bestehendes ERP-System. Ein funktionierendes Video\u00fcberwachungssystem erfordert mehr als nur leistungsf\u00e4hige Kameras. Ein \u00fcberlastetes Netzwerk, falsch dimensionierte Server oder eine schwerf\u00e4llige Verwaltungssoftware sind die gr\u00f6\u00dften Hindernisse f\u00fcr eine brauchbare Fern\u00fcberwachung. Wir k\u00f6nnen Ihnen helfen, diese zu vermeiden.<\/p>\n","protected":false},"excerpt":{"rendered":"<p>Der Schutz von Menschen und G\u00fctern ist seit \u00fcber 20 Jahren unser Gesch\u00e4ft. Gemeinsam mit unseren Partnern k\u00f6nnen wir Ihnen L\u00f6sungen anbieten, die auf Ihre Bed\u00fcrfnisse zugeschnitten sind &#8211; von einer einfachen T\u00fcr bis hin zu einer standort\u00fcbergreifenden L\u00f6sung mit vollst\u00e4ndiger Integration in ein bestehendes ERP-System. Ein funktionierendes Video\u00fcberwachungssystem erfordert mehr als nur leistungsf\u00e4hige Kameras. [&hellip;]<\/p>\n","protected":false},"author":1,"featured_media":0,"parent":341,"menu_order":4,"comment_status":"closed","ping_status":"closed","template":"template-product-listing.php","meta":{"_acf_changed":false,"footnotes":""},"class_list":["post-711","page","type-page","status-publish","hentry"],"acf":[],"yoast_head":"<!-- This site is optimized with the Yoast SEO plugin v27.4 - https:\/\/yoast.com\/product\/yoast-seo-wordpress\/ -->\r\n<title>Video\u00fcberwachung | DSK Systems<\/title>\r\n<meta name=\"description\" content=\"Unsere Video\u00fcberwachungsl\u00f6sungen reichen von einfachen Kameras bis hin zu Installationen an mehreren Standorten mit ERP-Integration.\" \/>\r\n<meta name=\"robots\" content=\"index, follow, max-snippet:-1, max-image-preview:large, max-video-preview:-1\" \/>\r\n<link rel=\"canonical\" href=\"https:\/\/www.dsk.lu\/de\/produkte\/sicherheit\/videoueberwachung\/\" \/>\r\n<meta property=\"og:locale\" content=\"de_DE\" \/>\r\n<meta property=\"og:type\" content=\"article\" \/>\r\n<meta property=\"og:title\" content=\"Video\u00fcberwachung | DSK Systems\" \/>\r\n<meta property=\"og:description\" content=\"Unsere Video\u00fcberwachungsl\u00f6sungen reichen von einfachen Kameras bis hin zu Installationen an mehreren Standorten mit ERP-Integration.\" \/>\r\n<meta property=\"og:url\" content=\"https:\/\/www.dsk.lu\/de\/produkte\/sicherheit\/videoueberwachung\/\" \/>\r\n<meta property=\"og:site_name\" content=\"DSK Systems\" \/>\r\n<meta property=\"article:modified_time\" content=\"2025-11-11T14:01:14+00:00\" \/>\r\n<meta name=\"twitter:card\" content=\"summary_large_image\" \/>\r\n<meta name=\"twitter:label1\" content=\"Gesch\u00e4tzte Lesezeit\" \/>\n\t<meta name=\"twitter:data1\" content=\"1\u00a0Minute\" \/>\r\n<script type=\"application\/ld+json\" class=\"yoast-schema-graph\">{\"@context\":\"https:\\\/\\\/schema.org\",\"@graph\":[{\"@type\":\"WebPage\",\"@id\":\"https:\\\/\\\/www.dsk.lu\\\/de\\\/produkte\\\/sicherheit\\\/videoueberwachung\\\/\",\"url\":\"https:\\\/\\\/www.dsk.lu\\\/de\\\/produkte\\\/sicherheit\\\/videoueberwachung\\\/\",\"name\":\"Video\u00fcberwachung | DSK Systems\",\"isPartOf\":{\"@id\":\"https:\\\/\\\/www.dsk.lu\\\/de\\\/#website\"},\"datePublished\":\"2025-02-14T14:39:27+00:00\",\"dateModified\":\"2025-11-11T14:01:14+00:00\",\"description\":\"Unsere Video\u00fcberwachungsl\u00f6sungen reichen von einfachen Kameras bis hin zu Installationen an mehreren Standorten mit ERP-Integration.\",\"breadcrumb\":{\"@id\":\"https:\\\/\\\/www.dsk.lu\\\/de\\\/produkte\\\/sicherheit\\\/videoueberwachung\\\/#breadcrumb\"},\"inLanguage\":\"de\",\"potentialAction\":[{\"@type\":\"ReadAction\",\"target\":[\"https:\\\/\\\/www.dsk.lu\\\/de\\\/produkte\\\/sicherheit\\\/videoueberwachung\\\/\"]}]},{\"@type\":\"BreadcrumbList\",\"@id\":\"https:\\\/\\\/www.dsk.lu\\\/de\\\/produkte\\\/sicherheit\\\/videoueberwachung\\\/#breadcrumb\",\"itemListElement\":[{\"@type\":\"ListItem\",\"position\":1,\"name\":\"Accueil\",\"item\":\"https:\\\/\\\/www.dsk.lu\\\/de\\\/\"},{\"@type\":\"ListItem\",\"position\":2,\"name\":\"Produkte\",\"item\":\"https:\\\/\\\/www.dsk.lu\\\/de\\\/produkte\\\/\"},{\"@type\":\"ListItem\",\"position\":3,\"name\":\"Sicherheit\",\"item\":\"https:\\\/\\\/www.dsk.lu\\\/de\\\/produkte\\\/sicherheit\\\/\"},{\"@type\":\"ListItem\",\"position\":4,\"name\":\"Video\u00fcberwachung\"}]},{\"@type\":\"WebSite\",\"@id\":\"https:\\\/\\\/www.dsk.lu\\\/de\\\/#website\",\"url\":\"https:\\\/\\\/www.dsk.lu\\\/de\\\/\",\"name\":\"DSK Systems\",\"description\":\"\",\"potentialAction\":[{\"@type\":\"SearchAction\",\"target\":{\"@type\":\"EntryPoint\",\"urlTemplate\":\"https:\\\/\\\/www.dsk.lu\\\/de\\\/?s={search_term_string}\"},\"query-input\":{\"@type\":\"PropertyValueSpecification\",\"valueRequired\":true,\"valueName\":\"search_term_string\"}}],\"inLanguage\":\"de\"}]}<\/script>\r\n<!-- \/ Yoast SEO plugin. -->","yoast_head_json":{"title":"Video\u00fcberwachung | DSK Systems","description":"Unsere Video\u00fcberwachungsl\u00f6sungen reichen von einfachen Kameras bis hin zu Installationen an mehreren Standorten mit ERP-Integration.","robots":{"index":"index","follow":"follow","max-snippet":"max-snippet:-1","max-image-preview":"max-image-preview:large","max-video-preview":"max-video-preview:-1"},"canonical":"https:\/\/www.dsk.lu\/de\/produkte\/sicherheit\/videoueberwachung\/","og_locale":"de_DE","og_type":"article","og_title":"Video\u00fcberwachung | DSK Systems","og_description":"Unsere Video\u00fcberwachungsl\u00f6sungen reichen von einfachen Kameras bis hin zu Installationen an mehreren Standorten mit ERP-Integration.","og_url":"https:\/\/www.dsk.lu\/de\/produkte\/sicherheit\/videoueberwachung\/","og_site_name":"DSK Systems","article_modified_time":"2025-11-11T14:01:14+00:00","twitter_card":"summary_large_image","twitter_misc":{"Gesch\u00e4tzte Lesezeit":"1\u00a0Minute"},"schema":{"@context":"https:\/\/schema.org","@graph":[{"@type":"WebPage","@id":"https:\/\/www.dsk.lu\/de\/produkte\/sicherheit\/videoueberwachung\/","url":"https:\/\/www.dsk.lu\/de\/produkte\/sicherheit\/videoueberwachung\/","name":"Video\u00fcberwachung | DSK Systems","isPartOf":{"@id":"https:\/\/www.dsk.lu\/de\/#website"},"datePublished":"2025-02-14T14:39:27+00:00","dateModified":"2025-11-11T14:01:14+00:00","description":"Unsere Video\u00fcberwachungsl\u00f6sungen reichen von einfachen Kameras bis hin zu Installationen an mehreren Standorten mit ERP-Integration.","breadcrumb":{"@id":"https:\/\/www.dsk.lu\/de\/produkte\/sicherheit\/videoueberwachung\/#breadcrumb"},"inLanguage":"de","potentialAction":[{"@type":"ReadAction","target":["https:\/\/www.dsk.lu\/de\/produkte\/sicherheit\/videoueberwachung\/"]}]},{"@type":"BreadcrumbList","@id":"https:\/\/www.dsk.lu\/de\/produkte\/sicherheit\/videoueberwachung\/#breadcrumb","itemListElement":[{"@type":"ListItem","position":1,"name":"Accueil","item":"https:\/\/www.dsk.lu\/de\/"},{"@type":"ListItem","position":2,"name":"Produkte","item":"https:\/\/www.dsk.lu\/de\/produkte\/"},{"@type":"ListItem","position":3,"name":"Sicherheit","item":"https:\/\/www.dsk.lu\/de\/produkte\/sicherheit\/"},{"@type":"ListItem","position":4,"name":"Video\u00fcberwachung"}]},{"@type":"WebSite","@id":"https:\/\/www.dsk.lu\/de\/#website","url":"https:\/\/www.dsk.lu\/de\/","name":"DSK Systems","description":"","potentialAction":[{"@type":"SearchAction","target":{"@type":"EntryPoint","urlTemplate":"https:\/\/www.dsk.lu\/de\/?s={search_term_string}"},"query-input":{"@type":"PropertyValueSpecification","valueRequired":true,"valueName":"search_term_string"}}],"inLanguage":"de"}]}},"_links":{"self":[{"href":"https:\/\/www.dsk.lu\/de\/wp-json\/wp\/v2\/pages\/711","targetHints":{"allow":["GET"]}}],"collection":[{"href":"https:\/\/www.dsk.lu\/de\/wp-json\/wp\/v2\/pages"}],"about":[{"href":"https:\/\/www.dsk.lu\/de\/wp-json\/wp\/v2\/types\/page"}],"author":[{"embeddable":true,"href":"https:\/\/www.dsk.lu\/de\/wp-json\/wp\/v2\/users\/1"}],"replies":[{"embeddable":true,"href":"https:\/\/www.dsk.lu\/de\/wp-json\/wp\/v2\/comments?post=711"}],"version-history":[{"count":1,"href":"https:\/\/www.dsk.lu\/de\/wp-json\/wp\/v2\/pages\/711\/revisions"}],"predecessor-version":[{"id":712,"href":"https:\/\/www.dsk.lu\/de\/wp-json\/wp\/v2\/pages\/711\/revisions\/712"}],"up":[{"embeddable":true,"href":"https:\/\/www.dsk.lu\/de\/wp-json\/wp\/v2\/pages\/341"}],"wp:attachment":[{"href":"https:\/\/www.dsk.lu\/de\/wp-json\/wp\/v2\/media?parent=711"}],"curies":[{"name":"wp","href":"https:\/\/api.w.org\/{rel}","templated":true}]}}