{"id":709,"date":"2025-02-14T16:19:26","date_gmt":"2025-02-14T15:19:26","guid":{"rendered":"https:\/\/www.dsk.lu\/?page_id=709"},"modified":"2025-11-11T14:58:08","modified_gmt":"2025-11-11T13:58:08","slug":"feueralarm","status":"publish","type":"page","link":"https:\/\/www.dsk.lu\/de\/produkte\/sicherheit\/feueralarm\/","title":{"rendered":"Feueralarm"},"content":{"rendered":"<p>Die Sicherheit eines Geb\u00e4udes h\u00e4ngt von der fr\u00fchzeitigen Erkennung eines Feuers, der angemessenen Kommunikation des Alarms und der nahtlosen Integration in bestehende Systeme ab. Das ist unsere Aufgabe.<\/p>\n","protected":false},"excerpt":{"rendered":"<p>Die Sicherheit eines Geb\u00e4udes h\u00e4ngt von der fr\u00fchzeitigen Erkennung eines Feuers, der angemessenen Kommunikation des Alarms und der nahtlosen Integration in bestehende Systeme ab. Das ist unsere Aufgabe.<\/p>\n","protected":false},"author":1,"featured_media":0,"parent":341,"menu_order":3,"comment_status":"closed","ping_status":"closed","template":"template-product-listing.php","meta":{"_acf_changed":false,"footnotes":""},"class_list":["post-709","page","type-page","status-publish","hentry"],"acf":[],"yoast_head":"<!-- This site is optimized with the Yoast SEO plugin v27.4 - https:\/\/yoast.com\/product\/yoast-seo-wordpress\/ -->\r\n<title>Brandmeldeanlagen f\u00fcr Firmen und Privat | DSK Systems<\/title>\r\n<meta name=\"description\" content=\"Sichern Sie Ihr Geb\u00e4ude mit einer Brandmeldeanlage, die sich in Ihre bestehenden Systeme integrieren l\u00e4sst. DSK Systems installiert Ihre Brandmeldeanlage.\" \/>\r\n<meta name=\"robots\" content=\"index, follow, max-snippet:-1, max-image-preview:large, max-video-preview:-1\" \/>\r\n<link rel=\"canonical\" href=\"https:\/\/www.dsk.lu\/de\/produkte\/sicherheit\/feueralarm\/\" \/>\r\n<meta property=\"og:locale\" content=\"de_DE\" \/>\r\n<meta property=\"og:type\" content=\"article\" \/>\r\n<meta property=\"og:title\" content=\"Brandmeldeanlagen f\u00fcr Firmen und Privat | DSK Systems\" \/>\r\n<meta property=\"og:description\" content=\"Sichern Sie Ihr Geb\u00e4ude mit einer Brandmeldeanlage, die sich in Ihre bestehenden Systeme integrieren l\u00e4sst. DSK Systems installiert Ihre Brandmeldeanlage.\" \/>\r\n<meta property=\"og:url\" content=\"https:\/\/www.dsk.lu\/de\/produkte\/sicherheit\/feueralarm\/\" \/>\r\n<meta property=\"og:site_name\" content=\"DSK Systems\" \/>\r\n<meta property=\"article:modified_time\" content=\"2025-11-11T13:58:08+00:00\" \/>\r\n<meta name=\"twitter:card\" content=\"summary_large_image\" \/>\r\n<meta name=\"twitter:label1\" content=\"Gesch\u00e4tzte Lesezeit\" \/>\n\t<meta name=\"twitter:data1\" content=\"1\u00a0Minute\" \/>\r\n<script type=\"application\/ld+json\" class=\"yoast-schema-graph\">{\"@context\":\"https:\\\/\\\/schema.org\",\"@graph\":[{\"@type\":\"WebPage\",\"@id\":\"https:\\\/\\\/www.dsk.lu\\\/de\\\/produkte\\\/sicherheit\\\/feueralarm\\\/\",\"url\":\"https:\\\/\\\/www.dsk.lu\\\/de\\\/produkte\\\/sicherheit\\\/feueralarm\\\/\",\"name\":\"Brandmeldeanlagen f\u00fcr Firmen und Privat | DSK Systems\",\"isPartOf\":{\"@id\":\"https:\\\/\\\/www.dsk.lu\\\/de\\\/#website\"},\"datePublished\":\"2025-02-14T15:19:26+00:00\",\"dateModified\":\"2025-11-11T13:58:08+00:00\",\"description\":\"Sichern Sie Ihr Geb\u00e4ude mit einer Brandmeldeanlage, die sich in Ihre bestehenden Systeme integrieren l\u00e4sst. DSK Systems installiert Ihre Brandmeldeanlage.\",\"breadcrumb\":{\"@id\":\"https:\\\/\\\/www.dsk.lu\\\/de\\\/produkte\\\/sicherheit\\\/feueralarm\\\/#breadcrumb\"},\"inLanguage\":\"de\",\"potentialAction\":[{\"@type\":\"ReadAction\",\"target\":[\"https:\\\/\\\/www.dsk.lu\\\/de\\\/produkte\\\/sicherheit\\\/feueralarm\\\/\"]}]},{\"@type\":\"BreadcrumbList\",\"@id\":\"https:\\\/\\\/www.dsk.lu\\\/de\\\/produkte\\\/sicherheit\\\/feueralarm\\\/#breadcrumb\",\"itemListElement\":[{\"@type\":\"ListItem\",\"position\":1,\"name\":\"Accueil\",\"item\":\"https:\\\/\\\/www.dsk.lu\\\/de\\\/\"},{\"@type\":\"ListItem\",\"position\":2,\"name\":\"Produkte\",\"item\":\"https:\\\/\\\/www.dsk.lu\\\/de\\\/produkte\\\/\"},{\"@type\":\"ListItem\",\"position\":3,\"name\":\"Sicherheit\",\"item\":\"https:\\\/\\\/www.dsk.lu\\\/de\\\/produkte\\\/sicherheit\\\/\"},{\"@type\":\"ListItem\",\"position\":4,\"name\":\"Feueralarm\"}]},{\"@type\":\"WebSite\",\"@id\":\"https:\\\/\\\/www.dsk.lu\\\/de\\\/#website\",\"url\":\"https:\\\/\\\/www.dsk.lu\\\/de\\\/\",\"name\":\"DSK Systems\",\"description\":\"\",\"potentialAction\":[{\"@type\":\"SearchAction\",\"target\":{\"@type\":\"EntryPoint\",\"urlTemplate\":\"https:\\\/\\\/www.dsk.lu\\\/de\\\/?s={search_term_string}\"},\"query-input\":{\"@type\":\"PropertyValueSpecification\",\"valueRequired\":true,\"valueName\":\"search_term_string\"}}],\"inLanguage\":\"de\"}]}<\/script>\r\n<!-- \/ Yoast SEO plugin. -->","yoast_head_json":{"title":"Brandmeldeanlagen f\u00fcr Firmen und Privat | DSK Systems","description":"Sichern Sie Ihr Geb\u00e4ude mit einer Brandmeldeanlage, die sich in Ihre bestehenden Systeme integrieren l\u00e4sst. DSK Systems installiert Ihre Brandmeldeanlage.","robots":{"index":"index","follow":"follow","max-snippet":"max-snippet:-1","max-image-preview":"max-image-preview:large","max-video-preview":"max-video-preview:-1"},"canonical":"https:\/\/www.dsk.lu\/de\/produkte\/sicherheit\/feueralarm\/","og_locale":"de_DE","og_type":"article","og_title":"Brandmeldeanlagen f\u00fcr Firmen und Privat | DSK Systems","og_description":"Sichern Sie Ihr Geb\u00e4ude mit einer Brandmeldeanlage, die sich in Ihre bestehenden Systeme integrieren l\u00e4sst. DSK Systems installiert Ihre Brandmeldeanlage.","og_url":"https:\/\/www.dsk.lu\/de\/produkte\/sicherheit\/feueralarm\/","og_site_name":"DSK Systems","article_modified_time":"2025-11-11T13:58:08+00:00","twitter_card":"summary_large_image","twitter_misc":{"Gesch\u00e4tzte Lesezeit":"1\u00a0Minute"},"schema":{"@context":"https:\/\/schema.org","@graph":[{"@type":"WebPage","@id":"https:\/\/www.dsk.lu\/de\/produkte\/sicherheit\/feueralarm\/","url":"https:\/\/www.dsk.lu\/de\/produkte\/sicherheit\/feueralarm\/","name":"Brandmeldeanlagen f\u00fcr Firmen und Privat | DSK Systems","isPartOf":{"@id":"https:\/\/www.dsk.lu\/de\/#website"},"datePublished":"2025-02-14T15:19:26+00:00","dateModified":"2025-11-11T13:58:08+00:00","description":"Sichern Sie Ihr Geb\u00e4ude mit einer Brandmeldeanlage, die sich in Ihre bestehenden Systeme integrieren l\u00e4sst. DSK Systems installiert Ihre Brandmeldeanlage.","breadcrumb":{"@id":"https:\/\/www.dsk.lu\/de\/produkte\/sicherheit\/feueralarm\/#breadcrumb"},"inLanguage":"de","potentialAction":[{"@type":"ReadAction","target":["https:\/\/www.dsk.lu\/de\/produkte\/sicherheit\/feueralarm\/"]}]},{"@type":"BreadcrumbList","@id":"https:\/\/www.dsk.lu\/de\/produkte\/sicherheit\/feueralarm\/#breadcrumb","itemListElement":[{"@type":"ListItem","position":1,"name":"Accueil","item":"https:\/\/www.dsk.lu\/de\/"},{"@type":"ListItem","position":2,"name":"Produkte","item":"https:\/\/www.dsk.lu\/de\/produkte\/"},{"@type":"ListItem","position":3,"name":"Sicherheit","item":"https:\/\/www.dsk.lu\/de\/produkte\/sicherheit\/"},{"@type":"ListItem","position":4,"name":"Feueralarm"}]},{"@type":"WebSite","@id":"https:\/\/www.dsk.lu\/de\/#website","url":"https:\/\/www.dsk.lu\/de\/","name":"DSK Systems","description":"","potentialAction":[{"@type":"SearchAction","target":{"@type":"EntryPoint","urlTemplate":"https:\/\/www.dsk.lu\/de\/?s={search_term_string}"},"query-input":{"@type":"PropertyValueSpecification","valueRequired":true,"valueName":"search_term_string"}}],"inLanguage":"de"}]}},"_links":{"self":[{"href":"https:\/\/www.dsk.lu\/de\/wp-json\/wp\/v2\/pages\/709","targetHints":{"allow":["GET"]}}],"collection":[{"href":"https:\/\/www.dsk.lu\/de\/wp-json\/wp\/v2\/pages"}],"about":[{"href":"https:\/\/www.dsk.lu\/de\/wp-json\/wp\/v2\/types\/page"}],"author":[{"embeddable":true,"href":"https:\/\/www.dsk.lu\/de\/wp-json\/wp\/v2\/users\/1"}],"replies":[{"embeddable":true,"href":"https:\/\/www.dsk.lu\/de\/wp-json\/wp\/v2\/comments?post=709"}],"version-history":[{"count":1,"href":"https:\/\/www.dsk.lu\/de\/wp-json\/wp\/v2\/pages\/709\/revisions"}],"predecessor-version":[{"id":710,"href":"https:\/\/www.dsk.lu\/de\/wp-json\/wp\/v2\/pages\/709\/revisions\/710"}],"up":[{"embeddable":true,"href":"https:\/\/www.dsk.lu\/de\/wp-json\/wp\/v2\/pages\/341"}],"wp:attachment":[{"href":"https:\/\/www.dsk.lu\/de\/wp-json\/wp\/v2\/media?parent=709"}],"curies":[{"name":"wp","href":"https:\/\/api.w.org\/{rel}","templated":true}]}}