{"id":705,"date":"2025-02-14T16:18:25","date_gmt":"2025-02-14T15:18:25","guid":{"rendered":"https:\/\/www.dsk.lu\/?page_id=705"},"modified":"2025-11-11T15:45:09","modified_gmt":"2025-11-11T14:45:09","slug":"zugangskontrolle","status":"publish","type":"page","link":"https:\/\/www.dsk.lu\/de\/produkte\/sicherheit\/zugangskontrolle\/","title":{"rendered":"Zugangskontrolle"},"content":{"rendered":"<p>Zusammen mit unseren Partnern k\u00f6nnen wir Ihnen L\u00f6sungen anbieten, die genau <strong>auf Ihre Bed\u00fcrfnisse zugeschnitten sind<\/strong>, von einer einzelnen T\u00fcr bis hin zu einer L\u00f6sung f\u00fcr mehrere Standorte mit vollst\u00e4ndiger Integration in ein bestehendes ERP-System. Unsere L\u00f6sungen decken sowohl kabelgebundene als auch Standalone-Zugangsterminals ab. Als Integratoren legen wir besonderen Wert auf die M\u00f6glichkeit, unsere L\u00f6sungen einfach und nahtlos mit bereits bestehenden Systemen kombinieren zu k\u00f6nnen.<\/p>\n","protected":false},"excerpt":{"rendered":"<p>Zusammen mit unseren Partnern k\u00f6nnen wir Ihnen L\u00f6sungen anbieten, die genau auf Ihre Bed\u00fcrfnisse zugeschnitten sind, von einer einzelnen T\u00fcr bis hin zu einer L\u00f6sung f\u00fcr mehrere Standorte mit vollst\u00e4ndiger Integration in ein bestehendes ERP-System. Unsere L\u00f6sungen decken sowohl kabelgebundene als auch Standalone-Zugangsterminals ab. Als Integratoren legen wir besonderen Wert auf die M\u00f6glichkeit, unsere L\u00f6sungen [&hellip;]<\/p>\n","protected":false},"author":1,"featured_media":0,"parent":341,"menu_order":1,"comment_status":"closed","ping_status":"closed","template":"template-product-listing.php","meta":{"_acf_changed":false,"footnotes":""},"class_list":["post-705","page","type-page","status-publish","hentry"],"acf":[],"yoast_head":"<!-- This site is optimized with the Yoast SEO plugin v27.4 - https:\/\/yoast.com\/product\/yoast-seo-wordpress\/ -->\r\n<title>Zutrittskontrolle f\u00fcr Unternehmen | DSK Systems<\/title>\r\n<meta name=\"description\" content=\"Entdecken Sie unsere L\u00f6sungen f\u00fcr kabelgebundene oder autonome Zutrittskontrollsysteme, kompatibel mit mehrfachen Standorten.\" \/>\r\n<meta name=\"robots\" content=\"index, follow, max-snippet:-1, max-image-preview:large, max-video-preview:-1\" \/>\r\n<link rel=\"canonical\" href=\"https:\/\/www.dsk.lu\/de\/produkte\/sicherheit\/zugangskontrolle\/\" \/>\r\n<meta property=\"og:locale\" content=\"de_DE\" \/>\r\n<meta property=\"og:type\" content=\"article\" \/>\r\n<meta property=\"og:title\" content=\"Zutrittskontrolle f\u00fcr Unternehmen | DSK Systems\" \/>\r\n<meta property=\"og:description\" content=\"Entdecken Sie unsere L\u00f6sungen f\u00fcr kabelgebundene oder autonome Zutrittskontrollsysteme, kompatibel mit mehrfachen Standorten.\" \/>\r\n<meta property=\"og:url\" content=\"https:\/\/www.dsk.lu\/de\/produkte\/sicherheit\/zugangskontrolle\/\" \/>\r\n<meta property=\"og:site_name\" content=\"DSK Systems\" \/>\r\n<meta property=\"article:modified_time\" content=\"2025-11-11T14:45:09+00:00\" \/>\r\n<meta name=\"twitter:card\" content=\"summary_large_image\" \/>\r\n<meta name=\"twitter:label1\" content=\"Gesch\u00e4tzte Lesezeit\" \/>\n\t<meta name=\"twitter:data1\" content=\"1\u00a0Minute\" \/>\r\n<script type=\"application\/ld+json\" class=\"yoast-schema-graph\">{\"@context\":\"https:\\\/\\\/schema.org\",\"@graph\":[{\"@type\":\"WebPage\",\"@id\":\"https:\\\/\\\/www.dsk.lu\\\/de\\\/produkte\\\/sicherheit\\\/zugangskontrolle\\\/\",\"url\":\"https:\\\/\\\/www.dsk.lu\\\/de\\\/produkte\\\/sicherheit\\\/zugangskontrolle\\\/\",\"name\":\"Zutrittskontrolle f\u00fcr Unternehmen | DSK Systems\",\"isPartOf\":{\"@id\":\"https:\\\/\\\/www.dsk.lu\\\/de\\\/#website\"},\"datePublished\":\"2025-02-14T15:18:25+00:00\",\"dateModified\":\"2025-11-11T14:45:09+00:00\",\"description\":\"Entdecken Sie unsere L\u00f6sungen f\u00fcr kabelgebundene oder autonome Zutrittskontrollsysteme, kompatibel mit mehrfachen Standorten.\",\"breadcrumb\":{\"@id\":\"https:\\\/\\\/www.dsk.lu\\\/de\\\/produkte\\\/sicherheit\\\/zugangskontrolle\\\/#breadcrumb\"},\"inLanguage\":\"de\",\"potentialAction\":[{\"@type\":\"ReadAction\",\"target\":[\"https:\\\/\\\/www.dsk.lu\\\/de\\\/produkte\\\/sicherheit\\\/zugangskontrolle\\\/\"]}]},{\"@type\":\"BreadcrumbList\",\"@id\":\"https:\\\/\\\/www.dsk.lu\\\/de\\\/produkte\\\/sicherheit\\\/zugangskontrolle\\\/#breadcrumb\",\"itemListElement\":[{\"@type\":\"ListItem\",\"position\":1,\"name\":\"Accueil\",\"item\":\"https:\\\/\\\/www.dsk.lu\\\/de\\\/\"},{\"@type\":\"ListItem\",\"position\":2,\"name\":\"Produkte\",\"item\":\"https:\\\/\\\/www.dsk.lu\\\/de\\\/produkte\\\/\"},{\"@type\":\"ListItem\",\"position\":3,\"name\":\"Sicherheit\",\"item\":\"https:\\\/\\\/www.dsk.lu\\\/de\\\/produkte\\\/sicherheit\\\/\"},{\"@type\":\"ListItem\",\"position\":4,\"name\":\"Zugangskontrolle\"}]},{\"@type\":\"WebSite\",\"@id\":\"https:\\\/\\\/www.dsk.lu\\\/de\\\/#website\",\"url\":\"https:\\\/\\\/www.dsk.lu\\\/de\\\/\",\"name\":\"DSK Systems\",\"description\":\"\",\"potentialAction\":[{\"@type\":\"SearchAction\",\"target\":{\"@type\":\"EntryPoint\",\"urlTemplate\":\"https:\\\/\\\/www.dsk.lu\\\/de\\\/?s={search_term_string}\"},\"query-input\":{\"@type\":\"PropertyValueSpecification\",\"valueRequired\":true,\"valueName\":\"search_term_string\"}}],\"inLanguage\":\"de\"}]}<\/script>\r\n<!-- \/ Yoast SEO plugin. -->","yoast_head_json":{"title":"Zutrittskontrolle f\u00fcr Unternehmen | DSK Systems","description":"Entdecken Sie unsere L\u00f6sungen f\u00fcr kabelgebundene oder autonome Zutrittskontrollsysteme, kompatibel mit mehrfachen Standorten.","robots":{"index":"index","follow":"follow","max-snippet":"max-snippet:-1","max-image-preview":"max-image-preview:large","max-video-preview":"max-video-preview:-1"},"canonical":"https:\/\/www.dsk.lu\/de\/produkte\/sicherheit\/zugangskontrolle\/","og_locale":"de_DE","og_type":"article","og_title":"Zutrittskontrolle f\u00fcr Unternehmen | DSK Systems","og_description":"Entdecken Sie unsere L\u00f6sungen f\u00fcr kabelgebundene oder autonome Zutrittskontrollsysteme, kompatibel mit mehrfachen Standorten.","og_url":"https:\/\/www.dsk.lu\/de\/produkte\/sicherheit\/zugangskontrolle\/","og_site_name":"DSK Systems","article_modified_time":"2025-11-11T14:45:09+00:00","twitter_card":"summary_large_image","twitter_misc":{"Gesch\u00e4tzte Lesezeit":"1\u00a0Minute"},"schema":{"@context":"https:\/\/schema.org","@graph":[{"@type":"WebPage","@id":"https:\/\/www.dsk.lu\/de\/produkte\/sicherheit\/zugangskontrolle\/","url":"https:\/\/www.dsk.lu\/de\/produkte\/sicherheit\/zugangskontrolle\/","name":"Zutrittskontrolle f\u00fcr Unternehmen | DSK Systems","isPartOf":{"@id":"https:\/\/www.dsk.lu\/de\/#website"},"datePublished":"2025-02-14T15:18:25+00:00","dateModified":"2025-11-11T14:45:09+00:00","description":"Entdecken Sie unsere L\u00f6sungen f\u00fcr kabelgebundene oder autonome Zutrittskontrollsysteme, kompatibel mit mehrfachen Standorten.","breadcrumb":{"@id":"https:\/\/www.dsk.lu\/de\/produkte\/sicherheit\/zugangskontrolle\/#breadcrumb"},"inLanguage":"de","potentialAction":[{"@type":"ReadAction","target":["https:\/\/www.dsk.lu\/de\/produkte\/sicherheit\/zugangskontrolle\/"]}]},{"@type":"BreadcrumbList","@id":"https:\/\/www.dsk.lu\/de\/produkte\/sicherheit\/zugangskontrolle\/#breadcrumb","itemListElement":[{"@type":"ListItem","position":1,"name":"Accueil","item":"https:\/\/www.dsk.lu\/de\/"},{"@type":"ListItem","position":2,"name":"Produkte","item":"https:\/\/www.dsk.lu\/de\/produkte\/"},{"@type":"ListItem","position":3,"name":"Sicherheit","item":"https:\/\/www.dsk.lu\/de\/produkte\/sicherheit\/"},{"@type":"ListItem","position":4,"name":"Zugangskontrolle"}]},{"@type":"WebSite","@id":"https:\/\/www.dsk.lu\/de\/#website","url":"https:\/\/www.dsk.lu\/de\/","name":"DSK Systems","description":"","potentialAction":[{"@type":"SearchAction","target":{"@type":"EntryPoint","urlTemplate":"https:\/\/www.dsk.lu\/de\/?s={search_term_string}"},"query-input":{"@type":"PropertyValueSpecification","valueRequired":true,"valueName":"search_term_string"}}],"inLanguage":"de"}]}},"_links":{"self":[{"href":"https:\/\/www.dsk.lu\/de\/wp-json\/wp\/v2\/pages\/705","targetHints":{"allow":["GET"]}}],"collection":[{"href":"https:\/\/www.dsk.lu\/de\/wp-json\/wp\/v2\/pages"}],"about":[{"href":"https:\/\/www.dsk.lu\/de\/wp-json\/wp\/v2\/types\/page"}],"author":[{"embeddable":true,"href":"https:\/\/www.dsk.lu\/de\/wp-json\/wp\/v2\/users\/1"}],"replies":[{"embeddable":true,"href":"https:\/\/www.dsk.lu\/de\/wp-json\/wp\/v2\/comments?post=705"}],"version-history":[{"count":1,"href":"https:\/\/www.dsk.lu\/de\/wp-json\/wp\/v2\/pages\/705\/revisions"}],"predecessor-version":[{"id":706,"href":"https:\/\/www.dsk.lu\/de\/wp-json\/wp\/v2\/pages\/705\/revisions\/706"}],"up":[{"embeddable":true,"href":"https:\/\/www.dsk.lu\/de\/wp-json\/wp\/v2\/pages\/341"}],"wp:attachment":[{"href":"https:\/\/www.dsk.lu\/de\/wp-json\/wp\/v2\/media?parent=705"}],"curies":[{"name":"wp","href":"https:\/\/api.w.org\/{rel}","templated":true}]}}