{"id":699,"date":"2025-02-28T15:22:21","date_gmt":"2025-02-28T14:22:21","guid":{"rendered":"https:\/\/www.dsk.lu\/?page_id=699"},"modified":"2025-11-11T14:52:54","modified_gmt":"2025-11-11T13:52:54","slug":"mobile-stempeluhr","status":"publish","type":"page","link":"https:\/\/www.dsk.lu\/de\/produkte\/anwesenheitszeit\/material\/mobile-stempeluhr\/","title":{"rendered":"Mobile Stempeluhr"},"content":{"rendered":"<p>Die Mobile Stempeluhr ist eine App, die es Ihren mobilen Mitarbeitern erm\u00f6glicht, auch au\u00dferhalb des B\u00fcros Stempelungen zu erfassen. Die App ist f\u00fcr iOS und Android verf\u00fcgbar und l\u00e4sst sich in Ihre bestehende TiM-Installation integrieren. Die Zeiterfassung kann mit einem Geotag versehen werden, um Missbrauch zu verhindern. Es ist m\u00f6glich auf Baustellen auszustempeln, was eine analytische Verfolgung der Zeit die auf jeder Baustelle verbracht wird erm\u00f6glicht.<\/p>\n","protected":false},"excerpt":{"rendered":"<p>Die Mobile Stempeluhr ist eine App, die es Ihren mobilen Mitarbeitern erm\u00f6glicht, auch au\u00dferhalb des B\u00fcros Stempelungen zu erfassen. Die App ist f\u00fcr iOS und Android verf\u00fcgbar und l\u00e4sst sich in Ihre bestehende TiM-Installation integrieren. Die Zeiterfassung kann mit einem Geotag versehen werden, um Missbrauch zu verhindern. Es ist m\u00f6glich auf Baustellen auszustempeln, was eine [&hellip;]<\/p>\n","protected":false},"author":1,"featured_media":524,"parent":682,"menu_order":0,"comment_status":"closed","ping_status":"closed","template":"template-product.php","meta":{"_acf_changed":false,"footnotes":""},"class_list":["post-699","page","type-page","status-publish","has-post-thumbnail","hentry"],"acf":[],"yoast_head":"<!-- This site is optimized with the Yoast SEO plugin v27.3 - https:\/\/yoast.com\/product\/yoast-seo-wordpress\/ -->\r\n<title>Mobile App Pointeuse Mobile | DSK Systems<\/title>\r\n<meta name=\"description\" content=\"Mit der App Pointeuse Mobile k\u00f6nnen Ihre mobilen Mitarbeiter auch au\u00dferhalb des B\u00fcros ihre Arbeitszeiten erfassen. Verf\u00fcgbar f\u00fcr iOS und Android.\" \/>\r\n<meta name=\"robots\" content=\"index, follow, max-snippet:-1, max-image-preview:large, max-video-preview:-1\" \/>\r\n<link rel=\"canonical\" href=\"https:\/\/www.dsk.lu\/de\/produkte\/anwesenheitszeit\/material\/mobile-stempeluhr\/\" \/>\r\n<meta property=\"og:locale\" content=\"de_DE\" \/>\r\n<meta property=\"og:type\" content=\"article\" \/>\r\n<meta property=\"og:title\" content=\"Mobile App Pointeuse Mobile | DSK Systems\" \/>\r\n<meta property=\"og:description\" content=\"Mit der App Pointeuse Mobile k\u00f6nnen Ihre mobilen Mitarbeiter auch au\u00dferhalb des B\u00fcros ihre Arbeitszeiten erfassen. Verf\u00fcgbar f\u00fcr iOS und Android.\" \/>\r\n<meta property=\"og:url\" content=\"https:\/\/www.dsk.lu\/de\/produkte\/anwesenheitszeit\/material\/mobile-stempeluhr\/\" \/>\r\n<meta property=\"og:site_name\" content=\"DSK Systems\" \/>\r\n<meta property=\"article:modified_time\" content=\"2025-11-11T13:52:54+00:00\" \/>\r\n<meta property=\"og:image\" content=\"https:\/\/www.dsk.lu\/wp-content\/uploads\/2025\/02\/PM-iPhone-lateral-800x534-1.png\" \/>\r\n\t<meta property=\"og:image:width\" content=\"800\" \/>\r\n\t<meta property=\"og:image:height\" content=\"534\" \/>\r\n\t<meta property=\"og:image:type\" content=\"image\/png\" \/>\r\n<meta name=\"twitter:card\" content=\"summary_large_image\" \/>\r\n<meta name=\"twitter:label1\" content=\"Gesch\u00e4tzte Lesezeit\" \/>\n\t<meta name=\"twitter:data1\" content=\"1\u00a0Minute\" \/>\r\n<script type=\"application\/ld+json\" class=\"yoast-schema-graph\">{\"@context\":\"https:\\\/\\\/schema.org\",\"@graph\":[{\"@type\":\"WebPage\",\"@id\":\"https:\\\/\\\/www.dsk.lu\\\/de\\\/produkte\\\/anwesenheitszeit\\\/material\\\/mobile-stempeluhr\\\/\",\"url\":\"https:\\\/\\\/www.dsk.lu\\\/de\\\/produkte\\\/anwesenheitszeit\\\/material\\\/mobile-stempeluhr\\\/\",\"name\":\"Mobile App Pointeuse Mobile | DSK Systems\",\"isPartOf\":{\"@id\":\"https:\\\/\\\/www.dsk.lu\\\/de\\\/#website\"},\"primaryImageOfPage\":{\"@id\":\"https:\\\/\\\/www.dsk.lu\\\/de\\\/produkte\\\/anwesenheitszeit\\\/material\\\/mobile-stempeluhr\\\/#primaryimage\"},\"image\":{\"@id\":\"https:\\\/\\\/www.dsk.lu\\\/de\\\/produkte\\\/anwesenheitszeit\\\/material\\\/mobile-stempeluhr\\\/#primaryimage\"},\"thumbnailUrl\":\"https:\\\/\\\/www.dsk.lu\\\/wp-content\\\/uploads\\\/2025\\\/02\\\/PM-iPhone-lateral-800x534-1.png\",\"datePublished\":\"2025-02-28T14:22:21+00:00\",\"dateModified\":\"2025-11-11T13:52:54+00:00\",\"description\":\"Mit der App Pointeuse Mobile k\u00f6nnen Ihre mobilen Mitarbeiter auch au\u00dferhalb des B\u00fcros ihre Arbeitszeiten erfassen. Verf\u00fcgbar f\u00fcr iOS und Android.\",\"breadcrumb\":{\"@id\":\"https:\\\/\\\/www.dsk.lu\\\/de\\\/produkte\\\/anwesenheitszeit\\\/material\\\/mobile-stempeluhr\\\/#breadcrumb\"},\"inLanguage\":\"de\",\"potentialAction\":[{\"@type\":\"ReadAction\",\"target\":[\"https:\\\/\\\/www.dsk.lu\\\/de\\\/produkte\\\/anwesenheitszeit\\\/material\\\/mobile-stempeluhr\\\/\"]}]},{\"@type\":\"ImageObject\",\"inLanguage\":\"de\",\"@id\":\"https:\\\/\\\/www.dsk.lu\\\/de\\\/produkte\\\/anwesenheitszeit\\\/material\\\/mobile-stempeluhr\\\/#primaryimage\",\"url\":\"https:\\\/\\\/www.dsk.lu\\\/wp-content\\\/uploads\\\/2025\\\/02\\\/PM-iPhone-lateral-800x534-1.png\",\"contentUrl\":\"https:\\\/\\\/www.dsk.lu\\\/wp-content\\\/uploads\\\/2025\\\/02\\\/PM-iPhone-lateral-800x534-1.png\",\"width\":800,\"height\":534},{\"@type\":\"BreadcrumbList\",\"@id\":\"https:\\\/\\\/www.dsk.lu\\\/de\\\/produkte\\\/anwesenheitszeit\\\/material\\\/mobile-stempeluhr\\\/#breadcrumb\",\"itemListElement\":[{\"@type\":\"ListItem\",\"position\":1,\"name\":\"Accueil\",\"item\":\"https:\\\/\\\/www.dsk.lu\\\/de\\\/\"},{\"@type\":\"ListItem\",\"position\":2,\"name\":\"Produkte\",\"item\":\"https:\\\/\\\/www.dsk.lu\\\/de\\\/produkte\\\/\"},{\"@type\":\"ListItem\",\"position\":3,\"name\":\"Zeiterfassung\",\"item\":\"https:\\\/\\\/www.dsk.lu\\\/de\\\/produkte\\\/anwesenheitszeit\\\/\"},{\"@type\":\"ListItem\",\"position\":4,\"name\":\"Material\",\"item\":\"https:\\\/\\\/www.dsk.lu\\\/de\\\/produkte\\\/anwesenheitszeit\\\/material\\\/\"},{\"@type\":\"ListItem\",\"position\":5,\"name\":\"Mobile Stempeluhr\"}]},{\"@type\":\"WebSite\",\"@id\":\"https:\\\/\\\/www.dsk.lu\\\/de\\\/#website\",\"url\":\"https:\\\/\\\/www.dsk.lu\\\/de\\\/\",\"name\":\"DSK Systems\",\"description\":\"\",\"potentialAction\":[{\"@type\":\"SearchAction\",\"target\":{\"@type\":\"EntryPoint\",\"urlTemplate\":\"https:\\\/\\\/www.dsk.lu\\\/de\\\/?s={search_term_string}\"},\"query-input\":{\"@type\":\"PropertyValueSpecification\",\"valueRequired\":true,\"valueName\":\"search_term_string\"}}],\"inLanguage\":\"de\"}]}<\/script>\r\n<!-- \/ Yoast SEO plugin. -->","yoast_head_json":{"title":"Mobile App Pointeuse Mobile | DSK Systems","description":"Mit der App Pointeuse Mobile k\u00f6nnen Ihre mobilen Mitarbeiter auch au\u00dferhalb des B\u00fcros ihre Arbeitszeiten erfassen. Verf\u00fcgbar f\u00fcr iOS und Android.","robots":{"index":"index","follow":"follow","max-snippet":"max-snippet:-1","max-image-preview":"max-image-preview:large","max-video-preview":"max-video-preview:-1"},"canonical":"https:\/\/www.dsk.lu\/de\/produkte\/anwesenheitszeit\/material\/mobile-stempeluhr\/","og_locale":"de_DE","og_type":"article","og_title":"Mobile App Pointeuse Mobile | DSK Systems","og_description":"Mit der App Pointeuse Mobile k\u00f6nnen Ihre mobilen Mitarbeiter auch au\u00dferhalb des B\u00fcros ihre Arbeitszeiten erfassen. Verf\u00fcgbar f\u00fcr iOS und Android.","og_url":"https:\/\/www.dsk.lu\/de\/produkte\/anwesenheitszeit\/material\/mobile-stempeluhr\/","og_site_name":"DSK Systems","article_modified_time":"2025-11-11T13:52:54+00:00","og_image":[{"width":800,"height":534,"url":"https:\/\/www.dsk.lu\/wp-content\/uploads\/2025\/02\/PM-iPhone-lateral-800x534-1.png","type":"image\/png"}],"twitter_card":"summary_large_image","twitter_misc":{"Gesch\u00e4tzte Lesezeit":"1\u00a0Minute"},"schema":{"@context":"https:\/\/schema.org","@graph":[{"@type":"WebPage","@id":"https:\/\/www.dsk.lu\/de\/produkte\/anwesenheitszeit\/material\/mobile-stempeluhr\/","url":"https:\/\/www.dsk.lu\/de\/produkte\/anwesenheitszeit\/material\/mobile-stempeluhr\/","name":"Mobile App Pointeuse Mobile | DSK Systems","isPartOf":{"@id":"https:\/\/www.dsk.lu\/de\/#website"},"primaryImageOfPage":{"@id":"https:\/\/www.dsk.lu\/de\/produkte\/anwesenheitszeit\/material\/mobile-stempeluhr\/#primaryimage"},"image":{"@id":"https:\/\/www.dsk.lu\/de\/produkte\/anwesenheitszeit\/material\/mobile-stempeluhr\/#primaryimage"},"thumbnailUrl":"https:\/\/www.dsk.lu\/wp-content\/uploads\/2025\/02\/PM-iPhone-lateral-800x534-1.png","datePublished":"2025-02-28T14:22:21+00:00","dateModified":"2025-11-11T13:52:54+00:00","description":"Mit der App Pointeuse Mobile k\u00f6nnen Ihre mobilen Mitarbeiter auch au\u00dferhalb des B\u00fcros ihre Arbeitszeiten erfassen. Verf\u00fcgbar f\u00fcr iOS und Android.","breadcrumb":{"@id":"https:\/\/www.dsk.lu\/de\/produkte\/anwesenheitszeit\/material\/mobile-stempeluhr\/#breadcrumb"},"inLanguage":"de","potentialAction":[{"@type":"ReadAction","target":["https:\/\/www.dsk.lu\/de\/produkte\/anwesenheitszeit\/material\/mobile-stempeluhr\/"]}]},{"@type":"ImageObject","inLanguage":"de","@id":"https:\/\/www.dsk.lu\/de\/produkte\/anwesenheitszeit\/material\/mobile-stempeluhr\/#primaryimage","url":"https:\/\/www.dsk.lu\/wp-content\/uploads\/2025\/02\/PM-iPhone-lateral-800x534-1.png","contentUrl":"https:\/\/www.dsk.lu\/wp-content\/uploads\/2025\/02\/PM-iPhone-lateral-800x534-1.png","width":800,"height":534},{"@type":"BreadcrumbList","@id":"https:\/\/www.dsk.lu\/de\/produkte\/anwesenheitszeit\/material\/mobile-stempeluhr\/#breadcrumb","itemListElement":[{"@type":"ListItem","position":1,"name":"Accueil","item":"https:\/\/www.dsk.lu\/de\/"},{"@type":"ListItem","position":2,"name":"Produkte","item":"https:\/\/www.dsk.lu\/de\/produkte\/"},{"@type":"ListItem","position":3,"name":"Zeiterfassung","item":"https:\/\/www.dsk.lu\/de\/produkte\/anwesenheitszeit\/"},{"@type":"ListItem","position":4,"name":"Material","item":"https:\/\/www.dsk.lu\/de\/produkte\/anwesenheitszeit\/material\/"},{"@type":"ListItem","position":5,"name":"Mobile Stempeluhr"}]},{"@type":"WebSite","@id":"https:\/\/www.dsk.lu\/de\/#website","url":"https:\/\/www.dsk.lu\/de\/","name":"DSK Systems","description":"","potentialAction":[{"@type":"SearchAction","target":{"@type":"EntryPoint","urlTemplate":"https:\/\/www.dsk.lu\/de\/?s={search_term_string}"},"query-input":{"@type":"PropertyValueSpecification","valueRequired":true,"valueName":"search_term_string"}}],"inLanguage":"de"}]}},"_links":{"self":[{"href":"https:\/\/www.dsk.lu\/de\/wp-json\/wp\/v2\/pages\/699","targetHints":{"allow":["GET"]}}],"collection":[{"href":"https:\/\/www.dsk.lu\/de\/wp-json\/wp\/v2\/pages"}],"about":[{"href":"https:\/\/www.dsk.lu\/de\/wp-json\/wp\/v2\/types\/page"}],"author":[{"embeddable":true,"href":"https:\/\/www.dsk.lu\/de\/wp-json\/wp\/v2\/users\/1"}],"replies":[{"embeddable":true,"href":"https:\/\/www.dsk.lu\/de\/wp-json\/wp\/v2\/comments?post=699"}],"version-history":[{"count":1,"href":"https:\/\/www.dsk.lu\/de\/wp-json\/wp\/v2\/pages\/699\/revisions"}],"predecessor-version":[{"id":700,"href":"https:\/\/www.dsk.lu\/de\/wp-json\/wp\/v2\/pages\/699\/revisions\/700"}],"up":[{"embeddable":true,"href":"https:\/\/www.dsk.lu\/de\/wp-json\/wp\/v2\/pages\/682"}],"wp:featuredmedia":[{"embeddable":true,"href":"https:\/\/www.dsk.lu\/de\/wp-json\/wp\/v2\/media\/524"}],"wp:attachment":[{"href":"https:\/\/www.dsk.lu\/de\/wp-json\/wp\/v2\/media?parent=699"}],"curies":[{"name":"wp","href":"https:\/\/api.w.org\/{rel}","templated":true}]}}