{"id":695,"date":"2025-02-28T15:21:18","date_gmt":"2025-02-28T14:21:18","guid":{"rendered":"https:\/\/www.dsk.lu\/?page_id=695"},"modified":"2025-11-11T14:49:21","modified_gmt":"2025-11-11T13:49:21","slug":"datafox-evo-3-5","status":"publish","type":"page","link":"https:\/\/www.dsk.lu\/de\/produkte\/anwesenheitszeit\/material\/datafox-evo-3-5\/","title":{"rendered":"Datafox EVO 3.5"},"content":{"rendered":"<p>Das Terminal EVO 3.5 ist die Alternative f\u00fcr Kunden, die nach kosteng\u00fcnstigeren L\u00f6sungen suchen. Dieses Terminal mit geringerer Gr\u00f6\u00dfe verf\u00fcgt \u00fcber einen Touchscreen, auf dem die Funktionstasten angezeigt werden. Es verf\u00fcgt \u00fcber alle Funktionen seines gro\u00dfen Bruders EVO 4.3 und bietet somit ein sehr gutes Preis-Leistungs-Verh\u00e4ltnis.<\/p>\n","protected":false},"excerpt":{"rendered":"<p>Das Terminal EVO 3.5 ist die Alternative f\u00fcr Kunden, die nach kosteng\u00fcnstigeren L\u00f6sungen suchen. Dieses Terminal mit geringerer Gr\u00f6\u00dfe verf\u00fcgt \u00fcber einen Touchscreen, auf dem die Funktionstasten angezeigt werden. Es verf\u00fcgt \u00fcber alle Funktionen seines gro\u00dfen Bruders EVO 4.3 und bietet somit ein sehr gutes Preis-Leistungs-Verh\u00e4ltnis.<\/p>\n","protected":false},"author":1,"featured_media":530,"parent":682,"menu_order":2,"comment_status":"closed","ping_status":"closed","template":"template-product.php","meta":{"_acf_changed":false,"footnotes":""},"class_list":["post-695","page","type-page","status-publish","has-post-thumbnail","hentry"],"acf":[],"yoast_head":"<!-- This site is optimized with the Yoast SEO plugin v27.4 - https:\/\/yoast.com\/product\/yoast-seo-wordpress\/ -->\r\n<title>Datafox EVO 3.5 - Kompaktes Terminal | DSK Systems<\/title>\r\n<meta name=\"description\" content=\"Entdecken Sie Datafox EVO 3.5, installiert von DSK: ein kompaktes Touchscreen-Zeiterfassungsterminal, ideal f\u00fcr die Anwesenheitsverwaltung in Unternehmen.\" \/>\r\n<meta name=\"robots\" content=\"index, follow, max-snippet:-1, max-image-preview:large, max-video-preview:-1\" \/>\r\n<link rel=\"canonical\" href=\"https:\/\/www.dsk.lu\/de\/produkte\/anwesenheitszeit\/material\/datafox-evo-3-5\/\" \/>\r\n<meta property=\"og:locale\" content=\"de_DE\" \/>\r\n<meta property=\"og:type\" content=\"article\" \/>\r\n<meta property=\"og:title\" content=\"Datafox EVO 3.5 - Kompaktes Terminal | DSK Systems\" \/>\r\n<meta property=\"og:description\" content=\"Entdecken Sie Datafox EVO 3.5, installiert von DSK: ein kompaktes Touchscreen-Zeiterfassungsterminal, ideal f\u00fcr die Anwesenheitsverwaltung in Unternehmen.\" \/>\r\n<meta property=\"og:url\" content=\"https:\/\/www.dsk.lu\/de\/produkte\/anwesenheitszeit\/material\/datafox-evo-3-5\/\" \/>\r\n<meta property=\"og:site_name\" content=\"DSK Systems\" \/>\r\n<meta property=\"article:modified_time\" content=\"2025-11-11T13:49:21+00:00\" \/>\r\n<meta property=\"og:image\" content=\"https:\/\/www.dsk.lu\/wp-content\/uploads\/2025\/02\/Datafox-EVO-2.8_shadow.png\" \/>\r\n\t<meta property=\"og:image:width\" content=\"322\" \/>\r\n\t<meta property=\"og:image:height\" content=\"451\" \/>\r\n\t<meta property=\"og:image:type\" content=\"image\/png\" \/>\r\n<meta name=\"twitter:card\" content=\"summary_large_image\" \/>\r\n<meta name=\"twitter:label1\" content=\"Gesch\u00e4tzte Lesezeit\" \/>\n\t<meta name=\"twitter:data1\" content=\"1\u00a0Minute\" \/>\r\n<script type=\"application\/ld+json\" class=\"yoast-schema-graph\">{\"@context\":\"https:\\\/\\\/schema.org\",\"@graph\":[{\"@type\":\"WebPage\",\"@id\":\"https:\\\/\\\/www.dsk.lu\\\/de\\\/produkte\\\/anwesenheitszeit\\\/material\\\/datafox-evo-3-5\\\/\",\"url\":\"https:\\\/\\\/www.dsk.lu\\\/de\\\/produkte\\\/anwesenheitszeit\\\/material\\\/datafox-evo-3-5\\\/\",\"name\":\"Datafox EVO 3.5 - Kompaktes Terminal | DSK Systems\",\"isPartOf\":{\"@id\":\"https:\\\/\\\/www.dsk.lu\\\/de\\\/#website\"},\"primaryImageOfPage\":{\"@id\":\"https:\\\/\\\/www.dsk.lu\\\/de\\\/produkte\\\/anwesenheitszeit\\\/material\\\/datafox-evo-3-5\\\/#primaryimage\"},\"image\":{\"@id\":\"https:\\\/\\\/www.dsk.lu\\\/de\\\/produkte\\\/anwesenheitszeit\\\/material\\\/datafox-evo-3-5\\\/#primaryimage\"},\"thumbnailUrl\":\"https:\\\/\\\/www.dsk.lu\\\/wp-content\\\/uploads\\\/2025\\\/02\\\/Datafox-EVO-2.8_shadow.png\",\"datePublished\":\"2025-02-28T14:21:18+00:00\",\"dateModified\":\"2025-11-11T13:49:21+00:00\",\"description\":\"Entdecken Sie Datafox EVO 3.5, installiert von DSK: ein kompaktes Touchscreen-Zeiterfassungsterminal, ideal f\u00fcr die Anwesenheitsverwaltung in Unternehmen.\",\"breadcrumb\":{\"@id\":\"https:\\\/\\\/www.dsk.lu\\\/de\\\/produkte\\\/anwesenheitszeit\\\/material\\\/datafox-evo-3-5\\\/#breadcrumb\"},\"inLanguage\":\"de\",\"potentialAction\":[{\"@type\":\"ReadAction\",\"target\":[\"https:\\\/\\\/www.dsk.lu\\\/de\\\/produkte\\\/anwesenheitszeit\\\/material\\\/datafox-evo-3-5\\\/\"]}]},{\"@type\":\"ImageObject\",\"inLanguage\":\"de\",\"@id\":\"https:\\\/\\\/www.dsk.lu\\\/de\\\/produkte\\\/anwesenheitszeit\\\/material\\\/datafox-evo-3-5\\\/#primaryimage\",\"url\":\"https:\\\/\\\/www.dsk.lu\\\/wp-content\\\/uploads\\\/2025\\\/02\\\/Datafox-EVO-2.8_shadow.png\",\"contentUrl\":\"https:\\\/\\\/www.dsk.lu\\\/wp-content\\\/uploads\\\/2025\\\/02\\\/Datafox-EVO-2.8_shadow.png\",\"width\":322,\"height\":451},{\"@type\":\"BreadcrumbList\",\"@id\":\"https:\\\/\\\/www.dsk.lu\\\/de\\\/produkte\\\/anwesenheitszeit\\\/material\\\/datafox-evo-3-5\\\/#breadcrumb\",\"itemListElement\":[{\"@type\":\"ListItem\",\"position\":1,\"name\":\"Accueil\",\"item\":\"https:\\\/\\\/www.dsk.lu\\\/de\\\/\"},{\"@type\":\"ListItem\",\"position\":2,\"name\":\"Produkte\",\"item\":\"https:\\\/\\\/www.dsk.lu\\\/de\\\/produkte\\\/\"},{\"@type\":\"ListItem\",\"position\":3,\"name\":\"Zeiterfassung\",\"item\":\"https:\\\/\\\/www.dsk.lu\\\/de\\\/produkte\\\/anwesenheitszeit\\\/\"},{\"@type\":\"ListItem\",\"position\":4,\"name\":\"Material\",\"item\":\"https:\\\/\\\/www.dsk.lu\\\/de\\\/produkte\\\/anwesenheitszeit\\\/material\\\/\"},{\"@type\":\"ListItem\",\"position\":5,\"name\":\"Datafox EVO 3.5\"}]},{\"@type\":\"WebSite\",\"@id\":\"https:\\\/\\\/www.dsk.lu\\\/de\\\/#website\",\"url\":\"https:\\\/\\\/www.dsk.lu\\\/de\\\/\",\"name\":\"DSK Systems\",\"description\":\"\",\"potentialAction\":[{\"@type\":\"SearchAction\",\"target\":{\"@type\":\"EntryPoint\",\"urlTemplate\":\"https:\\\/\\\/www.dsk.lu\\\/de\\\/?s={search_term_string}\"},\"query-input\":{\"@type\":\"PropertyValueSpecification\",\"valueRequired\":true,\"valueName\":\"search_term_string\"}}],\"inLanguage\":\"de\"}]}<\/script>\r\n<!-- \/ Yoast SEO plugin. -->","yoast_head_json":{"title":"Datafox EVO 3.5 - Kompaktes Terminal | DSK Systems","description":"Entdecken Sie Datafox EVO 3.5, installiert von DSK: ein kompaktes Touchscreen-Zeiterfassungsterminal, ideal f\u00fcr die Anwesenheitsverwaltung in Unternehmen.","robots":{"index":"index","follow":"follow","max-snippet":"max-snippet:-1","max-image-preview":"max-image-preview:large","max-video-preview":"max-video-preview:-1"},"canonical":"https:\/\/www.dsk.lu\/de\/produkte\/anwesenheitszeit\/material\/datafox-evo-3-5\/","og_locale":"de_DE","og_type":"article","og_title":"Datafox EVO 3.5 - Kompaktes Terminal | DSK Systems","og_description":"Entdecken Sie Datafox EVO 3.5, installiert von DSK: ein kompaktes Touchscreen-Zeiterfassungsterminal, ideal f\u00fcr die Anwesenheitsverwaltung in Unternehmen.","og_url":"https:\/\/www.dsk.lu\/de\/produkte\/anwesenheitszeit\/material\/datafox-evo-3-5\/","og_site_name":"DSK Systems","article_modified_time":"2025-11-11T13:49:21+00:00","og_image":[{"width":322,"height":451,"url":"https:\/\/www.dsk.lu\/wp-content\/uploads\/2025\/02\/Datafox-EVO-2.8_shadow.png","type":"image\/png"}],"twitter_card":"summary_large_image","twitter_misc":{"Gesch\u00e4tzte Lesezeit":"1\u00a0Minute"},"schema":{"@context":"https:\/\/schema.org","@graph":[{"@type":"WebPage","@id":"https:\/\/www.dsk.lu\/de\/produkte\/anwesenheitszeit\/material\/datafox-evo-3-5\/","url":"https:\/\/www.dsk.lu\/de\/produkte\/anwesenheitszeit\/material\/datafox-evo-3-5\/","name":"Datafox EVO 3.5 - Kompaktes Terminal | DSK Systems","isPartOf":{"@id":"https:\/\/www.dsk.lu\/de\/#website"},"primaryImageOfPage":{"@id":"https:\/\/www.dsk.lu\/de\/produkte\/anwesenheitszeit\/material\/datafox-evo-3-5\/#primaryimage"},"image":{"@id":"https:\/\/www.dsk.lu\/de\/produkte\/anwesenheitszeit\/material\/datafox-evo-3-5\/#primaryimage"},"thumbnailUrl":"https:\/\/www.dsk.lu\/wp-content\/uploads\/2025\/02\/Datafox-EVO-2.8_shadow.png","datePublished":"2025-02-28T14:21:18+00:00","dateModified":"2025-11-11T13:49:21+00:00","description":"Entdecken Sie Datafox EVO 3.5, installiert von DSK: ein kompaktes Touchscreen-Zeiterfassungsterminal, ideal f\u00fcr die Anwesenheitsverwaltung in Unternehmen.","breadcrumb":{"@id":"https:\/\/www.dsk.lu\/de\/produkte\/anwesenheitszeit\/material\/datafox-evo-3-5\/#breadcrumb"},"inLanguage":"de","potentialAction":[{"@type":"ReadAction","target":["https:\/\/www.dsk.lu\/de\/produkte\/anwesenheitszeit\/material\/datafox-evo-3-5\/"]}]},{"@type":"ImageObject","inLanguage":"de","@id":"https:\/\/www.dsk.lu\/de\/produkte\/anwesenheitszeit\/material\/datafox-evo-3-5\/#primaryimage","url":"https:\/\/www.dsk.lu\/wp-content\/uploads\/2025\/02\/Datafox-EVO-2.8_shadow.png","contentUrl":"https:\/\/www.dsk.lu\/wp-content\/uploads\/2025\/02\/Datafox-EVO-2.8_shadow.png","width":322,"height":451},{"@type":"BreadcrumbList","@id":"https:\/\/www.dsk.lu\/de\/produkte\/anwesenheitszeit\/material\/datafox-evo-3-5\/#breadcrumb","itemListElement":[{"@type":"ListItem","position":1,"name":"Accueil","item":"https:\/\/www.dsk.lu\/de\/"},{"@type":"ListItem","position":2,"name":"Produkte","item":"https:\/\/www.dsk.lu\/de\/produkte\/"},{"@type":"ListItem","position":3,"name":"Zeiterfassung","item":"https:\/\/www.dsk.lu\/de\/produkte\/anwesenheitszeit\/"},{"@type":"ListItem","position":4,"name":"Material","item":"https:\/\/www.dsk.lu\/de\/produkte\/anwesenheitszeit\/material\/"},{"@type":"ListItem","position":5,"name":"Datafox EVO 3.5"}]},{"@type":"WebSite","@id":"https:\/\/www.dsk.lu\/de\/#website","url":"https:\/\/www.dsk.lu\/de\/","name":"DSK Systems","description":"","potentialAction":[{"@type":"SearchAction","target":{"@type":"EntryPoint","urlTemplate":"https:\/\/www.dsk.lu\/de\/?s={search_term_string}"},"query-input":{"@type":"PropertyValueSpecification","valueRequired":true,"valueName":"search_term_string"}}],"inLanguage":"de"}]}},"_links":{"self":[{"href":"https:\/\/www.dsk.lu\/de\/wp-json\/wp\/v2\/pages\/695","targetHints":{"allow":["GET"]}}],"collection":[{"href":"https:\/\/www.dsk.lu\/de\/wp-json\/wp\/v2\/pages"}],"about":[{"href":"https:\/\/www.dsk.lu\/de\/wp-json\/wp\/v2\/types\/page"}],"author":[{"embeddable":true,"href":"https:\/\/www.dsk.lu\/de\/wp-json\/wp\/v2\/users\/1"}],"replies":[{"embeddable":true,"href":"https:\/\/www.dsk.lu\/de\/wp-json\/wp\/v2\/comments?post=695"}],"version-history":[{"count":1,"href":"https:\/\/www.dsk.lu\/de\/wp-json\/wp\/v2\/pages\/695\/revisions"}],"predecessor-version":[{"id":696,"href":"https:\/\/www.dsk.lu\/de\/wp-json\/wp\/v2\/pages\/695\/revisions\/696"}],"up":[{"embeddable":true,"href":"https:\/\/www.dsk.lu\/de\/wp-json\/wp\/v2\/pages\/682"}],"wp:featuredmedia":[{"embeddable":true,"href":"https:\/\/www.dsk.lu\/de\/wp-json\/wp\/v2\/media\/530"}],"wp:attachment":[{"href":"https:\/\/www.dsk.lu\/de\/wp-json\/wp\/v2\/media?parent=695"}],"curies":[{"name":"wp","href":"https:\/\/api.w.org\/{rel}","templated":true}]}}