{"id":693,"date":"2025-02-28T15:19:34","date_gmt":"2025-02-28T14:19:34","guid":{"rendered":"https:\/\/www.dsk.lu\/?page_id=693"},"modified":"2025-11-11T15:21:01","modified_gmt":"2025-11-11T14:21:01","slug":"datafox-pze-master-iv","status":"publish","type":"page","link":"https:\/\/www.dsk.lu\/de\/produkte\/anwesenheitszeit\/material\/datafox-pze-master-iv\/","title":{"rendered":"Datafox PZE Master IV"},"content":{"rendered":"<p>Das PZE Master IV-Modell ist das ideale Terminal f\u00fcr eine industrielle oder externe Umgebung. Sein rundes Design mit monochromem Display, die gro\u00dfen, robusten, dedizierten Tasten und die Schutzklasse IP 65 sind f\u00fcr eine anspruchsvolle Umgebung gedacht.<\/p>\n","protected":false},"excerpt":{"rendered":"<p>Das PZE Master IV-Modell ist das ideale Terminal f\u00fcr eine industrielle oder externe Umgebung. Sein rundes Design mit monochromem Display, die gro\u00dfen, robusten, dedizierten Tasten und die Schutzklasse IP 65 sind f\u00fcr eine anspruchsvolle Umgebung gedacht.<\/p>\n","protected":false},"author":1,"featured_media":539,"parent":682,"menu_order":6,"comment_status":"closed","ping_status":"closed","template":"template-product.php","meta":{"_acf_changed":false,"footnotes":""},"class_list":["post-693","page","type-page","status-publish","has-post-thumbnail","hentry"],"acf":[],"yoast_head":"<!-- This site is optimized with the Yoast SEO plugin v27.3 - https:\/\/yoast.com\/product\/yoast-seo-wordpress\/ -->\r\n<title>Datafox PZE Master IV - Terminal f\u00fcr Ateliers | DSK Systems<\/title>\r\n<meta name=\"description\" content=\"Entscheiden Sie sich f\u00fcr das industrielle IP65-Zeiterfassungsterminal, perfekt f\u00fcr Au\u00dfenstandorte oder Werkst\u00e4tten und installiert von DSK Systems.\" \/>\r\n<meta name=\"robots\" content=\"index, follow, max-snippet:-1, max-image-preview:large, max-video-preview:-1\" \/>\r\n<link rel=\"canonical\" href=\"https:\/\/www.dsk.lu\/de\/produkte\/anwesenheitszeit\/material\/datafox-pze-master-iv\/\" \/>\r\n<meta property=\"og:locale\" content=\"de_DE\" \/>\r\n<meta property=\"og:type\" content=\"article\" \/>\r\n<meta property=\"og:title\" content=\"Datafox PZE Master IV - Terminal f\u00fcr Ateliers | DSK Systems\" \/>\r\n<meta property=\"og:description\" content=\"Entscheiden Sie sich f\u00fcr das industrielle IP65-Zeiterfassungsterminal, perfekt f\u00fcr Au\u00dfenstandorte oder Werkst\u00e4tten und installiert von DSK Systems.\" \/>\r\n<meta property=\"og:url\" content=\"https:\/\/www.dsk.lu\/de\/produkte\/anwesenheitszeit\/material\/datafox-pze-master-iv\/\" \/>\r\n<meta property=\"og:site_name\" content=\"DSK Systems\" \/>\r\n<meta property=\"article:modified_time\" content=\"2025-11-11T14:21:01+00:00\" \/>\r\n<meta property=\"og:image\" content=\"https:\/\/www.dsk.lu\/wp-content\/uploads\/2025\/02\/borne-digitale.png\" \/>\r\n\t<meta property=\"og:image:width\" content=\"674\" \/>\r\n\t<meta property=\"og:image:height\" content=\"640\" \/>\r\n\t<meta property=\"og:image:type\" content=\"image\/png\" \/>\r\n<meta name=\"twitter:card\" content=\"summary_large_image\" \/>\r\n<meta name=\"twitter:label1\" content=\"Gesch\u00e4tzte Lesezeit\" \/>\n\t<meta name=\"twitter:data1\" content=\"1\u00a0Minute\" \/>\r\n<script type=\"application\/ld+json\" class=\"yoast-schema-graph\">{\"@context\":\"https:\\\/\\\/schema.org\",\"@graph\":[{\"@type\":\"WebPage\",\"@id\":\"https:\\\/\\\/www.dsk.lu\\\/de\\\/produkte\\\/anwesenheitszeit\\\/material\\\/datafox-pze-master-iv\\\/\",\"url\":\"https:\\\/\\\/www.dsk.lu\\\/de\\\/produkte\\\/anwesenheitszeit\\\/material\\\/datafox-pze-master-iv\\\/\",\"name\":\"Datafox PZE Master IV - Terminal f\u00fcr Ateliers | DSK Systems\",\"isPartOf\":{\"@id\":\"https:\\\/\\\/www.dsk.lu\\\/de\\\/#website\"},\"primaryImageOfPage\":{\"@id\":\"https:\\\/\\\/www.dsk.lu\\\/de\\\/produkte\\\/anwesenheitszeit\\\/material\\\/datafox-pze-master-iv\\\/#primaryimage\"},\"image\":{\"@id\":\"https:\\\/\\\/www.dsk.lu\\\/de\\\/produkte\\\/anwesenheitszeit\\\/material\\\/datafox-pze-master-iv\\\/#primaryimage\"},\"thumbnailUrl\":\"https:\\\/\\\/www.dsk.lu\\\/wp-content\\\/uploads\\\/2025\\\/02\\\/borne-digitale.png\",\"datePublished\":\"2025-02-28T14:19:34+00:00\",\"dateModified\":\"2025-11-11T14:21:01+00:00\",\"description\":\"Entscheiden Sie sich f\u00fcr das industrielle IP65-Zeiterfassungsterminal, perfekt f\u00fcr Au\u00dfenstandorte oder Werkst\u00e4tten und installiert von DSK Systems.\",\"breadcrumb\":{\"@id\":\"https:\\\/\\\/www.dsk.lu\\\/de\\\/produkte\\\/anwesenheitszeit\\\/material\\\/datafox-pze-master-iv\\\/#breadcrumb\"},\"inLanguage\":\"de\",\"potentialAction\":[{\"@type\":\"ReadAction\",\"target\":[\"https:\\\/\\\/www.dsk.lu\\\/de\\\/produkte\\\/anwesenheitszeit\\\/material\\\/datafox-pze-master-iv\\\/\"]}]},{\"@type\":\"ImageObject\",\"inLanguage\":\"de\",\"@id\":\"https:\\\/\\\/www.dsk.lu\\\/de\\\/produkte\\\/anwesenheitszeit\\\/material\\\/datafox-pze-master-iv\\\/#primaryimage\",\"url\":\"https:\\\/\\\/www.dsk.lu\\\/wp-content\\\/uploads\\\/2025\\\/02\\\/borne-digitale.png\",\"contentUrl\":\"https:\\\/\\\/www.dsk.lu\\\/wp-content\\\/uploads\\\/2025\\\/02\\\/borne-digitale.png\",\"width\":674,\"height\":640},{\"@type\":\"BreadcrumbList\",\"@id\":\"https:\\\/\\\/www.dsk.lu\\\/de\\\/produkte\\\/anwesenheitszeit\\\/material\\\/datafox-pze-master-iv\\\/#breadcrumb\",\"itemListElement\":[{\"@type\":\"ListItem\",\"position\":1,\"name\":\"Accueil\",\"item\":\"https:\\\/\\\/www.dsk.lu\\\/de\\\/\"},{\"@type\":\"ListItem\",\"position\":2,\"name\":\"Produkte\",\"item\":\"https:\\\/\\\/www.dsk.lu\\\/de\\\/produkte\\\/\"},{\"@type\":\"ListItem\",\"position\":3,\"name\":\"Zeiterfassung\",\"item\":\"https:\\\/\\\/www.dsk.lu\\\/de\\\/produkte\\\/anwesenheitszeit\\\/\"},{\"@type\":\"ListItem\",\"position\":4,\"name\":\"Material\",\"item\":\"https:\\\/\\\/www.dsk.lu\\\/de\\\/produkte\\\/anwesenheitszeit\\\/material\\\/\"},{\"@type\":\"ListItem\",\"position\":5,\"name\":\"Datafox PZE Master IV\"}]},{\"@type\":\"WebSite\",\"@id\":\"https:\\\/\\\/www.dsk.lu\\\/de\\\/#website\",\"url\":\"https:\\\/\\\/www.dsk.lu\\\/de\\\/\",\"name\":\"DSK Systems\",\"description\":\"\",\"potentialAction\":[{\"@type\":\"SearchAction\",\"target\":{\"@type\":\"EntryPoint\",\"urlTemplate\":\"https:\\\/\\\/www.dsk.lu\\\/de\\\/?s={search_term_string}\"},\"query-input\":{\"@type\":\"PropertyValueSpecification\",\"valueRequired\":true,\"valueName\":\"search_term_string\"}}],\"inLanguage\":\"de\"}]}<\/script>\r\n<!-- \/ Yoast SEO plugin. -->","yoast_head_json":{"title":"Datafox PZE Master IV - Terminal f\u00fcr Ateliers | DSK Systems","description":"Entscheiden Sie sich f\u00fcr das industrielle IP65-Zeiterfassungsterminal, perfekt f\u00fcr Au\u00dfenstandorte oder Werkst\u00e4tten und installiert von DSK Systems.","robots":{"index":"index","follow":"follow","max-snippet":"max-snippet:-1","max-image-preview":"max-image-preview:large","max-video-preview":"max-video-preview:-1"},"canonical":"https:\/\/www.dsk.lu\/de\/produkte\/anwesenheitszeit\/material\/datafox-pze-master-iv\/","og_locale":"de_DE","og_type":"article","og_title":"Datafox PZE Master IV - Terminal f\u00fcr Ateliers | DSK Systems","og_description":"Entscheiden Sie sich f\u00fcr das industrielle IP65-Zeiterfassungsterminal, perfekt f\u00fcr Au\u00dfenstandorte oder Werkst\u00e4tten und installiert von DSK Systems.","og_url":"https:\/\/www.dsk.lu\/de\/produkte\/anwesenheitszeit\/material\/datafox-pze-master-iv\/","og_site_name":"DSK Systems","article_modified_time":"2025-11-11T14:21:01+00:00","og_image":[{"width":674,"height":640,"url":"https:\/\/www.dsk.lu\/wp-content\/uploads\/2025\/02\/borne-digitale.png","type":"image\/png"}],"twitter_card":"summary_large_image","twitter_misc":{"Gesch\u00e4tzte Lesezeit":"1\u00a0Minute"},"schema":{"@context":"https:\/\/schema.org","@graph":[{"@type":"WebPage","@id":"https:\/\/www.dsk.lu\/de\/produkte\/anwesenheitszeit\/material\/datafox-pze-master-iv\/","url":"https:\/\/www.dsk.lu\/de\/produkte\/anwesenheitszeit\/material\/datafox-pze-master-iv\/","name":"Datafox PZE Master IV - Terminal f\u00fcr Ateliers | DSK Systems","isPartOf":{"@id":"https:\/\/www.dsk.lu\/de\/#website"},"primaryImageOfPage":{"@id":"https:\/\/www.dsk.lu\/de\/produkte\/anwesenheitszeit\/material\/datafox-pze-master-iv\/#primaryimage"},"image":{"@id":"https:\/\/www.dsk.lu\/de\/produkte\/anwesenheitszeit\/material\/datafox-pze-master-iv\/#primaryimage"},"thumbnailUrl":"https:\/\/www.dsk.lu\/wp-content\/uploads\/2025\/02\/borne-digitale.png","datePublished":"2025-02-28T14:19:34+00:00","dateModified":"2025-11-11T14:21:01+00:00","description":"Entscheiden Sie sich f\u00fcr das industrielle IP65-Zeiterfassungsterminal, perfekt f\u00fcr Au\u00dfenstandorte oder Werkst\u00e4tten und installiert von DSK Systems.","breadcrumb":{"@id":"https:\/\/www.dsk.lu\/de\/produkte\/anwesenheitszeit\/material\/datafox-pze-master-iv\/#breadcrumb"},"inLanguage":"de","potentialAction":[{"@type":"ReadAction","target":["https:\/\/www.dsk.lu\/de\/produkte\/anwesenheitszeit\/material\/datafox-pze-master-iv\/"]}]},{"@type":"ImageObject","inLanguage":"de","@id":"https:\/\/www.dsk.lu\/de\/produkte\/anwesenheitszeit\/material\/datafox-pze-master-iv\/#primaryimage","url":"https:\/\/www.dsk.lu\/wp-content\/uploads\/2025\/02\/borne-digitale.png","contentUrl":"https:\/\/www.dsk.lu\/wp-content\/uploads\/2025\/02\/borne-digitale.png","width":674,"height":640},{"@type":"BreadcrumbList","@id":"https:\/\/www.dsk.lu\/de\/produkte\/anwesenheitszeit\/material\/datafox-pze-master-iv\/#breadcrumb","itemListElement":[{"@type":"ListItem","position":1,"name":"Accueil","item":"https:\/\/www.dsk.lu\/de\/"},{"@type":"ListItem","position":2,"name":"Produkte","item":"https:\/\/www.dsk.lu\/de\/produkte\/"},{"@type":"ListItem","position":3,"name":"Zeiterfassung","item":"https:\/\/www.dsk.lu\/de\/produkte\/anwesenheitszeit\/"},{"@type":"ListItem","position":4,"name":"Material","item":"https:\/\/www.dsk.lu\/de\/produkte\/anwesenheitszeit\/material\/"},{"@type":"ListItem","position":5,"name":"Datafox PZE Master IV"}]},{"@type":"WebSite","@id":"https:\/\/www.dsk.lu\/de\/#website","url":"https:\/\/www.dsk.lu\/de\/","name":"DSK Systems","description":"","potentialAction":[{"@type":"SearchAction","target":{"@type":"EntryPoint","urlTemplate":"https:\/\/www.dsk.lu\/de\/?s={search_term_string}"},"query-input":{"@type":"PropertyValueSpecification","valueRequired":true,"valueName":"search_term_string"}}],"inLanguage":"de"}]}},"_links":{"self":[{"href":"https:\/\/www.dsk.lu\/de\/wp-json\/wp\/v2\/pages\/693","targetHints":{"allow":["GET"]}}],"collection":[{"href":"https:\/\/www.dsk.lu\/de\/wp-json\/wp\/v2\/pages"}],"about":[{"href":"https:\/\/www.dsk.lu\/de\/wp-json\/wp\/v2\/types\/page"}],"author":[{"embeddable":true,"href":"https:\/\/www.dsk.lu\/de\/wp-json\/wp\/v2\/users\/1"}],"replies":[{"embeddable":true,"href":"https:\/\/www.dsk.lu\/de\/wp-json\/wp\/v2\/comments?post=693"}],"version-history":[{"count":1,"href":"https:\/\/www.dsk.lu\/de\/wp-json\/wp\/v2\/pages\/693\/revisions"}],"predecessor-version":[{"id":694,"href":"https:\/\/www.dsk.lu\/de\/wp-json\/wp\/v2\/pages\/693\/revisions\/694"}],"up":[{"embeddable":true,"href":"https:\/\/www.dsk.lu\/de\/wp-json\/wp\/v2\/pages\/682"}],"wp:featuredmedia":[{"embeddable":true,"href":"https:\/\/www.dsk.lu\/de\/wp-json\/wp\/v2\/media\/539"}],"wp:attachment":[{"href":"https:\/\/www.dsk.lu\/de\/wp-json\/wp\/v2\/media?parent=693"}],"curies":[{"name":"wp","href":"https:\/\/api.w.org\/{rel}","templated":true}]}}