{"id":687,"date":"2025-02-28T14:58:08","date_gmt":"2025-02-28T13:58:08","guid":{"rendered":"https:\/\/www.dsk.lu\/?page_id=687"},"modified":"2025-11-11T14:55:01","modified_gmt":"2025-11-11T13:55:01","slug":"dsknet","status":"publish","type":"page","link":"https:\/\/www.dsk.lu\/de\/produkte\/anwesenheitszeit\/intranet\/dsknet\/","title":{"rendered":"DSKnet"},"content":{"rendered":"<p>Das DSKnet-Intranet erm\u00f6glicht Ihren Mitarbeitern den Zugriff auf ihre Anwesenheitsdaten.<\/p>\n","protected":false},"excerpt":{"rendered":"<p>Das DSKnet-Intranet erm\u00f6glicht Ihren Mitarbeitern den Zugriff auf ihre Anwesenheitsdaten.<\/p>\n","protected":false},"author":1,"featured_media":511,"parent":680,"menu_order":0,"comment_status":"closed","ping_status":"closed","template":"template-product.php","meta":{"_acf_changed":false,"footnotes":""},"class_list":["post-687","page","type-page","status-publish","has-post-thumbnail","hentry"],"acf":[],"yoast_head":"<!-- This site is optimized with the Yoast SEO plugin v27.3 - https:\/\/yoast.com\/product\/yoast-seo-wordpress\/ -->\r\n<title>DSKnet Intranet - Zugriff auf Zeitkonten von \u00fcberall | DSK Systems<\/title>\r\n<meta name=\"description\" content=\"Das Intranet DSKnet; mit den meisten Browsern kompatibel erm\u00f6glicht es Ihren Mitarbeitern den Zugriff auf ihre Anwesenheitsdaten von \u00fcberall aus.\" \/>\r\n<meta name=\"robots\" content=\"index, follow, max-snippet:-1, max-image-preview:large, max-video-preview:-1\" \/>\r\n<link rel=\"canonical\" href=\"https:\/\/www.dsk.lu\/de\/produkte\/anwesenheitszeit\/intranet\/dsknet\/\" \/>\r\n<meta property=\"og:locale\" content=\"de_DE\" \/>\r\n<meta property=\"og:type\" content=\"article\" \/>\r\n<meta property=\"og:title\" content=\"DSKnet Intranet - Zugriff auf Zeitkonten von \u00fcberall | DSK Systems\" \/>\r\n<meta property=\"og:description\" content=\"Das Intranet DSKnet; mit den meisten Browsern kompatibel erm\u00f6glicht es Ihren Mitarbeitern den Zugriff auf ihre Anwesenheitsdaten von \u00fcberall aus.\" \/>\r\n<meta property=\"og:url\" content=\"https:\/\/www.dsk.lu\/de\/produkte\/anwesenheitszeit\/intranet\/dsknet\/\" \/>\r\n<meta property=\"og:site_name\" content=\"DSK Systems\" \/>\r\n<meta property=\"article:modified_time\" content=\"2025-11-11T13:55:01+00:00\" \/>\r\n<meta property=\"og:image\" content=\"https:\/\/www.dsk.lu\/wp-content\/uploads\/2025\/02\/DSKNet-Presabs-compact-screenshot-800x484-1.png\" \/>\r\n\t<meta property=\"og:image:width\" content=\"800\" \/>\r\n\t<meta property=\"og:image:height\" content=\"484\" \/>\r\n\t<meta property=\"og:image:type\" content=\"image\/png\" \/>\r\n<meta name=\"twitter:card\" content=\"summary_large_image\" \/>\r\n<meta name=\"twitter:label1\" content=\"Gesch\u00e4tzte Lesezeit\" \/>\n\t<meta name=\"twitter:data1\" content=\"1\u00a0Minute\" \/>\r\n<script type=\"application\/ld+json\" class=\"yoast-schema-graph\">{\"@context\":\"https:\\\/\\\/schema.org\",\"@graph\":[{\"@type\":\"WebPage\",\"@id\":\"https:\\\/\\\/www.dsk.lu\\\/de\\\/produkte\\\/anwesenheitszeit\\\/intranet\\\/dsknet\\\/\",\"url\":\"https:\\\/\\\/www.dsk.lu\\\/de\\\/produkte\\\/anwesenheitszeit\\\/intranet\\\/dsknet\\\/\",\"name\":\"DSKnet Intranet - Zugriff auf Zeitkonten von \u00fcberall | DSK Systems\",\"isPartOf\":{\"@id\":\"https:\\\/\\\/www.dsk.lu\\\/de\\\/#website\"},\"primaryImageOfPage\":{\"@id\":\"https:\\\/\\\/www.dsk.lu\\\/de\\\/produkte\\\/anwesenheitszeit\\\/intranet\\\/dsknet\\\/#primaryimage\"},\"image\":{\"@id\":\"https:\\\/\\\/www.dsk.lu\\\/de\\\/produkte\\\/anwesenheitszeit\\\/intranet\\\/dsknet\\\/#primaryimage\"},\"thumbnailUrl\":\"https:\\\/\\\/www.dsk.lu\\\/wp-content\\\/uploads\\\/2025\\\/02\\\/DSKNet-Presabs-compact-screenshot-800x484-1.png\",\"datePublished\":\"2025-02-28T13:58:08+00:00\",\"dateModified\":\"2025-11-11T13:55:01+00:00\",\"description\":\"Das Intranet DSKnet; mit den meisten Browsern kompatibel erm\u00f6glicht es Ihren Mitarbeitern den Zugriff auf ihre Anwesenheitsdaten von \u00fcberall aus.\",\"breadcrumb\":{\"@id\":\"https:\\\/\\\/www.dsk.lu\\\/de\\\/produkte\\\/anwesenheitszeit\\\/intranet\\\/dsknet\\\/#breadcrumb\"},\"inLanguage\":\"de\",\"potentialAction\":[{\"@type\":\"ReadAction\",\"target\":[\"https:\\\/\\\/www.dsk.lu\\\/de\\\/produkte\\\/anwesenheitszeit\\\/intranet\\\/dsknet\\\/\"]}]},{\"@type\":\"ImageObject\",\"inLanguage\":\"de\",\"@id\":\"https:\\\/\\\/www.dsk.lu\\\/de\\\/produkte\\\/anwesenheitszeit\\\/intranet\\\/dsknet\\\/#primaryimage\",\"url\":\"https:\\\/\\\/www.dsk.lu\\\/wp-content\\\/uploads\\\/2025\\\/02\\\/DSKNet-Presabs-compact-screenshot-800x484-1.png\",\"contentUrl\":\"https:\\\/\\\/www.dsk.lu\\\/wp-content\\\/uploads\\\/2025\\\/02\\\/DSKNet-Presabs-compact-screenshot-800x484-1.png\",\"width\":800,\"height\":484},{\"@type\":\"BreadcrumbList\",\"@id\":\"https:\\\/\\\/www.dsk.lu\\\/de\\\/produkte\\\/anwesenheitszeit\\\/intranet\\\/dsknet\\\/#breadcrumb\",\"itemListElement\":[{\"@type\":\"ListItem\",\"position\":1,\"name\":\"Accueil\",\"item\":\"https:\\\/\\\/www.dsk.lu\\\/de\\\/\"},{\"@type\":\"ListItem\",\"position\":2,\"name\":\"Produkte\",\"item\":\"https:\\\/\\\/www.dsk.lu\\\/de\\\/produkte\\\/\"},{\"@type\":\"ListItem\",\"position\":3,\"name\":\"Zeiterfassung\",\"item\":\"https:\\\/\\\/www.dsk.lu\\\/de\\\/produkte\\\/anwesenheitszeit\\\/\"},{\"@type\":\"ListItem\",\"position\":4,\"name\":\"Intranet\",\"item\":\"https:\\\/\\\/www.dsk.lu\\\/de\\\/produkte\\\/anwesenheitszeit\\\/intranet\\\/\"},{\"@type\":\"ListItem\",\"position\":5,\"name\":\"DSKnet\"}]},{\"@type\":\"WebSite\",\"@id\":\"https:\\\/\\\/www.dsk.lu\\\/de\\\/#website\",\"url\":\"https:\\\/\\\/www.dsk.lu\\\/de\\\/\",\"name\":\"DSK Systems\",\"description\":\"\",\"potentialAction\":[{\"@type\":\"SearchAction\",\"target\":{\"@type\":\"EntryPoint\",\"urlTemplate\":\"https:\\\/\\\/www.dsk.lu\\\/de\\\/?s={search_term_string}\"},\"query-input\":{\"@type\":\"PropertyValueSpecification\",\"valueRequired\":true,\"valueName\":\"search_term_string\"}}],\"inLanguage\":\"de\"}]}<\/script>\r\n<!-- \/ Yoast SEO plugin. -->","yoast_head_json":{"title":"DSKnet Intranet - Zugriff auf Zeitkonten von \u00fcberall | DSK Systems","description":"Das Intranet DSKnet; mit den meisten Browsern kompatibel erm\u00f6glicht es Ihren Mitarbeitern den Zugriff auf ihre Anwesenheitsdaten von \u00fcberall aus.","robots":{"index":"index","follow":"follow","max-snippet":"max-snippet:-1","max-image-preview":"max-image-preview:large","max-video-preview":"max-video-preview:-1"},"canonical":"https:\/\/www.dsk.lu\/de\/produkte\/anwesenheitszeit\/intranet\/dsknet\/","og_locale":"de_DE","og_type":"article","og_title":"DSKnet Intranet - Zugriff auf Zeitkonten von \u00fcberall | DSK Systems","og_description":"Das Intranet DSKnet; mit den meisten Browsern kompatibel erm\u00f6glicht es Ihren Mitarbeitern den Zugriff auf ihre Anwesenheitsdaten von \u00fcberall aus.","og_url":"https:\/\/www.dsk.lu\/de\/produkte\/anwesenheitszeit\/intranet\/dsknet\/","og_site_name":"DSK Systems","article_modified_time":"2025-11-11T13:55:01+00:00","og_image":[{"width":800,"height":484,"url":"https:\/\/www.dsk.lu\/wp-content\/uploads\/2025\/02\/DSKNet-Presabs-compact-screenshot-800x484-1.png","type":"image\/png"}],"twitter_card":"summary_large_image","twitter_misc":{"Gesch\u00e4tzte Lesezeit":"1\u00a0Minute"},"schema":{"@context":"https:\/\/schema.org","@graph":[{"@type":"WebPage","@id":"https:\/\/www.dsk.lu\/de\/produkte\/anwesenheitszeit\/intranet\/dsknet\/","url":"https:\/\/www.dsk.lu\/de\/produkte\/anwesenheitszeit\/intranet\/dsknet\/","name":"DSKnet Intranet - Zugriff auf Zeitkonten von \u00fcberall | DSK Systems","isPartOf":{"@id":"https:\/\/www.dsk.lu\/de\/#website"},"primaryImageOfPage":{"@id":"https:\/\/www.dsk.lu\/de\/produkte\/anwesenheitszeit\/intranet\/dsknet\/#primaryimage"},"image":{"@id":"https:\/\/www.dsk.lu\/de\/produkte\/anwesenheitszeit\/intranet\/dsknet\/#primaryimage"},"thumbnailUrl":"https:\/\/www.dsk.lu\/wp-content\/uploads\/2025\/02\/DSKNet-Presabs-compact-screenshot-800x484-1.png","datePublished":"2025-02-28T13:58:08+00:00","dateModified":"2025-11-11T13:55:01+00:00","description":"Das Intranet DSKnet; mit den meisten Browsern kompatibel erm\u00f6glicht es Ihren Mitarbeitern den Zugriff auf ihre Anwesenheitsdaten von \u00fcberall aus.","breadcrumb":{"@id":"https:\/\/www.dsk.lu\/de\/produkte\/anwesenheitszeit\/intranet\/dsknet\/#breadcrumb"},"inLanguage":"de","potentialAction":[{"@type":"ReadAction","target":["https:\/\/www.dsk.lu\/de\/produkte\/anwesenheitszeit\/intranet\/dsknet\/"]}]},{"@type":"ImageObject","inLanguage":"de","@id":"https:\/\/www.dsk.lu\/de\/produkte\/anwesenheitszeit\/intranet\/dsknet\/#primaryimage","url":"https:\/\/www.dsk.lu\/wp-content\/uploads\/2025\/02\/DSKNet-Presabs-compact-screenshot-800x484-1.png","contentUrl":"https:\/\/www.dsk.lu\/wp-content\/uploads\/2025\/02\/DSKNet-Presabs-compact-screenshot-800x484-1.png","width":800,"height":484},{"@type":"BreadcrumbList","@id":"https:\/\/www.dsk.lu\/de\/produkte\/anwesenheitszeit\/intranet\/dsknet\/#breadcrumb","itemListElement":[{"@type":"ListItem","position":1,"name":"Accueil","item":"https:\/\/www.dsk.lu\/de\/"},{"@type":"ListItem","position":2,"name":"Produkte","item":"https:\/\/www.dsk.lu\/de\/produkte\/"},{"@type":"ListItem","position":3,"name":"Zeiterfassung","item":"https:\/\/www.dsk.lu\/de\/produkte\/anwesenheitszeit\/"},{"@type":"ListItem","position":4,"name":"Intranet","item":"https:\/\/www.dsk.lu\/de\/produkte\/anwesenheitszeit\/intranet\/"},{"@type":"ListItem","position":5,"name":"DSKnet"}]},{"@type":"WebSite","@id":"https:\/\/www.dsk.lu\/de\/#website","url":"https:\/\/www.dsk.lu\/de\/","name":"DSK Systems","description":"","potentialAction":[{"@type":"SearchAction","target":{"@type":"EntryPoint","urlTemplate":"https:\/\/www.dsk.lu\/de\/?s={search_term_string}"},"query-input":{"@type":"PropertyValueSpecification","valueRequired":true,"valueName":"search_term_string"}}],"inLanguage":"de"}]}},"_links":{"self":[{"href":"https:\/\/www.dsk.lu\/de\/wp-json\/wp\/v2\/pages\/687","targetHints":{"allow":["GET"]}}],"collection":[{"href":"https:\/\/www.dsk.lu\/de\/wp-json\/wp\/v2\/pages"}],"about":[{"href":"https:\/\/www.dsk.lu\/de\/wp-json\/wp\/v2\/types\/page"}],"author":[{"embeddable":true,"href":"https:\/\/www.dsk.lu\/de\/wp-json\/wp\/v2\/users\/1"}],"replies":[{"embeddable":true,"href":"https:\/\/www.dsk.lu\/de\/wp-json\/wp\/v2\/comments?post=687"}],"version-history":[{"count":2,"href":"https:\/\/www.dsk.lu\/de\/wp-json\/wp\/v2\/pages\/687\/revisions"}],"predecessor-version":[{"id":689,"href":"https:\/\/www.dsk.lu\/de\/wp-json\/wp\/v2\/pages\/687\/revisions\/689"}],"up":[{"embeddable":true,"href":"https:\/\/www.dsk.lu\/de\/wp-json\/wp\/v2\/pages\/680"}],"wp:featuredmedia":[{"embeddable":true,"href":"https:\/\/www.dsk.lu\/de\/wp-json\/wp\/v2\/media\/511"}],"wp:attachment":[{"href":"https:\/\/www.dsk.lu\/de\/wp-json\/wp\/v2\/media?parent=687"}],"curies":[{"name":"wp","href":"https:\/\/api.w.org\/{rel}","templated":true}]}}