{"id":682,"date":"2025-02-14T16:16:44","date_gmt":"2025-02-14T15:16:44","guid":{"rendered":"https:\/\/www.dsk.lu\/produkte\/anwesenheitszeit\/material\/"},"modified":"2025-11-11T15:22:36","modified_gmt":"2025-11-11T14:22:36","slug":"material","status":"publish","type":"page","link":"https:\/\/www.dsk.lu\/de\/produkte\/anwesenheitszeit\/material\/","title":{"rendered":"Material"},"content":{"rendered":"","protected":false},"excerpt":{"rendered":"","protected":false},"author":7,"featured_media":0,"parent":335,"menu_order":3,"comment_status":"closed","ping_status":"closed","template":"template-product-listing.php","meta":{"_acf_changed":false,"footnotes":""},"class_list":["post-682","page","type-page","status-publish","hentry"],"acf":[],"yoast_head":"<!-- This site is optimized with the Yoast SEO plugin v27.4 - https:\/\/yoast.com\/product\/yoast-seo-wordpress\/ -->\r\n<title>Material f\u00fcr Zeuterfassung | DSK Systems<\/title>\r\n<meta name=\"description\" content=\"Bei DSK Systems bieten wir Ihnen eine vielf\u00e4ltige Auswahl an Stempeluhren und Ger\u00e4ten zur Zeiterfassung, um Ihren Anforderungen gerecht zu werden.\" \/>\r\n<meta name=\"robots\" content=\"index, follow, max-snippet:-1, max-image-preview:large, max-video-preview:-1\" \/>\r\n<link rel=\"canonical\" href=\"https:\/\/www.dsk.lu\/de\/produkte\/anwesenheitszeit\/material\/\" \/>\r\n<meta property=\"og:locale\" content=\"de_DE\" \/>\r\n<meta property=\"og:type\" content=\"article\" \/>\r\n<meta property=\"og:title\" content=\"Material f\u00fcr Zeuterfassung | DSK Systems\" \/>\r\n<meta property=\"og:description\" content=\"Bei DSK Systems bieten wir Ihnen eine vielf\u00e4ltige Auswahl an Stempeluhren und Ger\u00e4ten zur Zeiterfassung, um Ihren Anforderungen gerecht zu werden.\" \/>\r\n<meta property=\"og:url\" content=\"https:\/\/www.dsk.lu\/de\/produkte\/anwesenheitszeit\/material\/\" \/>\r\n<meta property=\"og:site_name\" content=\"DSK Systems\" \/>\r\n<meta property=\"article:modified_time\" content=\"2025-11-11T14:22:36+00:00\" \/>\r\n<meta name=\"twitter:card\" content=\"summary_large_image\" \/>\r\n<script type=\"application\/ld+json\" class=\"yoast-schema-graph\">{\"@context\":\"https:\\\/\\\/schema.org\",\"@graph\":[{\"@type\":\"WebPage\",\"@id\":\"https:\\\/\\\/www.dsk.lu\\\/de\\\/produkte\\\/anwesenheitszeit\\\/material\\\/\",\"url\":\"https:\\\/\\\/www.dsk.lu\\\/de\\\/produkte\\\/anwesenheitszeit\\\/material\\\/\",\"name\":\"Material f\u00fcr Zeuterfassung | DSK Systems\",\"isPartOf\":{\"@id\":\"https:\\\/\\\/www.dsk.lu\\\/de\\\/#website\"},\"datePublished\":\"2025-02-14T15:16:44+00:00\",\"dateModified\":\"2025-11-11T14:22:36+00:00\",\"description\":\"Bei DSK Systems bieten wir Ihnen eine vielf\u00e4ltige Auswahl an Stempeluhren und Ger\u00e4ten zur Zeiterfassung, um Ihren Anforderungen gerecht zu werden.\",\"breadcrumb\":{\"@id\":\"https:\\\/\\\/www.dsk.lu\\\/de\\\/produkte\\\/anwesenheitszeit\\\/material\\\/#breadcrumb\"},\"inLanguage\":\"de\",\"potentialAction\":[{\"@type\":\"ReadAction\",\"target\":[\"https:\\\/\\\/www.dsk.lu\\\/de\\\/produkte\\\/anwesenheitszeit\\\/material\\\/\"]}]},{\"@type\":\"BreadcrumbList\",\"@id\":\"https:\\\/\\\/www.dsk.lu\\\/de\\\/produkte\\\/anwesenheitszeit\\\/material\\\/#breadcrumb\",\"itemListElement\":[{\"@type\":\"ListItem\",\"position\":1,\"name\":\"Accueil\",\"item\":\"https:\\\/\\\/www.dsk.lu\\\/de\\\/\"},{\"@type\":\"ListItem\",\"position\":2,\"name\":\"Produkte\",\"item\":\"https:\\\/\\\/www.dsk.lu\\\/de\\\/produkte\\\/\"},{\"@type\":\"ListItem\",\"position\":3,\"name\":\"Zeiterfassung\",\"item\":\"https:\\\/\\\/www.dsk.lu\\\/de\\\/produkte\\\/anwesenheitszeit\\\/\"},{\"@type\":\"ListItem\",\"position\":4,\"name\":\"Material\"}]},{\"@type\":\"WebSite\",\"@id\":\"https:\\\/\\\/www.dsk.lu\\\/de\\\/#website\",\"url\":\"https:\\\/\\\/www.dsk.lu\\\/de\\\/\",\"name\":\"DSK Systems\",\"description\":\"\",\"potentialAction\":[{\"@type\":\"SearchAction\",\"target\":{\"@type\":\"EntryPoint\",\"urlTemplate\":\"https:\\\/\\\/www.dsk.lu\\\/de\\\/?s={search_term_string}\"},\"query-input\":{\"@type\":\"PropertyValueSpecification\",\"valueRequired\":true,\"valueName\":\"search_term_string\"}}],\"inLanguage\":\"de\"}]}<\/script>\r\n<!-- \/ Yoast SEO plugin. -->","yoast_head_json":{"title":"Material f\u00fcr Zeuterfassung | DSK Systems","description":"Bei DSK Systems bieten wir Ihnen eine vielf\u00e4ltige Auswahl an Stempeluhren und Ger\u00e4ten zur Zeiterfassung, um Ihren Anforderungen gerecht zu werden.","robots":{"index":"index","follow":"follow","max-snippet":"max-snippet:-1","max-image-preview":"max-image-preview:large","max-video-preview":"max-video-preview:-1"},"canonical":"https:\/\/www.dsk.lu\/de\/produkte\/anwesenheitszeit\/material\/","og_locale":"de_DE","og_type":"article","og_title":"Material f\u00fcr Zeuterfassung | DSK Systems","og_description":"Bei DSK Systems bieten wir Ihnen eine vielf\u00e4ltige Auswahl an Stempeluhren und Ger\u00e4ten zur Zeiterfassung, um Ihren Anforderungen gerecht zu werden.","og_url":"https:\/\/www.dsk.lu\/de\/produkte\/anwesenheitszeit\/material\/","og_site_name":"DSK Systems","article_modified_time":"2025-11-11T14:22:36+00:00","twitter_card":"summary_large_image","schema":{"@context":"https:\/\/schema.org","@graph":[{"@type":"WebPage","@id":"https:\/\/www.dsk.lu\/de\/produkte\/anwesenheitszeit\/material\/","url":"https:\/\/www.dsk.lu\/de\/produkte\/anwesenheitszeit\/material\/","name":"Material f\u00fcr Zeuterfassung | DSK Systems","isPartOf":{"@id":"https:\/\/www.dsk.lu\/de\/#website"},"datePublished":"2025-02-14T15:16:44+00:00","dateModified":"2025-11-11T14:22:36+00:00","description":"Bei DSK Systems bieten wir Ihnen eine vielf\u00e4ltige Auswahl an Stempeluhren und Ger\u00e4ten zur Zeiterfassung, um Ihren Anforderungen gerecht zu werden.","breadcrumb":{"@id":"https:\/\/www.dsk.lu\/de\/produkte\/anwesenheitszeit\/material\/#breadcrumb"},"inLanguage":"de","potentialAction":[{"@type":"ReadAction","target":["https:\/\/www.dsk.lu\/de\/produkte\/anwesenheitszeit\/material\/"]}]},{"@type":"BreadcrumbList","@id":"https:\/\/www.dsk.lu\/de\/produkte\/anwesenheitszeit\/material\/#breadcrumb","itemListElement":[{"@type":"ListItem","position":1,"name":"Accueil","item":"https:\/\/www.dsk.lu\/de\/"},{"@type":"ListItem","position":2,"name":"Produkte","item":"https:\/\/www.dsk.lu\/de\/produkte\/"},{"@type":"ListItem","position":3,"name":"Zeiterfassung","item":"https:\/\/www.dsk.lu\/de\/produkte\/anwesenheitszeit\/"},{"@type":"ListItem","position":4,"name":"Material"}]},{"@type":"WebSite","@id":"https:\/\/www.dsk.lu\/de\/#website","url":"https:\/\/www.dsk.lu\/de\/","name":"DSK Systems","description":"","potentialAction":[{"@type":"SearchAction","target":{"@type":"EntryPoint","urlTemplate":"https:\/\/www.dsk.lu\/de\/?s={search_term_string}"},"query-input":{"@type":"PropertyValueSpecification","valueRequired":true,"valueName":"search_term_string"}}],"inLanguage":"de"}]}},"_links":{"self":[{"href":"https:\/\/www.dsk.lu\/de\/wp-json\/wp\/v2\/pages\/682","targetHints":{"allow":["GET"]}}],"collection":[{"href":"https:\/\/www.dsk.lu\/de\/wp-json\/wp\/v2\/pages"}],"about":[{"href":"https:\/\/www.dsk.lu\/de\/wp-json\/wp\/v2\/types\/page"}],"author":[{"embeddable":true,"href":"https:\/\/www.dsk.lu\/de\/wp-json\/wp\/v2\/users\/7"}],"replies":[{"embeddable":true,"href":"https:\/\/www.dsk.lu\/de\/wp-json\/wp\/v2\/comments?post=682"}],"version-history":[{"count":1,"href":"https:\/\/www.dsk.lu\/de\/wp-json\/wp\/v2\/pages\/682\/revisions"}],"predecessor-version":[{"id":1527,"href":"https:\/\/www.dsk.lu\/de\/wp-json\/wp\/v2\/pages\/682\/revisions\/1527"}],"up":[{"embeddable":true,"href":"https:\/\/www.dsk.lu\/de\/wp-json\/wp\/v2\/pages\/335"}],"wp:attachment":[{"href":"https:\/\/www.dsk.lu\/de\/wp-json\/wp\/v2\/media?parent=682"}],"curies":[{"name":"wp","href":"https:\/\/api.w.org\/{rel}","templated":true}]}}