{"id":1466,"date":"2025-11-05T14:45:24","date_gmt":"2025-11-05T13:45:24","guid":{"rendered":"https:\/\/www.dsk.lu\/produkte\/anwesenheitszeit\/material\/datafox-evo-4-3\/"},"modified":"2025-11-11T15:36:17","modified_gmt":"2025-11-11T14:36:17","slug":"datafox-evo-4-3","status":"publish","type":"page","link":"https:\/\/www.dsk.lu\/de\/produkte\/anwesenheitszeit\/material\/datafox-evo-4-3\/","title":{"rendered":"Datafox EVO 4.3"},"content":{"rendered":"<p>Das Terminal EVO 4.3 ist die Referenzoption der Firma Datafox. Mit seinem gro\u00dfen, konfigurierbaren Display und den dedizierten Funktionstasten kann es in allen Konfigurationen verwendet werden. Der Aluminiumrahmen und die kratzfeste Glasfront machen ihn au\u00dferdem sehr widerstandsf\u00e4hig und zuverl\u00e4ssig. Er kann eine breite Palette an Leseger\u00e4ten integrieren, die alle modernen Ausweisformate abdecken, und kann sowohl \u00fcber ein kabelgebundenes Netzwerk als auch \u00fcber WLAN oder Mobiltelefon kommunizieren. Mit einem optionalen Fingerabdruckleser l\u00e4sst sich die Sicherheit bei der Zeiterfassung deutlich erh\u00f6hen. Das Terminal besitzt die Schutzklasse IP 54.<\/p>\n","protected":false},"excerpt":{"rendered":"<p>Das Terminal EVO 4.3 ist die Referenzoption der Firma Datafox. Mit seinem gro\u00dfen, konfigurierbaren Display und den dedizierten Funktionstasten kann es in allen Konfigurationen verwendet werden. Der Aluminiumrahmen und die kratzfeste Glasfront machen ihn au\u00dferdem sehr widerstandsf\u00e4hig und zuverl\u00e4ssig. Er kann eine breite Palette an Leseger\u00e4ten integrieren, die alle modernen Ausweisformate abdecken, und kann sowohl [&hellip;]<\/p>\n","protected":false},"author":4,"featured_media":527,"parent":682,"menu_order":1,"comment_status":"closed","ping_status":"closed","template":"template-product.php","meta":{"_acf_changed":false,"footnotes":""},"class_list":["post-1466","page","type-page","status-publish","has-post-thumbnail","hentry"],"acf":[],"yoast_head":"<!-- This site is optimized with the Yoast SEO plugin v27.4 - https:\/\/yoast.com\/product\/yoast-seo-wordpress\/ -->\r\n<title>Datafox EVO 4.3 - Robustes Terminal | DSK Systems<\/title>\r\n<meta name=\"description\" content=\"Entdecken Sie Datafox EVO 4.3, installiert von DSK Systems: ein elegantes und robustes Zeiterfassungsterminal mit Touchscreen, WLAN uvm.\" \/>\r\n<meta name=\"robots\" content=\"index, follow, max-snippet:-1, max-image-preview:large, max-video-preview:-1\" \/>\r\n<link rel=\"canonical\" href=\"https:\/\/www.dsk.lu\/de\/produkte\/anwesenheitszeit\/material\/datafox-evo-4-3\/\" \/>\r\n<meta property=\"og:locale\" content=\"de_DE\" \/>\r\n<meta property=\"og:type\" content=\"article\" \/>\r\n<meta property=\"og:title\" content=\"Datafox EVO 4.3 - Robustes Terminal | DSK Systems\" \/>\r\n<meta property=\"og:description\" content=\"Entdecken Sie Datafox EVO 4.3, installiert von DSK Systems: ein elegantes und robustes Zeiterfassungsterminal mit Touchscreen, WLAN uvm.\" \/>\r\n<meta property=\"og:url\" content=\"https:\/\/www.dsk.lu\/de\/produkte\/anwesenheitszeit\/material\/datafox-evo-4-3\/\" \/>\r\n<meta property=\"og:site_name\" content=\"DSK Systems\" \/>\r\n<meta property=\"article:modified_time\" content=\"2025-11-11T14:36:17+00:00\" \/>\r\n<meta property=\"og:image\" content=\"https:\/\/www.dsk.lu\/wp-content\/uploads\/2025\/02\/Datafox-EVO-4.3_shadow.png\" \/>\r\n\t<meta property=\"og:image:width\" content=\"413\" \/>\r\n\t<meta property=\"og:image:height\" content=\"696\" \/>\r\n\t<meta property=\"og:image:type\" content=\"image\/png\" \/>\r\n<meta name=\"twitter:card\" content=\"summary_large_image\" \/>\r\n<meta name=\"twitter:label1\" content=\"Gesch\u00e4tzte Lesezeit\" \/>\n\t<meta name=\"twitter:data1\" content=\"1\u00a0Minute\" \/>\r\n<script type=\"application\/ld+json\" class=\"yoast-schema-graph\">{\"@context\":\"https:\\\/\\\/schema.org\",\"@graph\":[{\"@type\":\"WebPage\",\"@id\":\"https:\\\/\\\/www.dsk.lu\\\/de\\\/produkte\\\/anwesenheitszeit\\\/material\\\/datafox-evo-4-3\\\/\",\"url\":\"https:\\\/\\\/www.dsk.lu\\\/de\\\/produkte\\\/anwesenheitszeit\\\/material\\\/datafox-evo-4-3\\\/\",\"name\":\"Datafox EVO 4.3 - Robustes Terminal | DSK Systems\",\"isPartOf\":{\"@id\":\"https:\\\/\\\/www.dsk.lu\\\/de\\\/#website\"},\"primaryImageOfPage\":{\"@id\":\"https:\\\/\\\/www.dsk.lu\\\/de\\\/produkte\\\/anwesenheitszeit\\\/material\\\/datafox-evo-4-3\\\/#primaryimage\"},\"image\":{\"@id\":\"https:\\\/\\\/www.dsk.lu\\\/de\\\/produkte\\\/anwesenheitszeit\\\/material\\\/datafox-evo-4-3\\\/#primaryimage\"},\"thumbnailUrl\":\"https:\\\/\\\/www.dsk.lu\\\/wp-content\\\/uploads\\\/2025\\\/02\\\/Datafox-EVO-4.3_shadow.png\",\"datePublished\":\"2025-11-05T13:45:24+00:00\",\"dateModified\":\"2025-11-11T14:36:17+00:00\",\"description\":\"Entdecken Sie Datafox EVO 4.3, installiert von DSK Systems: ein elegantes und robustes Zeiterfassungsterminal mit Touchscreen, WLAN uvm.\",\"breadcrumb\":{\"@id\":\"https:\\\/\\\/www.dsk.lu\\\/de\\\/produkte\\\/anwesenheitszeit\\\/material\\\/datafox-evo-4-3\\\/#breadcrumb\"},\"inLanguage\":\"de\",\"potentialAction\":[{\"@type\":\"ReadAction\",\"target\":[\"https:\\\/\\\/www.dsk.lu\\\/de\\\/produkte\\\/anwesenheitszeit\\\/material\\\/datafox-evo-4-3\\\/\"]}]},{\"@type\":\"ImageObject\",\"inLanguage\":\"de\",\"@id\":\"https:\\\/\\\/www.dsk.lu\\\/de\\\/produkte\\\/anwesenheitszeit\\\/material\\\/datafox-evo-4-3\\\/#primaryimage\",\"url\":\"https:\\\/\\\/www.dsk.lu\\\/wp-content\\\/uploads\\\/2025\\\/02\\\/Datafox-EVO-4.3_shadow.png\",\"contentUrl\":\"https:\\\/\\\/www.dsk.lu\\\/wp-content\\\/uploads\\\/2025\\\/02\\\/Datafox-EVO-4.3_shadow.png\",\"width\":413,\"height\":696},{\"@type\":\"BreadcrumbList\",\"@id\":\"https:\\\/\\\/www.dsk.lu\\\/de\\\/produkte\\\/anwesenheitszeit\\\/material\\\/datafox-evo-4-3\\\/#breadcrumb\",\"itemListElement\":[{\"@type\":\"ListItem\",\"position\":1,\"name\":\"Accueil\",\"item\":\"https:\\\/\\\/www.dsk.lu\\\/de\\\/\"},{\"@type\":\"ListItem\",\"position\":2,\"name\":\"Produkte\",\"item\":\"https:\\\/\\\/www.dsk.lu\\\/de\\\/produkte\\\/\"},{\"@type\":\"ListItem\",\"position\":3,\"name\":\"Zeiterfassung\",\"item\":\"https:\\\/\\\/www.dsk.lu\\\/de\\\/produkte\\\/anwesenheitszeit\\\/\"},{\"@type\":\"ListItem\",\"position\":4,\"name\":\"Material\",\"item\":\"https:\\\/\\\/www.dsk.lu\\\/de\\\/produkte\\\/anwesenheitszeit\\\/material\\\/\"},{\"@type\":\"ListItem\",\"position\":5,\"name\":\"Datafox EVO 4.3\"}]},{\"@type\":\"WebSite\",\"@id\":\"https:\\\/\\\/www.dsk.lu\\\/de\\\/#website\",\"url\":\"https:\\\/\\\/www.dsk.lu\\\/de\\\/\",\"name\":\"DSK Systems\",\"description\":\"\",\"potentialAction\":[{\"@type\":\"SearchAction\",\"target\":{\"@type\":\"EntryPoint\",\"urlTemplate\":\"https:\\\/\\\/www.dsk.lu\\\/de\\\/?s={search_term_string}\"},\"query-input\":{\"@type\":\"PropertyValueSpecification\",\"valueRequired\":true,\"valueName\":\"search_term_string\"}}],\"inLanguage\":\"de\"}]}<\/script>\r\n<!-- \/ Yoast SEO plugin. -->","yoast_head_json":{"title":"Datafox EVO 4.3 - Robustes Terminal | DSK Systems","description":"Entdecken Sie Datafox EVO 4.3, installiert von DSK Systems: ein elegantes und robustes Zeiterfassungsterminal mit Touchscreen, WLAN uvm.","robots":{"index":"index","follow":"follow","max-snippet":"max-snippet:-1","max-image-preview":"max-image-preview:large","max-video-preview":"max-video-preview:-1"},"canonical":"https:\/\/www.dsk.lu\/de\/produkte\/anwesenheitszeit\/material\/datafox-evo-4-3\/","og_locale":"de_DE","og_type":"article","og_title":"Datafox EVO 4.3 - Robustes Terminal | DSK Systems","og_description":"Entdecken Sie Datafox EVO 4.3, installiert von DSK Systems: ein elegantes und robustes Zeiterfassungsterminal mit Touchscreen, WLAN uvm.","og_url":"https:\/\/www.dsk.lu\/de\/produkte\/anwesenheitszeit\/material\/datafox-evo-4-3\/","og_site_name":"DSK Systems","article_modified_time":"2025-11-11T14:36:17+00:00","og_image":[{"width":413,"height":696,"url":"https:\/\/www.dsk.lu\/wp-content\/uploads\/2025\/02\/Datafox-EVO-4.3_shadow.png","type":"image\/png"}],"twitter_card":"summary_large_image","twitter_misc":{"Gesch\u00e4tzte Lesezeit":"1\u00a0Minute"},"schema":{"@context":"https:\/\/schema.org","@graph":[{"@type":"WebPage","@id":"https:\/\/www.dsk.lu\/de\/produkte\/anwesenheitszeit\/material\/datafox-evo-4-3\/","url":"https:\/\/www.dsk.lu\/de\/produkte\/anwesenheitszeit\/material\/datafox-evo-4-3\/","name":"Datafox EVO 4.3 - Robustes Terminal | DSK Systems","isPartOf":{"@id":"https:\/\/www.dsk.lu\/de\/#website"},"primaryImageOfPage":{"@id":"https:\/\/www.dsk.lu\/de\/produkte\/anwesenheitszeit\/material\/datafox-evo-4-3\/#primaryimage"},"image":{"@id":"https:\/\/www.dsk.lu\/de\/produkte\/anwesenheitszeit\/material\/datafox-evo-4-3\/#primaryimage"},"thumbnailUrl":"https:\/\/www.dsk.lu\/wp-content\/uploads\/2025\/02\/Datafox-EVO-4.3_shadow.png","datePublished":"2025-11-05T13:45:24+00:00","dateModified":"2025-11-11T14:36:17+00:00","description":"Entdecken Sie Datafox EVO 4.3, installiert von DSK Systems: ein elegantes und robustes Zeiterfassungsterminal mit Touchscreen, WLAN uvm.","breadcrumb":{"@id":"https:\/\/www.dsk.lu\/de\/produkte\/anwesenheitszeit\/material\/datafox-evo-4-3\/#breadcrumb"},"inLanguage":"de","potentialAction":[{"@type":"ReadAction","target":["https:\/\/www.dsk.lu\/de\/produkte\/anwesenheitszeit\/material\/datafox-evo-4-3\/"]}]},{"@type":"ImageObject","inLanguage":"de","@id":"https:\/\/www.dsk.lu\/de\/produkte\/anwesenheitszeit\/material\/datafox-evo-4-3\/#primaryimage","url":"https:\/\/www.dsk.lu\/wp-content\/uploads\/2025\/02\/Datafox-EVO-4.3_shadow.png","contentUrl":"https:\/\/www.dsk.lu\/wp-content\/uploads\/2025\/02\/Datafox-EVO-4.3_shadow.png","width":413,"height":696},{"@type":"BreadcrumbList","@id":"https:\/\/www.dsk.lu\/de\/produkte\/anwesenheitszeit\/material\/datafox-evo-4-3\/#breadcrumb","itemListElement":[{"@type":"ListItem","position":1,"name":"Accueil","item":"https:\/\/www.dsk.lu\/de\/"},{"@type":"ListItem","position":2,"name":"Produkte","item":"https:\/\/www.dsk.lu\/de\/produkte\/"},{"@type":"ListItem","position":3,"name":"Zeiterfassung","item":"https:\/\/www.dsk.lu\/de\/produkte\/anwesenheitszeit\/"},{"@type":"ListItem","position":4,"name":"Material","item":"https:\/\/www.dsk.lu\/de\/produkte\/anwesenheitszeit\/material\/"},{"@type":"ListItem","position":5,"name":"Datafox EVO 4.3"}]},{"@type":"WebSite","@id":"https:\/\/www.dsk.lu\/de\/#website","url":"https:\/\/www.dsk.lu\/de\/","name":"DSK Systems","description":"","potentialAction":[{"@type":"SearchAction","target":{"@type":"EntryPoint","urlTemplate":"https:\/\/www.dsk.lu\/de\/?s={search_term_string}"},"query-input":{"@type":"PropertyValueSpecification","valueRequired":true,"valueName":"search_term_string"}}],"inLanguage":"de"}]}},"_links":{"self":[{"href":"https:\/\/www.dsk.lu\/de\/wp-json\/wp\/v2\/pages\/1466","targetHints":{"allow":["GET"]}}],"collection":[{"href":"https:\/\/www.dsk.lu\/de\/wp-json\/wp\/v2\/pages"}],"about":[{"href":"https:\/\/www.dsk.lu\/de\/wp-json\/wp\/v2\/types\/page"}],"author":[{"embeddable":true,"href":"https:\/\/www.dsk.lu\/de\/wp-json\/wp\/v2\/users\/4"}],"replies":[{"embeddable":true,"href":"https:\/\/www.dsk.lu\/de\/wp-json\/wp\/v2\/comments?post=1466"}],"version-history":[{"count":1,"href":"https:\/\/www.dsk.lu\/de\/wp-json\/wp\/v2\/pages\/1466\/revisions"}],"predecessor-version":[{"id":1528,"href":"https:\/\/www.dsk.lu\/de\/wp-json\/wp\/v2\/pages\/1466\/revisions\/1528"}],"up":[{"embeddable":true,"href":"https:\/\/www.dsk.lu\/de\/wp-json\/wp\/v2\/pages\/682"}],"wp:featuredmedia":[{"embeddable":true,"href":"https:\/\/www.dsk.lu\/de\/wp-json\/wp\/v2\/media\/527"}],"wp:attachment":[{"href":"https:\/\/www.dsk.lu\/de\/wp-json\/wp\/v2\/media?parent=1466"}],"curies":[{"name":"wp","href":"https:\/\/api.w.org\/{rel}","templated":true}]}}