{"id":1436,"date":"2025-10-29T10:38:00","date_gmt":"2025-10-29T09:38:00","guid":{"rendered":"https:\/\/www.dsk.lu\/produkte\/anwesenheitszeit\/material\/kaba-b-web-9320\/"},"modified":"2025-11-11T15:11:50","modified_gmt":"2025-11-11T14:11:50","slug":"kaba-b-web-9320","status":"publish","type":"page","link":"https:\/\/www.dsk.lu\/de\/produkte\/anwesenheitszeit\/material\/kaba-b-web-9320\/","title":{"rendered":"Kaba B-web 9320"},"content":{"rendered":"<div class=\"col-1-2 brand-desc\">\n<div class=\"limit-desc overflowing\">\n<p class=\"f16-w400\">Das Terminal B-web 9320 ist die hochwertige und vielseitige L\u00f6sung von Kaba f\u00fcr die Wahrnehmung von Zeiterfassungen. Mit einem grossen, programmierbaren Display und dedizierten Tasten kann es in jeder Situation eingesetzt werden. Das moderne Design mit Glasfront und optionaler numerischer Tastatur ist perfekt f\u00fcr sichtbare und \u00f6ffentlich zug\u00e4ngliche Standorte. Eine PoE-Stromversorgung, die Schutzklasse IP 54 und ein interner Speicher, der die Daten auch bei Stromausfall speichert, machen ihn zu einem ebenso praktischen wie \u00e4sthetischen Ger\u00e4t.<\/p>\n<\/div>\n<\/div>\n","protected":false},"excerpt":{"rendered":"<p>Das Terminal B-web 9320 ist die hochwertige und vielseitige L\u00f6sung von Kaba f\u00fcr die Wahrnehmung von Zeiterfassungen. Mit einem grossen, programmierbaren Display und dedizierten Tasten kann es in jeder Situation eingesetzt werden. Das moderne Design mit Glasfront und optionaler numerischer Tastatur ist perfekt f\u00fcr sichtbare und \u00f6ffentlich zug\u00e4ngliche Standorte. Eine PoE-Stromversorgung, die Schutzklasse IP 54 [&hellip;]<\/p>\n","protected":false},"author":3,"featured_media":533,"parent":682,"menu_order":3,"comment_status":"closed","ping_status":"closed","template":"template-product.php","meta":{"_acf_changed":false,"footnotes":""},"class_list":["post-1436","page","type-page","status-publish","has-post-thumbnail","hentry"],"acf":[],"yoast_head":"<!-- This site is optimized with the Yoast SEO plugin v27.3 - https:\/\/yoast.com\/product\/yoast-seo-wordpress\/ -->\r\n<title>Kaba B-web 9320 - Deisgn Terminal | DSK Systems<\/title>\r\n<meta name=\"description\" content=\"DSK Systems bietet Ihnen Kaba B-web 9320, ein High-End-Terminal mit Touchscreen, RFID-Ausweisen und PoE-Konnektivit\u00e4t. Ideal f\u00fcr modernes Zeitmanagement.\" \/>\r\n<meta name=\"robots\" content=\"index, follow, max-snippet:-1, max-image-preview:large, max-video-preview:-1\" \/>\r\n<link rel=\"canonical\" href=\"https:\/\/www.dsk.lu\/de\/produkte\/anwesenheitszeit\/material\/kaba-b-web-9320\/\" \/>\r\n<meta property=\"og:locale\" content=\"de_DE\" \/>\r\n<meta property=\"og:type\" content=\"article\" \/>\r\n<meta property=\"og:title\" content=\"Kaba B-web 9320 - Deisgn Terminal | DSK Systems\" \/>\r\n<meta property=\"og:description\" content=\"DSK Systems bietet Ihnen Kaba B-web 9320, ein High-End-Terminal mit Touchscreen, RFID-Ausweisen und PoE-Konnektivit\u00e4t. Ideal f\u00fcr modernes Zeitmanagement.\" \/>\r\n<meta property=\"og:url\" content=\"https:\/\/www.dsk.lu\/de\/produkte\/anwesenheitszeit\/material\/kaba-b-web-9320\/\" \/>\r\n<meta property=\"og:site_name\" content=\"DSK Systems\" \/>\r\n<meta property=\"article:modified_time\" content=\"2025-11-11T14:11:50+00:00\" \/>\r\n<meta property=\"og:image\" content=\"https:\/\/www.dsk.lu\/wp-content\/uploads\/2025\/02\/kaba-b-web-800x522-1.png\" \/>\r\n\t<meta property=\"og:image:width\" content=\"800\" \/>\r\n\t<meta property=\"og:image:height\" content=\"522\" \/>\r\n\t<meta property=\"og:image:type\" content=\"image\/png\" \/>\r\n<meta name=\"twitter:card\" content=\"summary_large_image\" \/>\r\n<meta name=\"twitter:label1\" content=\"Gesch\u00e4tzte Lesezeit\" \/>\n\t<meta name=\"twitter:data1\" content=\"1\u00a0Minute\" \/>\r\n<script type=\"application\/ld+json\" class=\"yoast-schema-graph\">{\"@context\":\"https:\\\/\\\/schema.org\",\"@graph\":[{\"@type\":\"WebPage\",\"@id\":\"https:\\\/\\\/www.dsk.lu\\\/de\\\/produkte\\\/anwesenheitszeit\\\/material\\\/kaba-b-web-9320\\\/\",\"url\":\"https:\\\/\\\/www.dsk.lu\\\/de\\\/produkte\\\/anwesenheitszeit\\\/material\\\/kaba-b-web-9320\\\/\",\"name\":\"Kaba B-web 9320 - Deisgn Terminal | DSK Systems\",\"isPartOf\":{\"@id\":\"https:\\\/\\\/www.dsk.lu\\\/de\\\/#website\"},\"primaryImageOfPage\":{\"@id\":\"https:\\\/\\\/www.dsk.lu\\\/de\\\/produkte\\\/anwesenheitszeit\\\/material\\\/kaba-b-web-9320\\\/#primaryimage\"},\"image\":{\"@id\":\"https:\\\/\\\/www.dsk.lu\\\/de\\\/produkte\\\/anwesenheitszeit\\\/material\\\/kaba-b-web-9320\\\/#primaryimage\"},\"thumbnailUrl\":\"https:\\\/\\\/www.dsk.lu\\\/wp-content\\\/uploads\\\/2025\\\/02\\\/kaba-b-web-800x522-1.png\",\"datePublished\":\"2025-10-29T09:38:00+00:00\",\"dateModified\":\"2025-11-11T14:11:50+00:00\",\"description\":\"DSK Systems bietet Ihnen Kaba B-web 9320, ein High-End-Terminal mit Touchscreen, RFID-Ausweisen und PoE-Konnektivit\u00e4t. Ideal f\u00fcr modernes Zeitmanagement.\",\"breadcrumb\":{\"@id\":\"https:\\\/\\\/www.dsk.lu\\\/de\\\/produkte\\\/anwesenheitszeit\\\/material\\\/kaba-b-web-9320\\\/#breadcrumb\"},\"inLanguage\":\"de\",\"potentialAction\":[{\"@type\":\"ReadAction\",\"target\":[\"https:\\\/\\\/www.dsk.lu\\\/de\\\/produkte\\\/anwesenheitszeit\\\/material\\\/kaba-b-web-9320\\\/\"]}]},{\"@type\":\"ImageObject\",\"inLanguage\":\"de\",\"@id\":\"https:\\\/\\\/www.dsk.lu\\\/de\\\/produkte\\\/anwesenheitszeit\\\/material\\\/kaba-b-web-9320\\\/#primaryimage\",\"url\":\"https:\\\/\\\/www.dsk.lu\\\/wp-content\\\/uploads\\\/2025\\\/02\\\/kaba-b-web-800x522-1.png\",\"contentUrl\":\"https:\\\/\\\/www.dsk.lu\\\/wp-content\\\/uploads\\\/2025\\\/02\\\/kaba-b-web-800x522-1.png\",\"width\":800,\"height\":522},{\"@type\":\"BreadcrumbList\",\"@id\":\"https:\\\/\\\/www.dsk.lu\\\/de\\\/produkte\\\/anwesenheitszeit\\\/material\\\/kaba-b-web-9320\\\/#breadcrumb\",\"itemListElement\":[{\"@type\":\"ListItem\",\"position\":1,\"name\":\"Accueil\",\"item\":\"https:\\\/\\\/www.dsk.lu\\\/de\\\/\"},{\"@type\":\"ListItem\",\"position\":2,\"name\":\"Produkte\",\"item\":\"https:\\\/\\\/www.dsk.lu\\\/de\\\/produkte\\\/\"},{\"@type\":\"ListItem\",\"position\":3,\"name\":\"Zeiterfassung\",\"item\":\"https:\\\/\\\/www.dsk.lu\\\/de\\\/produkte\\\/anwesenheitszeit\\\/\"},{\"@type\":\"ListItem\",\"position\":4,\"name\":\"Material\",\"item\":\"https:\\\/\\\/www.dsk.lu\\\/de\\\/produkte\\\/anwesenheitszeit\\\/material\\\/\"},{\"@type\":\"ListItem\",\"position\":5,\"name\":\"Kaba B-web 9320\"}]},{\"@type\":\"WebSite\",\"@id\":\"https:\\\/\\\/www.dsk.lu\\\/de\\\/#website\",\"url\":\"https:\\\/\\\/www.dsk.lu\\\/de\\\/\",\"name\":\"DSK Systems\",\"description\":\"\",\"potentialAction\":[{\"@type\":\"SearchAction\",\"target\":{\"@type\":\"EntryPoint\",\"urlTemplate\":\"https:\\\/\\\/www.dsk.lu\\\/de\\\/?s={search_term_string}\"},\"query-input\":{\"@type\":\"PropertyValueSpecification\",\"valueRequired\":true,\"valueName\":\"search_term_string\"}}],\"inLanguage\":\"de\"}]}<\/script>\r\n<!-- \/ Yoast SEO plugin. -->","yoast_head_json":{"title":"Kaba B-web 9320 - Deisgn Terminal | DSK Systems","description":"DSK Systems bietet Ihnen Kaba B-web 9320, ein High-End-Terminal mit Touchscreen, RFID-Ausweisen und PoE-Konnektivit\u00e4t. Ideal f\u00fcr modernes Zeitmanagement.","robots":{"index":"index","follow":"follow","max-snippet":"max-snippet:-1","max-image-preview":"max-image-preview:large","max-video-preview":"max-video-preview:-1"},"canonical":"https:\/\/www.dsk.lu\/de\/produkte\/anwesenheitszeit\/material\/kaba-b-web-9320\/","og_locale":"de_DE","og_type":"article","og_title":"Kaba B-web 9320 - Deisgn Terminal | DSK Systems","og_description":"DSK Systems bietet Ihnen Kaba B-web 9320, ein High-End-Terminal mit Touchscreen, RFID-Ausweisen und PoE-Konnektivit\u00e4t. Ideal f\u00fcr modernes Zeitmanagement.","og_url":"https:\/\/www.dsk.lu\/de\/produkte\/anwesenheitszeit\/material\/kaba-b-web-9320\/","og_site_name":"DSK Systems","article_modified_time":"2025-11-11T14:11:50+00:00","og_image":[{"width":800,"height":522,"url":"https:\/\/www.dsk.lu\/wp-content\/uploads\/2025\/02\/kaba-b-web-800x522-1.png","type":"image\/png"}],"twitter_card":"summary_large_image","twitter_misc":{"Gesch\u00e4tzte Lesezeit":"1\u00a0Minute"},"schema":{"@context":"https:\/\/schema.org","@graph":[{"@type":"WebPage","@id":"https:\/\/www.dsk.lu\/de\/produkte\/anwesenheitszeit\/material\/kaba-b-web-9320\/","url":"https:\/\/www.dsk.lu\/de\/produkte\/anwesenheitszeit\/material\/kaba-b-web-9320\/","name":"Kaba B-web 9320 - Deisgn Terminal | DSK Systems","isPartOf":{"@id":"https:\/\/www.dsk.lu\/de\/#website"},"primaryImageOfPage":{"@id":"https:\/\/www.dsk.lu\/de\/produkte\/anwesenheitszeit\/material\/kaba-b-web-9320\/#primaryimage"},"image":{"@id":"https:\/\/www.dsk.lu\/de\/produkte\/anwesenheitszeit\/material\/kaba-b-web-9320\/#primaryimage"},"thumbnailUrl":"https:\/\/www.dsk.lu\/wp-content\/uploads\/2025\/02\/kaba-b-web-800x522-1.png","datePublished":"2025-10-29T09:38:00+00:00","dateModified":"2025-11-11T14:11:50+00:00","description":"DSK Systems bietet Ihnen Kaba B-web 9320, ein High-End-Terminal mit Touchscreen, RFID-Ausweisen und PoE-Konnektivit\u00e4t. Ideal f\u00fcr modernes Zeitmanagement.","breadcrumb":{"@id":"https:\/\/www.dsk.lu\/de\/produkte\/anwesenheitszeit\/material\/kaba-b-web-9320\/#breadcrumb"},"inLanguage":"de","potentialAction":[{"@type":"ReadAction","target":["https:\/\/www.dsk.lu\/de\/produkte\/anwesenheitszeit\/material\/kaba-b-web-9320\/"]}]},{"@type":"ImageObject","inLanguage":"de","@id":"https:\/\/www.dsk.lu\/de\/produkte\/anwesenheitszeit\/material\/kaba-b-web-9320\/#primaryimage","url":"https:\/\/www.dsk.lu\/wp-content\/uploads\/2025\/02\/kaba-b-web-800x522-1.png","contentUrl":"https:\/\/www.dsk.lu\/wp-content\/uploads\/2025\/02\/kaba-b-web-800x522-1.png","width":800,"height":522},{"@type":"BreadcrumbList","@id":"https:\/\/www.dsk.lu\/de\/produkte\/anwesenheitszeit\/material\/kaba-b-web-9320\/#breadcrumb","itemListElement":[{"@type":"ListItem","position":1,"name":"Accueil","item":"https:\/\/www.dsk.lu\/de\/"},{"@type":"ListItem","position":2,"name":"Produkte","item":"https:\/\/www.dsk.lu\/de\/produkte\/"},{"@type":"ListItem","position":3,"name":"Zeiterfassung","item":"https:\/\/www.dsk.lu\/de\/produkte\/anwesenheitszeit\/"},{"@type":"ListItem","position":4,"name":"Material","item":"https:\/\/www.dsk.lu\/de\/produkte\/anwesenheitszeit\/material\/"},{"@type":"ListItem","position":5,"name":"Kaba B-web 9320"}]},{"@type":"WebSite","@id":"https:\/\/www.dsk.lu\/de\/#website","url":"https:\/\/www.dsk.lu\/de\/","name":"DSK Systems","description":"","potentialAction":[{"@type":"SearchAction","target":{"@type":"EntryPoint","urlTemplate":"https:\/\/www.dsk.lu\/de\/?s={search_term_string}"},"query-input":{"@type":"PropertyValueSpecification","valueRequired":true,"valueName":"search_term_string"}}],"inLanguage":"de"}]}},"_links":{"self":[{"href":"https:\/\/www.dsk.lu\/de\/wp-json\/wp\/v2\/pages\/1436","targetHints":{"allow":["GET"]}}],"collection":[{"href":"https:\/\/www.dsk.lu\/de\/wp-json\/wp\/v2\/pages"}],"about":[{"href":"https:\/\/www.dsk.lu\/de\/wp-json\/wp\/v2\/types\/page"}],"author":[{"embeddable":true,"href":"https:\/\/www.dsk.lu\/de\/wp-json\/wp\/v2\/users\/3"}],"replies":[{"embeddable":true,"href":"https:\/\/www.dsk.lu\/de\/wp-json\/wp\/v2\/comments?post=1436"}],"version-history":[{"count":1,"href":"https:\/\/www.dsk.lu\/de\/wp-json\/wp\/v2\/pages\/1436\/revisions"}],"predecessor-version":[{"id":1525,"href":"https:\/\/www.dsk.lu\/de\/wp-json\/wp\/v2\/pages\/1436\/revisions\/1525"}],"up":[{"embeddable":true,"href":"https:\/\/www.dsk.lu\/de\/wp-json\/wp\/v2\/pages\/682"}],"wp:featuredmedia":[{"embeddable":true,"href":"https:\/\/www.dsk.lu\/de\/wp-json\/wp\/v2\/media\/533"}],"wp:attachment":[{"href":"https:\/\/www.dsk.lu\/de\/wp-json\/wp\/v2\/media?parent=1436"}],"curies":[{"name":"wp","href":"https:\/\/api.w.org\/{rel}","templated":true}]}}